{"id":1084,"date":"2025-06-06T02:47:45","date_gmt":"2025-06-06T02:47:45","guid":{"rendered":"http:\/\/www.jewelrystayone.com\/?post_type=product&#038;p=1084"},"modified":"2025-06-21T05:58:18","modified_gmt":"2025-06-21T05:58:18","slug":"double-sided-exquisitely-carved-green-jade-guan-gong-jade-pendant-and-eighteen-arhats-necklace","status":"publish","type":"product","link":"https:\/\/www.jewelrystayone.com\/de\/product\/double-sided-exquisitely-carved-green-jade-guan-gong-jade-pendant-and-eighteen-arhats-necklace\/","title":{"rendered":"Beidseitiger, exquisit geschnitzter Anh\u00e4nger aus gr\u00fcner Jade, Guan Gong, und Halskette aus achtzehn Arhats"},"content":{"rendered":"","protected":false},"excerpt":{"rendered":"<p>1. Wohlstandsgewinne, dauerhafte Leistung und florierende Gesch\u00e4fte<br \/>\nGuan Gong ist der bevorzugte Gott des Reichtums unter Kaufleuten. Gesch\u00e4ftsleute, die im Verkauf, in der Finanzverwaltung und in anderen Bereichen t\u00e4tig sind, w\u00e4hlen Guan Gong-Anh\u00e4nger im nat\u00fcrlichen Stil, um sie jederzeit zu tragen.<br \/>\n2. Pingping, geh sicher weg.<br \/>\nGuan Gongs Augen strotzten vor Vitalit\u00e4t. Sein Gesicht war feierlich und er hielt eine Sichelklinge des Gr\u00fcnen Drachen in der Hand. Ein Pluspunkt f\u00fcr Pingpings Sicherheit und Schutz.<br \/>\n3. Liebe und Gerechtigkeit, fester Glaube<br \/>\nGuan Gong sch\u00e4tzte sein ganzes Leben lang Liebe und Rechtschaffenheit und stellte Loyalit\u00e4t, kindliche Fr\u00f6mmigkeit, Wohlwollen und Rechtschaffenheit an die erste Stelle in seinem Leben. Ehrlichkeit, Gerechtigkeit, Loyalit\u00e4t und Rechtschaffenheit.<\/p>","protected":false},"featured_media":1092,"template":"","meta":[],"product_cat":[15],"product_tag":[],"class_list":["post-1084","product","type-product","status-publish","has-post-thumbnail","hentry","product_cat-high-end-jadeite-2"],"yoast_head":"<!-- This site is optimized with the Yoast SEO plugin v25.3 - https:\/\/yoast.com\/wordpress\/plugins\/seo\/ -->\n<title>Double-sided exquisitely carved green jade Guan Gong jade pendant and Eighteen Arhats necklace - Jewelrystayone<\/title>\n<meta name=\"robots\" content=\"index, follow, max-snippet:-1, max-image-preview:large, max-video-preview:-1\" \/>\n<link rel=\"canonical\" href=\"https:\/\/www.jewelrystayone.com\/de\/produkt\/double-sided-exquisitely-carved-green-jade-guan-gong-jade-pendant-and-eighteen-arhats-necklace\/\" \/>\n<meta property=\"og:locale\" content=\"de_DE\" \/>\n<meta property=\"og:type\" content=\"article\" \/>\n<meta property=\"og:title\" content=\"Double-sided exquisitely carved green jade Guan Gong jade pendant and Eighteen Arhats necklace - Jewelrystayone\" \/>\n<meta property=\"og:description\" content=\"1. Wealth gains, long-lasting performance, and prosperous business Guan Gong is the favorite god of wealth among merchants. Business people engaged in sales, financial management and other related work will choose natural style Guan Gong pendants to wear at any time. 2. Pingping, go away safely. Guan Gong&#039;s eyes were brimming with vitality. His face was solemn and he held a Green Dragon Crescent Blade in his hand. Add points to Pingping&#039;s safety and safety. 3. Love and justice, firm belief Guan Gong valued love and righteousness throughout his life, putting loyalty, filial piety, benevolence and righteousness first in his life. Honesty, justice, loyalty and righteousness.\" \/>\n<meta property=\"og:url\" content=\"https:\/\/www.jewelrystayone.com\/de\/produkt\/double-sided-exquisitely-carved-green-jade-guan-gong-jade-pendant-and-eighteen-arhats-necklace\/\" \/>\n<meta property=\"og:site_name\" content=\"Jewelrystayone\" \/>\n<meta property=\"article:modified_time\" content=\"2025-06-21T05:58:18+00:00\" \/>\n<meta property=\"og:image\" content=\"https:\/\/www.jewelrystayone.com\/wp-content\/uploads\/2025\/06\/10001-1.jpg\" \/>\n\t<meta property=\"og:image:width\" content=\"800\" \/>\n\t<meta property=\"og:image:height\" content=\"800\" \/>\n\t<meta property=\"og:image:type\" content=\"image\/jpeg\" \/>\n<meta name=\"twitter:card\" content=\"summary_large_image\" \/>\n<meta name=\"twitter:label1\" content=\"Gesch\u00e4tzte Lesezeit\" \/>\n\t<meta name=\"twitter:data1\" content=\"1\u00a0Minute\" \/>\n<script type=\"application\/ld+json\" class=\"yoast-schema-graph\">{\"@context\":\"https:\/\/schema.org\",\"@graph\":[{\"@type\":\"WebPage\",\"@id\":\"https:\/\/www.jewelrystayone.com\/product\/double-sided-exquisitely-carved-green-jade-guan-gong-jade-pendant-and-eighteen-arhats-necklace\/\",\"url\":\"https:\/\/www.jewelrystayone.com\/product\/double-sided-exquisitely-carved-green-jade-guan-gong-jade-pendant-and-eighteen-arhats-necklace\/\",\"name\":\"Double-sided exquisitely carved green jade Guan Gong jade pendant and Eighteen Arhats necklace - Jewelrystayone\",\"isPartOf\":{\"@id\":\"https:\/\/www.jewelrystayone.com\/ru\/#website\"},\"primaryImageOfPage\":{\"@id\":\"https:\/\/www.jewelrystayone.com\/product\/double-sided-exquisitely-carved-green-jade-guan-gong-jade-pendant-and-eighteen-arhats-necklace\/#primaryimage\"},\"image\":{\"@id\":\"https:\/\/www.jewelrystayone.com\/product\/double-sided-exquisitely-carved-green-jade-guan-gong-jade-pendant-and-eighteen-arhats-necklace\/#primaryimage\"},\"thumbnailUrl\":\"https:\/\/www.jewelrystayone.com\/wp-content\/uploads\/2025\/06\/10001-1.jpg\",\"datePublished\":\"2025-06-06T02:47:45+00:00\",\"dateModified\":\"2025-06-21T05:58:18+00:00\",\"breadcrumb\":{\"@id\":\"https:\/\/www.jewelrystayone.com\/product\/double-sided-exquisitely-carved-green-jade-guan-gong-jade-pendant-and-eighteen-arhats-necklace\/#breadcrumb\"},\"inLanguage\":\"de\",\"potentialAction\":[{\"@type\":\"ReadAction\",\"target\":[\"https:\/\/www.jewelrystayone.com\/product\/double-sided-exquisitely-carved-green-jade-guan-gong-jade-pendant-and-eighteen-arhats-necklace\/\"]}]},{\"@type\":\"ImageObject\",\"inLanguage\":\"de\",\"@id\":\"https:\/\/www.jewelrystayone.com\/product\/double-sided-exquisitely-carved-green-jade-guan-gong-jade-pendant-and-eighteen-arhats-necklace\/#primaryimage\",\"url\":\"https:\/\/www.jewelrystayone.com\/wp-content\/uploads\/2025\/06\/10001-1.jpg\",\"contentUrl\":\"https:\/\/www.jewelrystayone.com\/wp-content\/uploads\/2025\/06\/10001-1.jpg\",\"width\":800,\"height\":800},{\"@type\":\"BreadcrumbList\",\"@id\":\"https:\/\/www.jewelrystayone.com\/product\/double-sided-exquisitely-carved-green-jade-guan-gong-jade-pendant-and-eighteen-arhats-necklace\/#breadcrumb\",\"itemListElement\":[{\"@type\":\"ListItem\",\"position\":1,\"name\":\"\u9996\u9875\",\"item\":\"https:\/\/www.jewelrystayone.com\/fr\/\"},{\"@type\":\"ListItem\",\"position\":2,\"name\":\"Shop\",\"item\":\"https:\/\/www.jewelrystayone.com\/es\/shop\/\"},{\"@type\":\"ListItem\",\"position\":3,\"name\":\"Double-sided exquisitely carved green jade Guan Gong jade pendant and Eighteen Arhats necklace\"}]},{\"@type\":\"WebSite\",\"@id\":\"https:\/\/www.jewelrystayone.com\/ru\/#website\",\"url\":\"https:\/\/www.jewelrystayone.com\/ru\/\",\"name\":\"Jewelrystayone\",\"description\":\"\",\"publisher\":{\"@id\":\"https:\/\/www.jewelrystayone.com\/ru\/#\/schema\/person\/01db54116eb815cce40511147c5b6f8a\"},\"potentialAction\":[{\"@type\":\"SearchAction\",\"target\":{\"@type\":\"EntryPoint\",\"urlTemplate\":\"https:\/\/www.jewelrystayone.com\/ru\/?s={search_term_string}\"},\"query-input\":{\"@type\":\"PropertyValueSpecification\",\"valueRequired\":true,\"valueName\":\"search_term_string\"}}],\"inLanguage\":\"de\"},{\"@type\":[\"Person\",\"Organization\"],\"@id\":\"https:\/\/www.jewelrystayone.com\/ru\/#\/schema\/person\/01db54116eb815cce40511147c5b6f8a\",\"name\":\"stayone\",\"image\":{\"@type\":\"ImageObject\",\"inLanguage\":\"de\",\"@id\":\"https:\/\/www.jewelrystayone.com\/ru\/#\/schema\/person\/image\/\",\"url\":\"https:\/\/www.jewelrystayone.com\/wp-content\/uploads\/2025\/06\/\u5934\u50cflogo.jpg\",\"contentUrl\":\"https:\/\/www.jewelrystayone.com\/wp-content\/uploads\/2025\/06\/\u5934\u50cflogo.jpg\",\"width\":512,\"height\":512,\"caption\":\"stayone\"},\"logo\":{\"@id\":\"https:\/\/www.jewelrystayone.com\/ru\/#\/schema\/person\/image\/\"}}]}<\/script>\n<!-- \/ Yoast SEO plugin. -->","yoast_head_json":{"title":"Double-sided exquisitely carved green jade Guan Gong jade pendant and Eighteen Arhats necklace - Jewelrystayone","robots":{"index":"index","follow":"follow","max-snippet":"max-snippet:-1","max-image-preview":"max-image-preview:large","max-video-preview":"max-video-preview:-1"},"canonical":"https:\/\/www.jewelrystayone.com\/de\/produkt\/double-sided-exquisitely-carved-green-jade-guan-gong-jade-pendant-and-eighteen-arhats-necklace\/","og_locale":"de_DE","og_type":"article","og_title":"Double-sided exquisitely carved green jade Guan Gong jade pendant and Eighteen Arhats necklace - Jewelrystayone","og_description":"1. Wealth gains, long-lasting performance, and prosperous business Guan Gong is the favorite god of wealth among merchants. Business people engaged in sales, financial management and other related work will choose natural style Guan Gong pendants to wear at any time. 2. Pingping, go away safely. Guan Gong's eyes were brimming with vitality. His face was solemn and he held a Green Dragon Crescent Blade in his hand. Add points to Pingping's safety and safety. 3. Love and justice, firm belief Guan Gong valued love and righteousness throughout his life, putting loyalty, filial piety, benevolence and righteousness first in his life. Honesty, justice, loyalty and righteousness.","og_url":"https:\/\/www.jewelrystayone.com\/de\/produkt\/double-sided-exquisitely-carved-green-jade-guan-gong-jade-pendant-and-eighteen-arhats-necklace\/","og_site_name":"Jewelrystayone","article_modified_time":"2025-06-21T05:58:18+00:00","og_image":[{"width":800,"height":800,"url":"https:\/\/www.jewelrystayone.com\/wp-content\/uploads\/2025\/06\/10001-1.jpg","type":"image\/jpeg"}],"twitter_card":"summary_large_image","twitter_misc":{"Gesch\u00e4tzte Lesezeit":"1\u00a0Minute"},"schema":{"@context":"https:\/\/schema.org","@graph":[{"@type":"WebPage","@id":"https:\/\/www.jewelrystayone.com\/product\/double-sided-exquisitely-carved-green-jade-guan-gong-jade-pendant-and-eighteen-arhats-necklace\/","url":"https:\/\/www.jewelrystayone.com\/product\/double-sided-exquisitely-carved-green-jade-guan-gong-jade-pendant-and-eighteen-arhats-necklace\/","name":"Double-sided exquisitely carved green jade Guan Gong jade pendant and Eighteen Arhats necklace - Jewelrystayone","isPartOf":{"@id":"https:\/\/www.jewelrystayone.com\/ru\/#website"},"primaryImageOfPage":{"@id":"https:\/\/www.jewelrystayone.com\/product\/double-sided-exquisitely-carved-green-jade-guan-gong-jade-pendant-and-eighteen-arhats-necklace\/#primaryimage"},"image":{"@id":"https:\/\/www.jewelrystayone.com\/product\/double-sided-exquisitely-carved-green-jade-guan-gong-jade-pendant-and-eighteen-arhats-necklace\/#primaryimage"},"thumbnailUrl":"https:\/\/www.jewelrystayone.com\/wp-content\/uploads\/2025\/06\/10001-1.jpg","datePublished":"2025-06-06T02:47:45+00:00","dateModified":"2025-06-21T05:58:18+00:00","breadcrumb":{"@id":"https:\/\/www.jewelrystayone.com\/product\/double-sided-exquisitely-carved-green-jade-guan-gong-jade-pendant-and-eighteen-arhats-necklace\/#breadcrumb"},"inLanguage":"de","potentialAction":[{"@type":"ReadAction","target":["https:\/\/www.jewelrystayone.com\/product\/double-sided-exquisitely-carved-green-jade-guan-gong-jade-pendant-and-eighteen-arhats-necklace\/"]}]},{"@type":"ImageObject","inLanguage":"de","@id":"https:\/\/www.jewelrystayone.com\/product\/double-sided-exquisitely-carved-green-jade-guan-gong-jade-pendant-and-eighteen-arhats-necklace\/#primaryimage","url":"https:\/\/www.jewelrystayone.com\/wp-content\/uploads\/2025\/06\/10001-1.jpg","contentUrl":"https:\/\/www.jewelrystayone.com\/wp-content\/uploads\/2025\/06\/10001-1.jpg","width":800,"height":800},{"@type":"BreadcrumbList","@id":"https:\/\/www.jewelrystayone.com\/product\/double-sided-exquisitely-carved-green-jade-guan-gong-jade-pendant-and-eighteen-arhats-necklace\/#breadcrumb","itemListElement":[{"@type":"ListItem","position":1,"name":"\u9996\u9875","item":"https:\/\/www.jewelrystayone.com\/fr\/"},{"@type":"ListItem","position":2,"name":"Shop","item":"https:\/\/www.jewelrystayone.com\/es\/shop\/"},{"@type":"ListItem","position":3,"name":"Double-sided exquisitely carved green jade Guan Gong jade pendant and Eighteen Arhats necklace"}]},{"@type":"WebSite","@id":"https:\/\/www.jewelrystayone.com\/ru\/#website","url":"https:\/\/www.jewelrystayone.com\/ru\/","name":"Jewelrystayone","description":"","publisher":{"@id":"https:\/\/www.jewelrystayone.com\/ru\/#\/schema\/person\/01db54116eb815cce40511147c5b6f8a"},"potentialAction":[{"@type":"SearchAction","target":{"@type":"EntryPoint","urlTemplate":"https:\/\/www.jewelrystayone.com\/ru\/?s={search_term_string}"},"query-input":{"@type":"PropertyValueSpecification","valueRequired":true,"valueName":"search_term_string"}}],"inLanguage":"de"},{"@type":["Person","Organization"],"@id":"https:\/\/www.jewelrystayone.com\/ru\/#\/schema\/person\/01db54116eb815cce40511147c5b6f8a","name":"stayone","image":{"@type":"ImageObject","inLanguage":"de","@id":"https:\/\/www.jewelrystayone.com\/ru\/#\/schema\/person\/image\/","url":"https:\/\/www.jewelrystayone.com\/wp-content\/uploads\/2025\/06\/\u5934\u50cflogo.jpg","contentUrl":"https:\/\/www.jewelrystayone.com\/wp-content\/uploads\/2025\/06\/\u5934\u50cflogo.jpg","width":512,"height":512,"caption":"stayone"},"logo":{"@id":"https:\/\/www.jewelrystayone.com\/ru\/#\/schema\/person\/image\/"}}]}},"_links":{"self":[{"href":"https:\/\/www.jewelrystayone.com\/de\/wp-json\/wp\/v2\/product\/1084","targetHints":{"allow":["GET"]}}],"collection":[{"href":"https:\/\/www.jewelrystayone.com\/de\/wp-json\/wp\/v2\/product"}],"about":[{"href":"https:\/\/www.jewelrystayone.com\/de\/wp-json\/wp\/v2\/types\/product"}],"wp:featuredmedia":[{"embeddable":true,"href":"https:\/\/www.jewelrystayone.com\/de\/wp-json\/wp\/v2\/media\/1092"}],"wp:attachment":[{"href":"https:\/\/www.jewelrystayone.com\/de\/wp-json\/wp\/v2\/media?parent=1084"}],"wp:term":[{"taxonomy":"product_cat","embeddable":true,"href":"https:\/\/www.jewelrystayone.com\/de\/wp-json\/wp\/v2\/product_cat?post=1084"},{"taxonomy":"product_tag","embeddable":true,"href":"https:\/\/www.jewelrystayone.com\/de\/wp-json\/wp\/v2\/product_tag?post=1084"}],"curies":[{"name":"wp","href":"https:\/\/api.w.org\/{rel}","templated":true}]}}