{"id":1111,"date":"2025-06-06T03:15:56","date_gmt":"2025-06-06T03:15:56","guid":{"rendered":"http:\/\/www.jewelrystayone.com\/?post_type=product&#038;p=1111"},"modified":"2025-06-21T05:57:32","modified_gmt":"2025-06-21T05:57:32","slug":"natural-a-grade-jade-guanyin-pendant-mens-large-style-ice-glutinous-jade-pendant-pendant-necklace-jewelry-and-jade","status":"publish","type":"product","link":"https:\/\/www.jewelrystayone.com\/de\/product\/natural-a-grade-jade-guanyin-pendant-mens-large-style-ice-glutinous-jade-pendant-pendant-necklace-jewelry-and-jade\/","title":{"rendered":"Nat\u00fcrliche A-grade Jade Guanyin Anh\u00e4nger, M\u00e4nner gro\u00dfen Stil Eis klebrige Jade Anh\u00e4nger, Anh\u00e4nger, Halskette, Schmuck und Jade"},"content":{"rendered":"","protected":false},"excerpt":{"rendered":"<p>Im Buddhismus gilt Guanyin Bodhisattva als ein Bodhisattva, der Leben rettet und Verwundete heilt und alle Lebewesen rettet. Sie kann Ungl\u00fcck in Segen, Ungl\u00fcck in Gl\u00fcck und Ungl\u00fcck in Gl\u00fcck verwandeln. Das Tragen eines Guanyin-Bodhisattva aus Jade symbolisiert die Abwehr des B\u00f6sen und die Beseitigung von Katastrophen.<\/p>","protected":false},"featured_media":1113,"template":"","meta":[],"product_cat":[15],"product_tag":[],"class_list":["post-1111","product","type-product","status-publish","has-post-thumbnail","hentry","product_cat-high-end-jadeite-2"],"yoast_head":"<!-- This site is optimized with the Yoast SEO plugin v25.3 - https:\/\/yoast.com\/wordpress\/plugins\/seo\/ -->\n<title>Natural A-grade jade Guanyin pendant, men&#039;s large style ice glutinous jade pendant, pendant, necklace, jewelry and jade - Jewelrystayone<\/title>\n<meta name=\"robots\" content=\"index, follow, max-snippet:-1, max-image-preview:large, max-video-preview:-1\" \/>\n<link rel=\"canonical\" href=\"https:\/\/www.jewelrystayone.com\/de\/produkt\/natural-a-grade-jade-guanyin-pendant-mens-large-style-ice-glutinous-jade-pendant-pendant-necklace-jewelry-and-jade\/\" \/>\n<meta property=\"og:locale\" content=\"de_DE\" \/>\n<meta property=\"og:type\" content=\"article\" \/>\n<meta property=\"og:title\" content=\"Natural A-grade jade Guanyin pendant, men&#039;s large style ice glutinous jade pendant, pendant, necklace, jewelry and jade - Jewelrystayone\" \/>\n<meta property=\"og:description\" content=\"In Buddhism, Guanyin Bodhisattva is regarded as a Bodhisattva who saves lives and heals the wounded, and saves all living beings. She can turn misfortune into blessing, misfortune into good fortune, and turn misfortune into good fortune. Wearing a jade Guanyin Bodhisattva symbolizes warding off evil and eliminating disasters\" \/>\n<meta property=\"og:url\" content=\"https:\/\/www.jewelrystayone.com\/de\/produkt\/natural-a-grade-jade-guanyin-pendant-mens-large-style-ice-glutinous-jade-pendant-pendant-necklace-jewelry-and-jade\/\" \/>\n<meta property=\"og:site_name\" content=\"Jewelrystayone\" \/>\n<meta property=\"article:modified_time\" content=\"2025-06-21T05:57:32+00:00\" \/>\n<meta property=\"og:image\" content=\"https:\/\/www.jewelrystayone.com\/wp-content\/uploads\/2025\/06\/10001-3.jpg\" \/>\n\t<meta property=\"og:image:width\" content=\"800\" \/>\n\t<meta property=\"og:image:height\" content=\"800\" \/>\n\t<meta property=\"og:image:type\" content=\"image\/jpeg\" \/>\n<meta name=\"twitter:card\" content=\"summary_large_image\" \/>\n<meta name=\"twitter:label1\" content=\"Gesch\u00e4tzte Lesezeit\" \/>\n\t<meta name=\"twitter:data1\" content=\"1\u00a0Minute\" \/>\n<script type=\"application\/ld+json\" class=\"yoast-schema-graph\">{\"@context\":\"https:\/\/schema.org\",\"@graph\":[{\"@type\":\"WebPage\",\"@id\":\"https:\/\/www.jewelrystayone.com\/product\/natural-a-grade-jade-guanyin-pendant-mens-large-style-ice-glutinous-jade-pendant-pendant-necklace-jewelry-and-jade\/\",\"url\":\"https:\/\/www.jewelrystayone.com\/product\/natural-a-grade-jade-guanyin-pendant-mens-large-style-ice-glutinous-jade-pendant-pendant-necklace-jewelry-and-jade\/\",\"name\":\"Natural A-grade jade Guanyin pendant, men's large style ice glutinous jade pendant, pendant, necklace, jewelry and jade - Jewelrystayone\",\"isPartOf\":{\"@id\":\"https:\/\/www.jewelrystayone.com\/ru\/#website\"},\"primaryImageOfPage\":{\"@id\":\"https:\/\/www.jewelrystayone.com\/product\/natural-a-grade-jade-guanyin-pendant-mens-large-style-ice-glutinous-jade-pendant-pendant-necklace-jewelry-and-jade\/#primaryimage\"},\"image\":{\"@id\":\"https:\/\/www.jewelrystayone.com\/product\/natural-a-grade-jade-guanyin-pendant-mens-large-style-ice-glutinous-jade-pendant-pendant-necklace-jewelry-and-jade\/#primaryimage\"},\"thumbnailUrl\":\"https:\/\/www.jewelrystayone.com\/wp-content\/uploads\/2025\/06\/10001-3.jpg\",\"datePublished\":\"2025-06-06T03:15:56+00:00\",\"dateModified\":\"2025-06-21T05:57:32+00:00\",\"breadcrumb\":{\"@id\":\"https:\/\/www.jewelrystayone.com\/product\/natural-a-grade-jade-guanyin-pendant-mens-large-style-ice-glutinous-jade-pendant-pendant-necklace-jewelry-and-jade\/#breadcrumb\"},\"inLanguage\":\"de\",\"potentialAction\":[{\"@type\":\"ReadAction\",\"target\":[\"https:\/\/www.jewelrystayone.com\/product\/natural-a-grade-jade-guanyin-pendant-mens-large-style-ice-glutinous-jade-pendant-pendant-necklace-jewelry-and-jade\/\"]}]},{\"@type\":\"ImageObject\",\"inLanguage\":\"de\",\"@id\":\"https:\/\/www.jewelrystayone.com\/product\/natural-a-grade-jade-guanyin-pendant-mens-large-style-ice-glutinous-jade-pendant-pendant-necklace-jewelry-and-jade\/#primaryimage\",\"url\":\"https:\/\/www.jewelrystayone.com\/wp-content\/uploads\/2025\/06\/10001-3.jpg\",\"contentUrl\":\"https:\/\/www.jewelrystayone.com\/wp-content\/uploads\/2025\/06\/10001-3.jpg\",\"width\":800,\"height\":800},{\"@type\":\"BreadcrumbList\",\"@id\":\"https:\/\/www.jewelrystayone.com\/product\/natural-a-grade-jade-guanyin-pendant-mens-large-style-ice-glutinous-jade-pendant-pendant-necklace-jewelry-and-jade\/#breadcrumb\",\"itemListElement\":[{\"@type\":\"ListItem\",\"position\":1,\"name\":\"\u9996\u9875\",\"item\":\"https:\/\/www.jewelrystayone.com\/fr\/\"},{\"@type\":\"ListItem\",\"position\":2,\"name\":\"Shop\",\"item\":\"https:\/\/www.jewelrystayone.com\/es\/shop\/\"},{\"@type\":\"ListItem\",\"position\":3,\"name\":\"Natural A-grade jade Guanyin pendant, men&#8217;s large style ice glutinous jade pendant, pendant, necklace, jewelry and jade\"}]},{\"@type\":\"WebSite\",\"@id\":\"https:\/\/www.jewelrystayone.com\/ru\/#website\",\"url\":\"https:\/\/www.jewelrystayone.com\/ru\/\",\"name\":\"Jewelrystayone\",\"description\":\"\",\"publisher\":{\"@id\":\"https:\/\/www.jewelrystayone.com\/ru\/#\/schema\/person\/01db54116eb815cce40511147c5b6f8a\"},\"potentialAction\":[{\"@type\":\"SearchAction\",\"target\":{\"@type\":\"EntryPoint\",\"urlTemplate\":\"https:\/\/www.jewelrystayone.com\/ru\/?s={search_term_string}\"},\"query-input\":{\"@type\":\"PropertyValueSpecification\",\"valueRequired\":true,\"valueName\":\"search_term_string\"}}],\"inLanguage\":\"de\"},{\"@type\":[\"Person\",\"Organization\"],\"@id\":\"https:\/\/www.jewelrystayone.com\/ru\/#\/schema\/person\/01db54116eb815cce40511147c5b6f8a\",\"name\":\"stayone\",\"image\":{\"@type\":\"ImageObject\",\"inLanguage\":\"de\",\"@id\":\"https:\/\/www.jewelrystayone.com\/ru\/#\/schema\/person\/image\/\",\"url\":\"https:\/\/www.jewelrystayone.com\/wp-content\/uploads\/2025\/06\/\u5934\u50cflogo.jpg\",\"contentUrl\":\"https:\/\/www.jewelrystayone.com\/wp-content\/uploads\/2025\/06\/\u5934\u50cflogo.jpg\",\"width\":512,\"height\":512,\"caption\":\"stayone\"},\"logo\":{\"@id\":\"https:\/\/www.jewelrystayone.com\/ru\/#\/schema\/person\/image\/\"}}]}<\/script>\n<!-- \/ Yoast SEO plugin. -->","yoast_head_json":{"title":"Natural A-grade jade Guanyin pendant, men's large style ice glutinous jade pendant, pendant, necklace, jewelry and jade - Jewelrystayone","robots":{"index":"index","follow":"follow","max-snippet":"max-snippet:-1","max-image-preview":"max-image-preview:large","max-video-preview":"max-video-preview:-1"},"canonical":"https:\/\/www.jewelrystayone.com\/de\/produkt\/natural-a-grade-jade-guanyin-pendant-mens-large-style-ice-glutinous-jade-pendant-pendant-necklace-jewelry-and-jade\/","og_locale":"de_DE","og_type":"article","og_title":"Natural A-grade jade Guanyin pendant, men's large style ice glutinous jade pendant, pendant, necklace, jewelry and jade - Jewelrystayone","og_description":"In Buddhism, Guanyin Bodhisattva is regarded as a Bodhisattva who saves lives and heals the wounded, and saves all living beings. She can turn misfortune into blessing, misfortune into good fortune, and turn misfortune into good fortune. Wearing a jade Guanyin Bodhisattva symbolizes warding off evil and eliminating disasters","og_url":"https:\/\/www.jewelrystayone.com\/de\/produkt\/natural-a-grade-jade-guanyin-pendant-mens-large-style-ice-glutinous-jade-pendant-pendant-necklace-jewelry-and-jade\/","og_site_name":"Jewelrystayone","article_modified_time":"2025-06-21T05:57:32+00:00","og_image":[{"width":800,"height":800,"url":"https:\/\/www.jewelrystayone.com\/wp-content\/uploads\/2025\/06\/10001-3.jpg","type":"image\/jpeg"}],"twitter_card":"summary_large_image","twitter_misc":{"Gesch\u00e4tzte Lesezeit":"1\u00a0Minute"},"schema":{"@context":"https:\/\/schema.org","@graph":[{"@type":"WebPage","@id":"https:\/\/www.jewelrystayone.com\/product\/natural-a-grade-jade-guanyin-pendant-mens-large-style-ice-glutinous-jade-pendant-pendant-necklace-jewelry-and-jade\/","url":"https:\/\/www.jewelrystayone.com\/product\/natural-a-grade-jade-guanyin-pendant-mens-large-style-ice-glutinous-jade-pendant-pendant-necklace-jewelry-and-jade\/","name":"Natural A-grade jade Guanyin pendant, men's large style ice glutinous jade pendant, pendant, necklace, jewelry and jade - Jewelrystayone","isPartOf":{"@id":"https:\/\/www.jewelrystayone.com\/ru\/#website"},"primaryImageOfPage":{"@id":"https:\/\/www.jewelrystayone.com\/product\/natural-a-grade-jade-guanyin-pendant-mens-large-style-ice-glutinous-jade-pendant-pendant-necklace-jewelry-and-jade\/#primaryimage"},"image":{"@id":"https:\/\/www.jewelrystayone.com\/product\/natural-a-grade-jade-guanyin-pendant-mens-large-style-ice-glutinous-jade-pendant-pendant-necklace-jewelry-and-jade\/#primaryimage"},"thumbnailUrl":"https:\/\/www.jewelrystayone.com\/wp-content\/uploads\/2025\/06\/10001-3.jpg","datePublished":"2025-06-06T03:15:56+00:00","dateModified":"2025-06-21T05:57:32+00:00","breadcrumb":{"@id":"https:\/\/www.jewelrystayone.com\/product\/natural-a-grade-jade-guanyin-pendant-mens-large-style-ice-glutinous-jade-pendant-pendant-necklace-jewelry-and-jade\/#breadcrumb"},"inLanguage":"de","potentialAction":[{"@type":"ReadAction","target":["https:\/\/www.jewelrystayone.com\/product\/natural-a-grade-jade-guanyin-pendant-mens-large-style-ice-glutinous-jade-pendant-pendant-necklace-jewelry-and-jade\/"]}]},{"@type":"ImageObject","inLanguage":"de","@id":"https:\/\/www.jewelrystayone.com\/product\/natural-a-grade-jade-guanyin-pendant-mens-large-style-ice-glutinous-jade-pendant-pendant-necklace-jewelry-and-jade\/#primaryimage","url":"https:\/\/www.jewelrystayone.com\/wp-content\/uploads\/2025\/06\/10001-3.jpg","contentUrl":"https:\/\/www.jewelrystayone.com\/wp-content\/uploads\/2025\/06\/10001-3.jpg","width":800,"height":800},{"@type":"BreadcrumbList","@id":"https:\/\/www.jewelrystayone.com\/product\/natural-a-grade-jade-guanyin-pendant-mens-large-style-ice-glutinous-jade-pendant-pendant-necklace-jewelry-and-jade\/#breadcrumb","itemListElement":[{"@type":"ListItem","position":1,"name":"\u9996\u9875","item":"https:\/\/www.jewelrystayone.com\/fr\/"},{"@type":"ListItem","position":2,"name":"Shop","item":"https:\/\/www.jewelrystayone.com\/es\/shop\/"},{"@type":"ListItem","position":3,"name":"Natural A-grade jade Guanyin pendant, men&#8217;s large style ice glutinous jade pendant, pendant, necklace, jewelry and jade"}]},{"@type":"WebSite","@id":"https:\/\/www.jewelrystayone.com\/ru\/#website","url":"https:\/\/www.jewelrystayone.com\/ru\/","name":"Jewelrystayone","description":"","publisher":{"@id":"https:\/\/www.jewelrystayone.com\/ru\/#\/schema\/person\/01db54116eb815cce40511147c5b6f8a"},"potentialAction":[{"@type":"SearchAction","target":{"@type":"EntryPoint","urlTemplate":"https:\/\/www.jewelrystayone.com\/ru\/?s={search_term_string}"},"query-input":{"@type":"PropertyValueSpecification","valueRequired":true,"valueName":"search_term_string"}}],"inLanguage":"de"},{"@type":["Person","Organization"],"@id":"https:\/\/www.jewelrystayone.com\/ru\/#\/schema\/person\/01db54116eb815cce40511147c5b6f8a","name":"stayone","image":{"@type":"ImageObject","inLanguage":"de","@id":"https:\/\/www.jewelrystayone.com\/ru\/#\/schema\/person\/image\/","url":"https:\/\/www.jewelrystayone.com\/wp-content\/uploads\/2025\/06\/\u5934\u50cflogo.jpg","contentUrl":"https:\/\/www.jewelrystayone.com\/wp-content\/uploads\/2025\/06\/\u5934\u50cflogo.jpg","width":512,"height":512,"caption":"stayone"},"logo":{"@id":"https:\/\/www.jewelrystayone.com\/ru\/#\/schema\/person\/image\/"}}]}},"_links":{"self":[{"href":"https:\/\/www.jewelrystayone.com\/de\/wp-json\/wp\/v2\/product\/1111","targetHints":{"allow":["GET"]}}],"collection":[{"href":"https:\/\/www.jewelrystayone.com\/de\/wp-json\/wp\/v2\/product"}],"about":[{"href":"https:\/\/www.jewelrystayone.com\/de\/wp-json\/wp\/v2\/types\/product"}],"wp:featuredmedia":[{"embeddable":true,"href":"https:\/\/www.jewelrystayone.com\/de\/wp-json\/wp\/v2\/media\/1113"}],"wp:attachment":[{"href":"https:\/\/www.jewelrystayone.com\/de\/wp-json\/wp\/v2\/media?parent=1111"}],"wp:term":[{"taxonomy":"product_cat","embeddable":true,"href":"https:\/\/www.jewelrystayone.com\/de\/wp-json\/wp\/v2\/product_cat?post=1111"},{"taxonomy":"product_tag","embeddable":true,"href":"https:\/\/www.jewelrystayone.com\/de\/wp-json\/wp\/v2\/product_tag?post=1111"}],"curies":[{"name":"wp","href":"https:\/\/api.w.org\/{rel}","templated":true}]}}