{"id":1133,"date":"2025-06-06T03:26:43","date_gmt":"2025-06-06T03:26:43","guid":{"rendered":"http:\/\/www.jewelrystayone.com\/?post_type=product&#038;p=1133"},"modified":"2025-06-21T05:56:30","modified_gmt":"2025-06-21T05:56:30","slug":"the-men-play-with-the-twelve-zodiac-engraved-beads-the-small-leaf-purple-sandalwood-pi-xiu-wooden-buddhist-prayer-beads","status":"publish","type":"product","link":"https:\/\/www.jewelrystayone.com\/de\/product\/the-men-play-with-the-twelve-zodiac-engraved-beads-the-small-leaf-purple-sandalwood-pi-xiu-wooden-buddhist-prayer-beads\/","title":{"rendered":"Die M\u00e4nner spielen mit den zw\u00f6lf eingravierten Tierkreisperlen, den kleinbl\u00e4ttrigen violetten Sandelholzperlen PI Xiu und den h\u00f6lzernen buddhistischen Gebetsperlen"},"content":{"rendered":"","protected":false},"excerpt":{"rendered":"<p>Die zw\u00f6lf chinesischen Tierkreiszeichen enthalten jeweils einzigartige Gl\u00fccks- und Segensw\u00fcnsche.<br \/>\nIm Jahr der Ratte wird man klug und geschickt sein, und das Gl\u00fcck scheint auf einen herab.<br \/>\nIm Jahr des Ochsen wird man flei\u00dfig und bodenst\u00e4ndig sein und Schritt f\u00fcr Schritt vorankommen.<br \/>\nDas Jahr des Tigers symbolisiert Mut und St\u00e4rke.<br \/>\nDas Jahr des Hasen bringt Weisheit und Gelassenheit.<br \/>\nIm Jahr des Drachens werden die Nachkommen des Drachens zu gro\u00dfen H\u00f6hen aufsteigen und ihre Karrieren werden durchstarten.<br \/>\nDas Jahr der Schlange zeichnet sich durch eine lebendige K\u00f6rperhaltung und reichlich Reichtum aus.<br \/>\nDas Gl\u00fcck im Jahr des Pferdes wird wie ein gutes Pferd galoppieren.<br \/>\nDas Jahr der Ziege wird sanft wie eine Ziege sein, mit Erfolg in Beruf und Familie.<br \/>\nDas Jahr des Affen war \u00e4u\u00dferst intelligent.<br \/>\nDas Jahr des Hahns bringt Gl\u00fcck und Freude.<br \/>\nIm Jahr des Hundes ist Loyalit\u00e4t sehr wichtig.<br \/>\nDas Jahr des Schweins ist ein Jahr des Gl\u00fccks.<br \/>\nJedes Sternzeichen hat sein eigenes, einzigartiges Gl\u00fcck, genau wie der unverwechselbare Charme eines jeden Lebens, der den Menschen unendlich viele \u00dcberraschungen und Segnungen bringen kann.<\/p>","protected":false},"featured_media":1134,"template":"","meta":[],"product_cat":[108],"product_tag":[],"class_list":["post-1133","product","type-product","status-publish","has-post-thumbnail","hentry","product_cat-rosary-beads"],"yoast_head":"<!-- This site is optimized with the Yoast SEO plugin v25.3 - https:\/\/yoast.com\/wordpress\/plugins\/seo\/ -->\n<title>The men play with the twelve zodiac engraved beads, the small-leaf purple sandalwood PI Xiu wooden Buddhist prayer beads - Jewelrystayone<\/title>\n<meta name=\"robots\" content=\"index, follow, max-snippet:-1, max-image-preview:large, max-video-preview:-1\" \/>\n<link rel=\"canonical\" href=\"https:\/\/www.jewelrystayone.com\/de\/produkt\/the-men-play-with-the-twelve-zodiac-engraved-beads-the-small-leaf-purple-sandalwood-pi-xiu-wooden-buddhist-prayer-beads\/\" \/>\n<meta property=\"og:locale\" content=\"de_DE\" \/>\n<meta property=\"og:type\" content=\"article\" \/>\n<meta property=\"og:title\" content=\"The men play with the twelve zodiac engraved beads, the small-leaf purple sandalwood PI Xiu wooden Buddhist prayer beads - Jewelrystayone\" \/>\n<meta property=\"og:description\" content=\"The twelve Chinese zodiac signs each contain unique fortune and blessings. In the Year of the Rat, one will be smart and dexterous, with good fortune shining upon them. In the Year of the Ox, one will be diligent and down-to-earth, advancing step by step. The Year of the Tiger symbolizes courage and strength. The Year of the Rabbit brings wisdom and tranquility. In the Year of the Dragon, the descendants of the dragon will soar to great heights and their careers will take off. The Year of the Snake is characterized by a lively posture and abundant wealth. The fortune of the Year of the Horse will gallop like a fine horse. The Year of the Goat will be as gentle as a goat, with both career and family success. The Year of the Monkey was extremely intelligent. The Year of the Rooster brings good fortune and happiness. Loyalty is precious in the Year of the Dog. The Year of the Pig is filled with good fortune. Each zodiac sign has its own unique fortune and good luck, just like the distinctive charm of every life, which can bring people endless surprises and blessings.\" \/>\n<meta property=\"og:url\" content=\"https:\/\/www.jewelrystayone.com\/de\/produkt\/the-men-play-with-the-twelve-zodiac-engraved-beads-the-small-leaf-purple-sandalwood-pi-xiu-wooden-buddhist-prayer-beads\/\" \/>\n<meta property=\"og:site_name\" content=\"Jewelrystayone\" \/>\n<meta property=\"article:modified_time\" content=\"2025-06-21T05:56:30+00:00\" \/>\n<meta property=\"og:image\" content=\"https:\/\/www.jewelrystayone.com\/wp-content\/uploads\/2025\/06\/1-1.jpg\" \/>\n\t<meta property=\"og:image:width\" content=\"800\" \/>\n\t<meta property=\"og:image:height\" content=\"800\" \/>\n\t<meta property=\"og:image:type\" content=\"image\/jpeg\" \/>\n<meta name=\"twitter:card\" content=\"summary_large_image\" \/>\n<meta name=\"twitter:label1\" content=\"Gesch\u00e4tzte Lesezeit\" \/>\n\t<meta name=\"twitter:data1\" content=\"1\u00a0Minute\" \/>\n<script type=\"application\/ld+json\" class=\"yoast-schema-graph\">{\"@context\":\"https:\/\/schema.org\",\"@graph\":[{\"@type\":\"WebPage\",\"@id\":\"https:\/\/www.jewelrystayone.com\/product\/the-men-play-with-the-twelve-zodiac-engraved-beads-the-small-leaf-purple-sandalwood-pi-xiu-wooden-buddhist-prayer-beads\/\",\"url\":\"https:\/\/www.jewelrystayone.com\/product\/the-men-play-with-the-twelve-zodiac-engraved-beads-the-small-leaf-purple-sandalwood-pi-xiu-wooden-buddhist-prayer-beads\/\",\"name\":\"The men play with the twelve zodiac engraved beads, the small-leaf purple sandalwood PI Xiu wooden Buddhist prayer beads - Jewelrystayone\",\"isPartOf\":{\"@id\":\"https:\/\/www.jewelrystayone.com\/ru\/#website\"},\"primaryImageOfPage\":{\"@id\":\"https:\/\/www.jewelrystayone.com\/product\/the-men-play-with-the-twelve-zodiac-engraved-beads-the-small-leaf-purple-sandalwood-pi-xiu-wooden-buddhist-prayer-beads\/#primaryimage\"},\"image\":{\"@id\":\"https:\/\/www.jewelrystayone.com\/product\/the-men-play-with-the-twelve-zodiac-engraved-beads-the-small-leaf-purple-sandalwood-pi-xiu-wooden-buddhist-prayer-beads\/#primaryimage\"},\"thumbnailUrl\":\"https:\/\/www.jewelrystayone.com\/wp-content\/uploads\/2025\/06\/1-1.jpg\",\"datePublished\":\"2025-06-06T03:26:43+00:00\",\"dateModified\":\"2025-06-21T05:56:30+00:00\",\"breadcrumb\":{\"@id\":\"https:\/\/www.jewelrystayone.com\/product\/the-men-play-with-the-twelve-zodiac-engraved-beads-the-small-leaf-purple-sandalwood-pi-xiu-wooden-buddhist-prayer-beads\/#breadcrumb\"},\"inLanguage\":\"de\",\"potentialAction\":[{\"@type\":\"ReadAction\",\"target\":[\"https:\/\/www.jewelrystayone.com\/product\/the-men-play-with-the-twelve-zodiac-engraved-beads-the-small-leaf-purple-sandalwood-pi-xiu-wooden-buddhist-prayer-beads\/\"]}]},{\"@type\":\"ImageObject\",\"inLanguage\":\"de\",\"@id\":\"https:\/\/www.jewelrystayone.com\/product\/the-men-play-with-the-twelve-zodiac-engraved-beads-the-small-leaf-purple-sandalwood-pi-xiu-wooden-buddhist-prayer-beads\/#primaryimage\",\"url\":\"https:\/\/www.jewelrystayone.com\/wp-content\/uploads\/2025\/06\/1-1.jpg\",\"contentUrl\":\"https:\/\/www.jewelrystayone.com\/wp-content\/uploads\/2025\/06\/1-1.jpg\",\"width\":800,\"height\":800},{\"@type\":\"BreadcrumbList\",\"@id\":\"https:\/\/www.jewelrystayone.com\/product\/the-men-play-with-the-twelve-zodiac-engraved-beads-the-small-leaf-purple-sandalwood-pi-xiu-wooden-buddhist-prayer-beads\/#breadcrumb\",\"itemListElement\":[{\"@type\":\"ListItem\",\"position\":1,\"name\":\"\u9996\u9875\",\"item\":\"https:\/\/www.jewelrystayone.com\/fr\/\"},{\"@type\":\"ListItem\",\"position\":2,\"name\":\"Shop\",\"item\":\"https:\/\/www.jewelrystayone.com\/es\/shop\/\"},{\"@type\":\"ListItem\",\"position\":3,\"name\":\"The men play with the twelve zodiac engraved beads, the small-leaf purple sandalwood PI Xiu wooden Buddhist prayer beads\"}]},{\"@type\":\"WebSite\",\"@id\":\"https:\/\/www.jewelrystayone.com\/ru\/#website\",\"url\":\"https:\/\/www.jewelrystayone.com\/ru\/\",\"name\":\"Jewelrystayone\",\"description\":\"\",\"publisher\":{\"@id\":\"https:\/\/www.jewelrystayone.com\/ru\/#\/schema\/person\/01db54116eb815cce40511147c5b6f8a\"},\"potentialAction\":[{\"@type\":\"SearchAction\",\"target\":{\"@type\":\"EntryPoint\",\"urlTemplate\":\"https:\/\/www.jewelrystayone.com\/ru\/?s={search_term_string}\"},\"query-input\":{\"@type\":\"PropertyValueSpecification\",\"valueRequired\":true,\"valueName\":\"search_term_string\"}}],\"inLanguage\":\"de\"},{\"@type\":[\"Person\",\"Organization\"],\"@id\":\"https:\/\/www.jewelrystayone.com\/ru\/#\/schema\/person\/01db54116eb815cce40511147c5b6f8a\",\"name\":\"stayone\",\"image\":{\"@type\":\"ImageObject\",\"inLanguage\":\"de\",\"@id\":\"https:\/\/www.jewelrystayone.com\/ru\/#\/schema\/person\/image\/\",\"url\":\"https:\/\/www.jewelrystayone.com\/wp-content\/uploads\/2025\/06\/\u5934\u50cflogo.jpg\",\"contentUrl\":\"https:\/\/www.jewelrystayone.com\/wp-content\/uploads\/2025\/06\/\u5934\u50cflogo.jpg\",\"width\":512,\"height\":512,\"caption\":\"stayone\"},\"logo\":{\"@id\":\"https:\/\/www.jewelrystayone.com\/ru\/#\/schema\/person\/image\/\"}}]}<\/script>\n<!-- \/ Yoast SEO plugin. -->","yoast_head_json":{"title":"The men play with the twelve zodiac engraved beads, the small-leaf purple sandalwood PI Xiu wooden Buddhist prayer beads - Jewelrystayone","robots":{"index":"index","follow":"follow","max-snippet":"max-snippet:-1","max-image-preview":"max-image-preview:large","max-video-preview":"max-video-preview:-1"},"canonical":"https:\/\/www.jewelrystayone.com\/de\/produkt\/the-men-play-with-the-twelve-zodiac-engraved-beads-the-small-leaf-purple-sandalwood-pi-xiu-wooden-buddhist-prayer-beads\/","og_locale":"de_DE","og_type":"article","og_title":"The men play with the twelve zodiac engraved beads, the small-leaf purple sandalwood PI Xiu wooden Buddhist prayer beads - Jewelrystayone","og_description":"The twelve Chinese zodiac signs each contain unique fortune and blessings. In the Year of the Rat, one will be smart and dexterous, with good fortune shining upon them. In the Year of the Ox, one will be diligent and down-to-earth, advancing step by step. The Year of the Tiger symbolizes courage and strength. The Year of the Rabbit brings wisdom and tranquility. In the Year of the Dragon, the descendants of the dragon will soar to great heights and their careers will take off. The Year of the Snake is characterized by a lively posture and abundant wealth. The fortune of the Year of the Horse will gallop like a fine horse. The Year of the Goat will be as gentle as a goat, with both career and family success. The Year of the Monkey was extremely intelligent. The Year of the Rooster brings good fortune and happiness. Loyalty is precious in the Year of the Dog. The Year of the Pig is filled with good fortune. Each zodiac sign has its own unique fortune and good luck, just like the distinctive charm of every life, which can bring people endless surprises and blessings.","og_url":"https:\/\/www.jewelrystayone.com\/de\/produkt\/the-men-play-with-the-twelve-zodiac-engraved-beads-the-small-leaf-purple-sandalwood-pi-xiu-wooden-buddhist-prayer-beads\/","og_site_name":"Jewelrystayone","article_modified_time":"2025-06-21T05:56:30+00:00","og_image":[{"width":800,"height":800,"url":"https:\/\/www.jewelrystayone.com\/wp-content\/uploads\/2025\/06\/1-1.jpg","type":"image\/jpeg"}],"twitter_card":"summary_large_image","twitter_misc":{"Gesch\u00e4tzte Lesezeit":"1\u00a0Minute"},"schema":{"@context":"https:\/\/schema.org","@graph":[{"@type":"WebPage","@id":"https:\/\/www.jewelrystayone.com\/product\/the-men-play-with-the-twelve-zodiac-engraved-beads-the-small-leaf-purple-sandalwood-pi-xiu-wooden-buddhist-prayer-beads\/","url":"https:\/\/www.jewelrystayone.com\/product\/the-men-play-with-the-twelve-zodiac-engraved-beads-the-small-leaf-purple-sandalwood-pi-xiu-wooden-buddhist-prayer-beads\/","name":"The men play with the twelve zodiac engraved beads, the small-leaf purple sandalwood PI Xiu wooden Buddhist prayer beads - Jewelrystayone","isPartOf":{"@id":"https:\/\/www.jewelrystayone.com\/ru\/#website"},"primaryImageOfPage":{"@id":"https:\/\/www.jewelrystayone.com\/product\/the-men-play-with-the-twelve-zodiac-engraved-beads-the-small-leaf-purple-sandalwood-pi-xiu-wooden-buddhist-prayer-beads\/#primaryimage"},"image":{"@id":"https:\/\/www.jewelrystayone.com\/product\/the-men-play-with-the-twelve-zodiac-engraved-beads-the-small-leaf-purple-sandalwood-pi-xiu-wooden-buddhist-prayer-beads\/#primaryimage"},"thumbnailUrl":"https:\/\/www.jewelrystayone.com\/wp-content\/uploads\/2025\/06\/1-1.jpg","datePublished":"2025-06-06T03:26:43+00:00","dateModified":"2025-06-21T05:56:30+00:00","breadcrumb":{"@id":"https:\/\/www.jewelrystayone.com\/product\/the-men-play-with-the-twelve-zodiac-engraved-beads-the-small-leaf-purple-sandalwood-pi-xiu-wooden-buddhist-prayer-beads\/#breadcrumb"},"inLanguage":"de","potentialAction":[{"@type":"ReadAction","target":["https:\/\/www.jewelrystayone.com\/product\/the-men-play-with-the-twelve-zodiac-engraved-beads-the-small-leaf-purple-sandalwood-pi-xiu-wooden-buddhist-prayer-beads\/"]}]},{"@type":"ImageObject","inLanguage":"de","@id":"https:\/\/www.jewelrystayone.com\/product\/the-men-play-with-the-twelve-zodiac-engraved-beads-the-small-leaf-purple-sandalwood-pi-xiu-wooden-buddhist-prayer-beads\/#primaryimage","url":"https:\/\/www.jewelrystayone.com\/wp-content\/uploads\/2025\/06\/1-1.jpg","contentUrl":"https:\/\/www.jewelrystayone.com\/wp-content\/uploads\/2025\/06\/1-1.jpg","width":800,"height":800},{"@type":"BreadcrumbList","@id":"https:\/\/www.jewelrystayone.com\/product\/the-men-play-with-the-twelve-zodiac-engraved-beads-the-small-leaf-purple-sandalwood-pi-xiu-wooden-buddhist-prayer-beads\/#breadcrumb","itemListElement":[{"@type":"ListItem","position":1,"name":"\u9996\u9875","item":"https:\/\/www.jewelrystayone.com\/fr\/"},{"@type":"ListItem","position":2,"name":"Shop","item":"https:\/\/www.jewelrystayone.com\/es\/shop\/"},{"@type":"ListItem","position":3,"name":"The men play with the twelve zodiac engraved beads, the small-leaf purple sandalwood PI Xiu wooden Buddhist prayer beads"}]},{"@type":"WebSite","@id":"https:\/\/www.jewelrystayone.com\/ru\/#website","url":"https:\/\/www.jewelrystayone.com\/ru\/","name":"Jewelrystayone","description":"","publisher":{"@id":"https:\/\/www.jewelrystayone.com\/ru\/#\/schema\/person\/01db54116eb815cce40511147c5b6f8a"},"potentialAction":[{"@type":"SearchAction","target":{"@type":"EntryPoint","urlTemplate":"https:\/\/www.jewelrystayone.com\/ru\/?s={search_term_string}"},"query-input":{"@type":"PropertyValueSpecification","valueRequired":true,"valueName":"search_term_string"}}],"inLanguage":"de"},{"@type":["Person","Organization"],"@id":"https:\/\/www.jewelrystayone.com\/ru\/#\/schema\/person\/01db54116eb815cce40511147c5b6f8a","name":"stayone","image":{"@type":"ImageObject","inLanguage":"de","@id":"https:\/\/www.jewelrystayone.com\/ru\/#\/schema\/person\/image\/","url":"https:\/\/www.jewelrystayone.com\/wp-content\/uploads\/2025\/06\/\u5934\u50cflogo.jpg","contentUrl":"https:\/\/www.jewelrystayone.com\/wp-content\/uploads\/2025\/06\/\u5934\u50cflogo.jpg","width":512,"height":512,"caption":"stayone"},"logo":{"@id":"https:\/\/www.jewelrystayone.com\/ru\/#\/schema\/person\/image\/"}}]}},"_links":{"self":[{"href":"https:\/\/www.jewelrystayone.com\/de\/wp-json\/wp\/v2\/product\/1133","targetHints":{"allow":["GET"]}}],"collection":[{"href":"https:\/\/www.jewelrystayone.com\/de\/wp-json\/wp\/v2\/product"}],"about":[{"href":"https:\/\/www.jewelrystayone.com\/de\/wp-json\/wp\/v2\/types\/product"}],"wp:featuredmedia":[{"embeddable":true,"href":"https:\/\/www.jewelrystayone.com\/de\/wp-json\/wp\/v2\/media\/1134"}],"wp:attachment":[{"href":"https:\/\/www.jewelrystayone.com\/de\/wp-json\/wp\/v2\/media?parent=1133"}],"wp:term":[{"taxonomy":"product_cat","embeddable":true,"href":"https:\/\/www.jewelrystayone.com\/de\/wp-json\/wp\/v2\/product_cat?post=1133"},{"taxonomy":"product_tag","embeddable":true,"href":"https:\/\/www.jewelrystayone.com\/de\/wp-json\/wp\/v2\/product_tag?post=1133"}],"curies":[{"name":"wp","href":"https:\/\/api.w.org\/{rel}","templated":true}]}}