{"id":1142,"date":"2025-06-06T03:27:44","date_gmt":"2025-06-06T03:27:44","guid":{"rendered":"http:\/\/www.jewelrystayone.com\/?post_type=product&#038;p=1142"},"modified":"2025-06-21T05:56:15","modified_gmt":"2025-06-21T05:56:15","slug":"purple-sandalwood-prosperity-pi-xiu-bracelet-carved-buddhist-prayer-beads-twelve-zodiac-signs-sandalwood-rosewood","status":"publish","type":"product","link":"https:\/\/www.jewelrystayone.com\/de\/product\/purple-sandalwood-prosperity-pi-xiu-bracelet-carved-buddhist-prayer-beads-twelve-zodiac-signs-sandalwood-rosewood\/","title":{"rendered":"Lila Sandelholz Wohlstand PI Xiu Armband, geschnitzte buddhistische Gebetsperlen, zw\u00f6lf Tierkreiszeichen, Sandelholz Palisander"},"content":{"rendered":"","protected":false},"excerpt":{"rendered":"<p>PI Xiu ist der neunte Sohn des Drachen und ist auch als Tian Lu bekannt. Er symbolisiert die F\u00e4higkeit, Reichtum aus allen Richtungen anzuziehen und w\u00fcnscht seinem Besitzer ein Gef\u00fchl der F\u00fclle und des Gl\u00fccks.<\/p>","protected":false},"featured_media":1143,"template":"","meta":[],"product_cat":[108],"product_tag":[],"class_list":["post-1142","product","type-product","status-publish","has-post-thumbnail","hentry","product_cat-rosary-beads"],"yoast_head":"<!-- This site is optimized with the Yoast SEO plugin v25.3 - https:\/\/yoast.com\/wordpress\/plugins\/seo\/ -->\n<title>Purple sandalwood prosperity PI Xiu bracelet, carved Buddhist prayer beads, twelve zodiac signs, sandalwood rosewood - Jewelrystayone<\/title>\n<meta name=\"robots\" content=\"index, follow, max-snippet:-1, max-image-preview:large, max-video-preview:-1\" \/>\n<link rel=\"canonical\" href=\"https:\/\/www.jewelrystayone.com\/de\/produkt\/purple-sandalwood-prosperity-pi-xiu-bracelet-carved-buddhist-prayer-beads-twelve-zodiac-signs-sandalwood-rosewood\/\" \/>\n<meta property=\"og:locale\" content=\"de_DE\" \/>\n<meta property=\"og:type\" content=\"article\" \/>\n<meta property=\"og:title\" content=\"Purple sandalwood prosperity PI Xiu bracelet, carved Buddhist prayer beads, twelve zodiac signs, sandalwood rosewood - Jewelrystayone\" \/>\n<meta property=\"og:description\" content=\"PI Xiu is the ninth son of the dragon and is also known as Tian Lu. It symbolizes the ability to attract wealth from all directions and wishes its owner a sense of abundance and good luck.\u200b\" \/>\n<meta property=\"og:url\" content=\"https:\/\/www.jewelrystayone.com\/de\/produkt\/purple-sandalwood-prosperity-pi-xiu-bracelet-carved-buddhist-prayer-beads-twelve-zodiac-signs-sandalwood-rosewood\/\" \/>\n<meta property=\"og:site_name\" content=\"Jewelrystayone\" \/>\n<meta property=\"article:modified_time\" content=\"2025-06-21T05:56:15+00:00\" \/>\n<meta property=\"og:image\" content=\"https:\/\/www.jewelrystayone.com\/wp-content\/uploads\/2025\/06\/10005-3.jpg\" \/>\n\t<meta property=\"og:image:width\" content=\"800\" \/>\n\t<meta property=\"og:image:height\" content=\"800\" \/>\n\t<meta property=\"og:image:type\" content=\"image\/jpeg\" \/>\n<meta name=\"twitter:card\" content=\"summary_large_image\" \/>\n<meta name=\"twitter:label1\" content=\"Gesch\u00e4tzte Lesezeit\" \/>\n\t<meta name=\"twitter:data1\" content=\"1\u00a0Minute\" \/>\n<script type=\"application\/ld+json\" class=\"yoast-schema-graph\">{\"@context\":\"https:\/\/schema.org\",\"@graph\":[{\"@type\":\"WebPage\",\"@id\":\"https:\/\/www.jewelrystayone.com\/product\/purple-sandalwood-prosperity-pi-xiu-bracelet-carved-buddhist-prayer-beads-twelve-zodiac-signs-sandalwood-rosewood\/\",\"url\":\"https:\/\/www.jewelrystayone.com\/product\/purple-sandalwood-prosperity-pi-xiu-bracelet-carved-buddhist-prayer-beads-twelve-zodiac-signs-sandalwood-rosewood\/\",\"name\":\"Purple sandalwood prosperity PI Xiu bracelet, carved Buddhist prayer beads, twelve zodiac signs, sandalwood rosewood - Jewelrystayone\",\"isPartOf\":{\"@id\":\"https:\/\/www.jewelrystayone.com\/ru\/#website\"},\"primaryImageOfPage\":{\"@id\":\"https:\/\/www.jewelrystayone.com\/product\/purple-sandalwood-prosperity-pi-xiu-bracelet-carved-buddhist-prayer-beads-twelve-zodiac-signs-sandalwood-rosewood\/#primaryimage\"},\"image\":{\"@id\":\"https:\/\/www.jewelrystayone.com\/product\/purple-sandalwood-prosperity-pi-xiu-bracelet-carved-buddhist-prayer-beads-twelve-zodiac-signs-sandalwood-rosewood\/#primaryimage\"},\"thumbnailUrl\":\"https:\/\/www.jewelrystayone.com\/wp-content\/uploads\/2025\/06\/10005-3.jpg\",\"datePublished\":\"2025-06-06T03:27:44+00:00\",\"dateModified\":\"2025-06-21T05:56:15+00:00\",\"breadcrumb\":{\"@id\":\"https:\/\/www.jewelrystayone.com\/product\/purple-sandalwood-prosperity-pi-xiu-bracelet-carved-buddhist-prayer-beads-twelve-zodiac-signs-sandalwood-rosewood\/#breadcrumb\"},\"inLanguage\":\"de\",\"potentialAction\":[{\"@type\":\"ReadAction\",\"target\":[\"https:\/\/www.jewelrystayone.com\/product\/purple-sandalwood-prosperity-pi-xiu-bracelet-carved-buddhist-prayer-beads-twelve-zodiac-signs-sandalwood-rosewood\/\"]}]},{\"@type\":\"ImageObject\",\"inLanguage\":\"de\",\"@id\":\"https:\/\/www.jewelrystayone.com\/product\/purple-sandalwood-prosperity-pi-xiu-bracelet-carved-buddhist-prayer-beads-twelve-zodiac-signs-sandalwood-rosewood\/#primaryimage\",\"url\":\"https:\/\/www.jewelrystayone.com\/wp-content\/uploads\/2025\/06\/10005-3.jpg\",\"contentUrl\":\"https:\/\/www.jewelrystayone.com\/wp-content\/uploads\/2025\/06\/10005-3.jpg\",\"width\":800,\"height\":800},{\"@type\":\"BreadcrumbList\",\"@id\":\"https:\/\/www.jewelrystayone.com\/product\/purple-sandalwood-prosperity-pi-xiu-bracelet-carved-buddhist-prayer-beads-twelve-zodiac-signs-sandalwood-rosewood\/#breadcrumb\",\"itemListElement\":[{\"@type\":\"ListItem\",\"position\":1,\"name\":\"\u9996\u9875\",\"item\":\"https:\/\/www.jewelrystayone.com\/fr\/\"},{\"@type\":\"ListItem\",\"position\":2,\"name\":\"Shop\",\"item\":\"https:\/\/www.jewelrystayone.com\/es\/shop\/\"},{\"@type\":\"ListItem\",\"position\":3,\"name\":\"Purple sandalwood prosperity PI Xiu bracelet, carved Buddhist prayer beads, twelve zodiac signs, sandalwood rosewood\"}]},{\"@type\":\"WebSite\",\"@id\":\"https:\/\/www.jewelrystayone.com\/ru\/#website\",\"url\":\"https:\/\/www.jewelrystayone.com\/ru\/\",\"name\":\"Jewelrystayone\",\"description\":\"\",\"publisher\":{\"@id\":\"https:\/\/www.jewelrystayone.com\/ru\/#\/schema\/person\/01db54116eb815cce40511147c5b6f8a\"},\"potentialAction\":[{\"@type\":\"SearchAction\",\"target\":{\"@type\":\"EntryPoint\",\"urlTemplate\":\"https:\/\/www.jewelrystayone.com\/ru\/?s={search_term_string}\"},\"query-input\":{\"@type\":\"PropertyValueSpecification\",\"valueRequired\":true,\"valueName\":\"search_term_string\"}}],\"inLanguage\":\"de\"},{\"@type\":[\"Person\",\"Organization\"],\"@id\":\"https:\/\/www.jewelrystayone.com\/ru\/#\/schema\/person\/01db54116eb815cce40511147c5b6f8a\",\"name\":\"stayone\",\"image\":{\"@type\":\"ImageObject\",\"inLanguage\":\"de\",\"@id\":\"https:\/\/www.jewelrystayone.com\/ru\/#\/schema\/person\/image\/\",\"url\":\"https:\/\/www.jewelrystayone.com\/wp-content\/uploads\/2025\/06\/\u5934\u50cflogo.jpg\",\"contentUrl\":\"https:\/\/www.jewelrystayone.com\/wp-content\/uploads\/2025\/06\/\u5934\u50cflogo.jpg\",\"width\":512,\"height\":512,\"caption\":\"stayone\"},\"logo\":{\"@id\":\"https:\/\/www.jewelrystayone.com\/ru\/#\/schema\/person\/image\/\"}}]}<\/script>\n<!-- \/ Yoast SEO plugin. -->","yoast_head_json":{"title":"Purple sandalwood prosperity PI Xiu bracelet, carved Buddhist prayer beads, twelve zodiac signs, sandalwood rosewood - Jewelrystayone","robots":{"index":"index","follow":"follow","max-snippet":"max-snippet:-1","max-image-preview":"max-image-preview:large","max-video-preview":"max-video-preview:-1"},"canonical":"https:\/\/www.jewelrystayone.com\/de\/produkt\/purple-sandalwood-prosperity-pi-xiu-bracelet-carved-buddhist-prayer-beads-twelve-zodiac-signs-sandalwood-rosewood\/","og_locale":"de_DE","og_type":"article","og_title":"Purple sandalwood prosperity PI Xiu bracelet, carved Buddhist prayer beads, twelve zodiac signs, sandalwood rosewood - Jewelrystayone","og_description":"PI Xiu is the ninth son of the dragon and is also known as Tian Lu. It symbolizes the ability to attract wealth from all directions and wishes its owner a sense of abundance and good luck.\u200b","og_url":"https:\/\/www.jewelrystayone.com\/de\/produkt\/purple-sandalwood-prosperity-pi-xiu-bracelet-carved-buddhist-prayer-beads-twelve-zodiac-signs-sandalwood-rosewood\/","og_site_name":"Jewelrystayone","article_modified_time":"2025-06-21T05:56:15+00:00","og_image":[{"width":800,"height":800,"url":"https:\/\/www.jewelrystayone.com\/wp-content\/uploads\/2025\/06\/10005-3.jpg","type":"image\/jpeg"}],"twitter_card":"summary_large_image","twitter_misc":{"Gesch\u00e4tzte Lesezeit":"1\u00a0Minute"},"schema":{"@context":"https:\/\/schema.org","@graph":[{"@type":"WebPage","@id":"https:\/\/www.jewelrystayone.com\/product\/purple-sandalwood-prosperity-pi-xiu-bracelet-carved-buddhist-prayer-beads-twelve-zodiac-signs-sandalwood-rosewood\/","url":"https:\/\/www.jewelrystayone.com\/product\/purple-sandalwood-prosperity-pi-xiu-bracelet-carved-buddhist-prayer-beads-twelve-zodiac-signs-sandalwood-rosewood\/","name":"Purple sandalwood prosperity PI Xiu bracelet, carved Buddhist prayer beads, twelve zodiac signs, sandalwood rosewood - Jewelrystayone","isPartOf":{"@id":"https:\/\/www.jewelrystayone.com\/ru\/#website"},"primaryImageOfPage":{"@id":"https:\/\/www.jewelrystayone.com\/product\/purple-sandalwood-prosperity-pi-xiu-bracelet-carved-buddhist-prayer-beads-twelve-zodiac-signs-sandalwood-rosewood\/#primaryimage"},"image":{"@id":"https:\/\/www.jewelrystayone.com\/product\/purple-sandalwood-prosperity-pi-xiu-bracelet-carved-buddhist-prayer-beads-twelve-zodiac-signs-sandalwood-rosewood\/#primaryimage"},"thumbnailUrl":"https:\/\/www.jewelrystayone.com\/wp-content\/uploads\/2025\/06\/10005-3.jpg","datePublished":"2025-06-06T03:27:44+00:00","dateModified":"2025-06-21T05:56:15+00:00","breadcrumb":{"@id":"https:\/\/www.jewelrystayone.com\/product\/purple-sandalwood-prosperity-pi-xiu-bracelet-carved-buddhist-prayer-beads-twelve-zodiac-signs-sandalwood-rosewood\/#breadcrumb"},"inLanguage":"de","potentialAction":[{"@type":"ReadAction","target":["https:\/\/www.jewelrystayone.com\/product\/purple-sandalwood-prosperity-pi-xiu-bracelet-carved-buddhist-prayer-beads-twelve-zodiac-signs-sandalwood-rosewood\/"]}]},{"@type":"ImageObject","inLanguage":"de","@id":"https:\/\/www.jewelrystayone.com\/product\/purple-sandalwood-prosperity-pi-xiu-bracelet-carved-buddhist-prayer-beads-twelve-zodiac-signs-sandalwood-rosewood\/#primaryimage","url":"https:\/\/www.jewelrystayone.com\/wp-content\/uploads\/2025\/06\/10005-3.jpg","contentUrl":"https:\/\/www.jewelrystayone.com\/wp-content\/uploads\/2025\/06\/10005-3.jpg","width":800,"height":800},{"@type":"BreadcrumbList","@id":"https:\/\/www.jewelrystayone.com\/product\/purple-sandalwood-prosperity-pi-xiu-bracelet-carved-buddhist-prayer-beads-twelve-zodiac-signs-sandalwood-rosewood\/#breadcrumb","itemListElement":[{"@type":"ListItem","position":1,"name":"\u9996\u9875","item":"https:\/\/www.jewelrystayone.com\/fr\/"},{"@type":"ListItem","position":2,"name":"Shop","item":"https:\/\/www.jewelrystayone.com\/es\/shop\/"},{"@type":"ListItem","position":3,"name":"Purple sandalwood prosperity PI Xiu bracelet, carved Buddhist prayer beads, twelve zodiac signs, sandalwood rosewood"}]},{"@type":"WebSite","@id":"https:\/\/www.jewelrystayone.com\/ru\/#website","url":"https:\/\/www.jewelrystayone.com\/ru\/","name":"Jewelrystayone","description":"","publisher":{"@id":"https:\/\/www.jewelrystayone.com\/ru\/#\/schema\/person\/01db54116eb815cce40511147c5b6f8a"},"potentialAction":[{"@type":"SearchAction","target":{"@type":"EntryPoint","urlTemplate":"https:\/\/www.jewelrystayone.com\/ru\/?s={search_term_string}"},"query-input":{"@type":"PropertyValueSpecification","valueRequired":true,"valueName":"search_term_string"}}],"inLanguage":"de"},{"@type":["Person","Organization"],"@id":"https:\/\/www.jewelrystayone.com\/ru\/#\/schema\/person\/01db54116eb815cce40511147c5b6f8a","name":"stayone","image":{"@type":"ImageObject","inLanguage":"de","@id":"https:\/\/www.jewelrystayone.com\/ru\/#\/schema\/person\/image\/","url":"https:\/\/www.jewelrystayone.com\/wp-content\/uploads\/2025\/06\/\u5934\u50cflogo.jpg","contentUrl":"https:\/\/www.jewelrystayone.com\/wp-content\/uploads\/2025\/06\/\u5934\u50cflogo.jpg","width":512,"height":512,"caption":"stayone"},"logo":{"@id":"https:\/\/www.jewelrystayone.com\/ru\/#\/schema\/person\/image\/"}}]}},"_links":{"self":[{"href":"https:\/\/www.jewelrystayone.com\/de\/wp-json\/wp\/v2\/product\/1142","targetHints":{"allow":["GET"]}}],"collection":[{"href":"https:\/\/www.jewelrystayone.com\/de\/wp-json\/wp\/v2\/product"}],"about":[{"href":"https:\/\/www.jewelrystayone.com\/de\/wp-json\/wp\/v2\/types\/product"}],"wp:featuredmedia":[{"embeddable":true,"href":"https:\/\/www.jewelrystayone.com\/de\/wp-json\/wp\/v2\/media\/1143"}],"wp:attachment":[{"href":"https:\/\/www.jewelrystayone.com\/de\/wp-json\/wp\/v2\/media?parent=1142"}],"wp:term":[{"taxonomy":"product_cat","embeddable":true,"href":"https:\/\/www.jewelrystayone.com\/de\/wp-json\/wp\/v2\/product_cat?post=1142"},{"taxonomy":"product_tag","embeddable":true,"href":"https:\/\/www.jewelrystayone.com\/de\/wp-json\/wp\/v2\/product_tag?post=1142"}],"curies":[{"name":"wp","href":"https:\/\/api.w.org\/{rel}","templated":true}]}}