{"id":1148,"date":"2025-06-06T03:29:04","date_gmt":"2025-06-06T03:29:04","guid":{"rendered":"http:\/\/www.jewelrystayone.com\/?post_type=product&#038;p=1148"},"modified":"2025-06-21T05:56:05","modified_gmt":"2025-06-21T05:56:05","slug":"bolivian-amethyst-bracelet-for-women-natural-deep-amethyst-bracelet-collectible-level","status":"publish","type":"product","link":"https:\/\/www.jewelrystayone.com\/de\/product\/bolivian-amethyst-bracelet-for-women-natural-deep-amethyst-bracelet-collectible-level\/","title":{"rendered":"Bolivianisches Amethystarmband f\u00fcr Frauen, nat\u00fcrliches tiefes Amethystarmband, Sammlerwert"},"content":{"rendered":"","protected":false},"excerpt":{"rendered":"<p>Der Amethyst ist bekannt f\u00fcr seine Sch\u00f6nheit und Noblesse und symbolisiert Weisheit und Intelligenz. Er steht f\u00fcr tiefe Liebe. Paare oder Ehegatten tragen ihn oft, um ihre Treue und tiefe Zuneigung auszudr\u00fccken. Er hilft beim Lernen und bei Pr\u00fcfungen, f\u00f6rdert die Konzentration, verbessert die Schlafqualit\u00e4t, zieht die Aufmerksamkeit auf sich, h\u00e4lt den Geist klar, f\u00f6rdert ein reibungsloses Liebesleben und baut Stress ab<\/p>","protected":false},"featured_media":1149,"template":"","meta":[],"product_cat":[109],"product_tag":[],"class_list":["post-1148","product","type-product","status-publish","has-post-thumbnail","hentry","product_cat-natural-crystal"],"yoast_head":"<!-- This site is optimized with the Yoast SEO plugin v25.3 - https:\/\/yoast.com\/wordpress\/plugins\/seo\/ -->\n<title>Bolivian amethyst bracelet for women, natural deep amethyst bracelet, collectible level - Jewelrystayone<\/title>\n<meta name=\"robots\" content=\"index, follow, max-snippet:-1, max-image-preview:large, max-video-preview:-1\" \/>\n<link rel=\"canonical\" href=\"https:\/\/www.jewelrystayone.com\/de\/produkt\/bolivian-amethyst-bracelet-for-women-natural-deep-amethyst-bracelet-collectible-level\/\" \/>\n<meta property=\"og:locale\" content=\"de_DE\" \/>\n<meta property=\"og:type\" content=\"article\" \/>\n<meta property=\"og:title\" content=\"Bolivian amethyst bracelet for women, natural deep amethyst bracelet, collectible level - Jewelrystayone\" \/>\n<meta property=\"og:description\" content=\"Amethyst is renowned for its beauty and nobility, symbolizing wisdom and intelligence. It represents deep love. Couples or spouses often wear it to express their loyalty and deep affection. It helps with study and exams, enhances concentration, improves sleep quality, attracts attention, keeps the mind clear, promotes a smooth love life, and relieves stress\" \/>\n<meta property=\"og:url\" content=\"https:\/\/www.jewelrystayone.com\/de\/produkt\/bolivian-amethyst-bracelet-for-women-natural-deep-amethyst-bracelet-collectible-level\/\" \/>\n<meta property=\"og:site_name\" content=\"Jewelrystayone\" \/>\n<meta property=\"article:modified_time\" content=\"2025-06-21T05:56:05+00:00\" \/>\n<meta property=\"og:image\" content=\"https:\/\/www.jewelrystayone.com\/wp-content\/uploads\/2025\/06\/10001-6.jpg\" \/>\n\t<meta property=\"og:image:width\" content=\"800\" \/>\n\t<meta property=\"og:image:height\" content=\"800\" \/>\n\t<meta property=\"og:image:type\" content=\"image\/jpeg\" \/>\n<meta name=\"twitter:card\" content=\"summary_large_image\" \/>\n<script type=\"application\/ld+json\" class=\"yoast-schema-graph\">{\"@context\":\"https:\/\/schema.org\",\"@graph\":[{\"@type\":\"WebPage\",\"@id\":\"https:\/\/www.jewelrystayone.com\/product\/bolivian-amethyst-bracelet-for-women-natural-deep-amethyst-bracelet-collectible-level\/\",\"url\":\"https:\/\/www.jewelrystayone.com\/product\/bolivian-amethyst-bracelet-for-women-natural-deep-amethyst-bracelet-collectible-level\/\",\"name\":\"Bolivian amethyst bracelet for women, natural deep amethyst bracelet, collectible level - Jewelrystayone\",\"isPartOf\":{\"@id\":\"https:\/\/www.jewelrystayone.com\/ru\/#website\"},\"primaryImageOfPage\":{\"@id\":\"https:\/\/www.jewelrystayone.com\/product\/bolivian-amethyst-bracelet-for-women-natural-deep-amethyst-bracelet-collectible-level\/#primaryimage\"},\"image\":{\"@id\":\"https:\/\/www.jewelrystayone.com\/product\/bolivian-amethyst-bracelet-for-women-natural-deep-amethyst-bracelet-collectible-level\/#primaryimage\"},\"thumbnailUrl\":\"https:\/\/www.jewelrystayone.com\/wp-content\/uploads\/2025\/06\/10001-6.jpg\",\"datePublished\":\"2025-06-06T03:29:04+00:00\",\"dateModified\":\"2025-06-21T05:56:05+00:00\",\"breadcrumb\":{\"@id\":\"https:\/\/www.jewelrystayone.com\/product\/bolivian-amethyst-bracelet-for-women-natural-deep-amethyst-bracelet-collectible-level\/#breadcrumb\"},\"inLanguage\":\"de\",\"potentialAction\":[{\"@type\":\"ReadAction\",\"target\":[\"https:\/\/www.jewelrystayone.com\/product\/bolivian-amethyst-bracelet-for-women-natural-deep-amethyst-bracelet-collectible-level\/\"]}]},{\"@type\":\"ImageObject\",\"inLanguage\":\"de\",\"@id\":\"https:\/\/www.jewelrystayone.com\/product\/bolivian-amethyst-bracelet-for-women-natural-deep-amethyst-bracelet-collectible-level\/#primaryimage\",\"url\":\"https:\/\/www.jewelrystayone.com\/wp-content\/uploads\/2025\/06\/10001-6.jpg\",\"contentUrl\":\"https:\/\/www.jewelrystayone.com\/wp-content\/uploads\/2025\/06\/10001-6.jpg\",\"width\":800,\"height\":800},{\"@type\":\"BreadcrumbList\",\"@id\":\"https:\/\/www.jewelrystayone.com\/product\/bolivian-amethyst-bracelet-for-women-natural-deep-amethyst-bracelet-collectible-level\/#breadcrumb\",\"itemListElement\":[{\"@type\":\"ListItem\",\"position\":1,\"name\":\"\u9996\u9875\",\"item\":\"https:\/\/www.jewelrystayone.com\/fr\/\"},{\"@type\":\"ListItem\",\"position\":2,\"name\":\"Shop\",\"item\":\"https:\/\/www.jewelrystayone.com\/es\/shop\/\"},{\"@type\":\"ListItem\",\"position\":3,\"name\":\"Bolivian amethyst bracelet for women, natural deep amethyst bracelet, collectible level\"}]},{\"@type\":\"WebSite\",\"@id\":\"https:\/\/www.jewelrystayone.com\/ru\/#website\",\"url\":\"https:\/\/www.jewelrystayone.com\/ru\/\",\"name\":\"Jewelrystayone\",\"description\":\"\",\"publisher\":{\"@id\":\"https:\/\/www.jewelrystayone.com\/ru\/#\/schema\/person\/01db54116eb815cce40511147c5b6f8a\"},\"potentialAction\":[{\"@type\":\"SearchAction\",\"target\":{\"@type\":\"EntryPoint\",\"urlTemplate\":\"https:\/\/www.jewelrystayone.com\/ru\/?s={search_term_string}\"},\"query-input\":{\"@type\":\"PropertyValueSpecification\",\"valueRequired\":true,\"valueName\":\"search_term_string\"}}],\"inLanguage\":\"de\"},{\"@type\":[\"Person\",\"Organization\"],\"@id\":\"https:\/\/www.jewelrystayone.com\/ru\/#\/schema\/person\/01db54116eb815cce40511147c5b6f8a\",\"name\":\"stayone\",\"image\":{\"@type\":\"ImageObject\",\"inLanguage\":\"de\",\"@id\":\"https:\/\/www.jewelrystayone.com\/ru\/#\/schema\/person\/image\/\",\"url\":\"https:\/\/www.jewelrystayone.com\/wp-content\/uploads\/2025\/06\/\u5934\u50cflogo.jpg\",\"contentUrl\":\"https:\/\/www.jewelrystayone.com\/wp-content\/uploads\/2025\/06\/\u5934\u50cflogo.jpg\",\"width\":512,\"height\":512,\"caption\":\"stayone\"},\"logo\":{\"@id\":\"https:\/\/www.jewelrystayone.com\/ru\/#\/schema\/person\/image\/\"}}]}<\/script>\n<!-- \/ Yoast SEO plugin. -->","yoast_head_json":{"title":"Bolivian amethyst bracelet for women, natural deep amethyst bracelet, collectible level - Jewelrystayone","robots":{"index":"index","follow":"follow","max-snippet":"max-snippet:-1","max-image-preview":"max-image-preview:large","max-video-preview":"max-video-preview:-1"},"canonical":"https:\/\/www.jewelrystayone.com\/de\/produkt\/bolivian-amethyst-bracelet-for-women-natural-deep-amethyst-bracelet-collectible-level\/","og_locale":"de_DE","og_type":"article","og_title":"Bolivian amethyst bracelet for women, natural deep amethyst bracelet, collectible level - Jewelrystayone","og_description":"Amethyst is renowned for its beauty and nobility, symbolizing wisdom and intelligence. It represents deep love. Couples or spouses often wear it to express their loyalty and deep affection. It helps with study and exams, enhances concentration, improves sleep quality, attracts attention, keeps the mind clear, promotes a smooth love life, and relieves stress","og_url":"https:\/\/www.jewelrystayone.com\/de\/produkt\/bolivian-amethyst-bracelet-for-women-natural-deep-amethyst-bracelet-collectible-level\/","og_site_name":"Jewelrystayone","article_modified_time":"2025-06-21T05:56:05+00:00","og_image":[{"width":800,"height":800,"url":"https:\/\/www.jewelrystayone.com\/wp-content\/uploads\/2025\/06\/10001-6.jpg","type":"image\/jpeg"}],"twitter_card":"summary_large_image","schema":{"@context":"https:\/\/schema.org","@graph":[{"@type":"WebPage","@id":"https:\/\/www.jewelrystayone.com\/product\/bolivian-amethyst-bracelet-for-women-natural-deep-amethyst-bracelet-collectible-level\/","url":"https:\/\/www.jewelrystayone.com\/product\/bolivian-amethyst-bracelet-for-women-natural-deep-amethyst-bracelet-collectible-level\/","name":"Bolivian amethyst bracelet for women, natural deep amethyst bracelet, collectible level - Jewelrystayone","isPartOf":{"@id":"https:\/\/www.jewelrystayone.com\/ru\/#website"},"primaryImageOfPage":{"@id":"https:\/\/www.jewelrystayone.com\/product\/bolivian-amethyst-bracelet-for-women-natural-deep-amethyst-bracelet-collectible-level\/#primaryimage"},"image":{"@id":"https:\/\/www.jewelrystayone.com\/product\/bolivian-amethyst-bracelet-for-women-natural-deep-amethyst-bracelet-collectible-level\/#primaryimage"},"thumbnailUrl":"https:\/\/www.jewelrystayone.com\/wp-content\/uploads\/2025\/06\/10001-6.jpg","datePublished":"2025-06-06T03:29:04+00:00","dateModified":"2025-06-21T05:56:05+00:00","breadcrumb":{"@id":"https:\/\/www.jewelrystayone.com\/product\/bolivian-amethyst-bracelet-for-women-natural-deep-amethyst-bracelet-collectible-level\/#breadcrumb"},"inLanguage":"de","potentialAction":[{"@type":"ReadAction","target":["https:\/\/www.jewelrystayone.com\/product\/bolivian-amethyst-bracelet-for-women-natural-deep-amethyst-bracelet-collectible-level\/"]}]},{"@type":"ImageObject","inLanguage":"de","@id":"https:\/\/www.jewelrystayone.com\/product\/bolivian-amethyst-bracelet-for-women-natural-deep-amethyst-bracelet-collectible-level\/#primaryimage","url":"https:\/\/www.jewelrystayone.com\/wp-content\/uploads\/2025\/06\/10001-6.jpg","contentUrl":"https:\/\/www.jewelrystayone.com\/wp-content\/uploads\/2025\/06\/10001-6.jpg","width":800,"height":800},{"@type":"BreadcrumbList","@id":"https:\/\/www.jewelrystayone.com\/product\/bolivian-amethyst-bracelet-for-women-natural-deep-amethyst-bracelet-collectible-level\/#breadcrumb","itemListElement":[{"@type":"ListItem","position":1,"name":"\u9996\u9875","item":"https:\/\/www.jewelrystayone.com\/fr\/"},{"@type":"ListItem","position":2,"name":"Shop","item":"https:\/\/www.jewelrystayone.com\/es\/shop\/"},{"@type":"ListItem","position":3,"name":"Bolivian amethyst bracelet for women, natural deep amethyst bracelet, collectible level"}]},{"@type":"WebSite","@id":"https:\/\/www.jewelrystayone.com\/ru\/#website","url":"https:\/\/www.jewelrystayone.com\/ru\/","name":"Jewelrystayone","description":"","publisher":{"@id":"https:\/\/www.jewelrystayone.com\/ru\/#\/schema\/person\/01db54116eb815cce40511147c5b6f8a"},"potentialAction":[{"@type":"SearchAction","target":{"@type":"EntryPoint","urlTemplate":"https:\/\/www.jewelrystayone.com\/ru\/?s={search_term_string}"},"query-input":{"@type":"PropertyValueSpecification","valueRequired":true,"valueName":"search_term_string"}}],"inLanguage":"de"},{"@type":["Person","Organization"],"@id":"https:\/\/www.jewelrystayone.com\/ru\/#\/schema\/person\/01db54116eb815cce40511147c5b6f8a","name":"stayone","image":{"@type":"ImageObject","inLanguage":"de","@id":"https:\/\/www.jewelrystayone.com\/ru\/#\/schema\/person\/image\/","url":"https:\/\/www.jewelrystayone.com\/wp-content\/uploads\/2025\/06\/\u5934\u50cflogo.jpg","contentUrl":"https:\/\/www.jewelrystayone.com\/wp-content\/uploads\/2025\/06\/\u5934\u50cflogo.jpg","width":512,"height":512,"caption":"stayone"},"logo":{"@id":"https:\/\/www.jewelrystayone.com\/ru\/#\/schema\/person\/image\/"}}]}},"_links":{"self":[{"href":"https:\/\/www.jewelrystayone.com\/de\/wp-json\/wp\/v2\/product\/1148","targetHints":{"allow":["GET"]}}],"collection":[{"href":"https:\/\/www.jewelrystayone.com\/de\/wp-json\/wp\/v2\/product"}],"about":[{"href":"https:\/\/www.jewelrystayone.com\/de\/wp-json\/wp\/v2\/types\/product"}],"wp:featuredmedia":[{"embeddable":true,"href":"https:\/\/www.jewelrystayone.com\/de\/wp-json\/wp\/v2\/media\/1149"}],"wp:attachment":[{"href":"https:\/\/www.jewelrystayone.com\/de\/wp-json\/wp\/v2\/media?parent=1148"}],"wp:term":[{"taxonomy":"product_cat","embeddable":true,"href":"https:\/\/www.jewelrystayone.com\/de\/wp-json\/wp\/v2\/product_cat?post=1148"},{"taxonomy":"product_tag","embeddable":true,"href":"https:\/\/www.jewelrystayone.com\/de\/wp-json\/wp\/v2\/product_tag?post=1148"}],"curies":[{"name":"wp","href":"https:\/\/api.w.org\/{rel}","templated":true}]}}