{"id":1158,"date":"2025-06-06T03:30:51","date_gmt":"2025-06-06T03:30:51","guid":{"rendered":"http:\/\/www.jewelrystayone.com\/?post_type=product&#038;p=1158"},"modified":"2025-06-21T05:55:22","modified_gmt":"2025-06-21T05:55:22","slug":"natural-bovine-heme-glue-flower-crystal-plain-circle-bracelet-for-women-elegant-and-versatile-attracting-wealth-a-perfect-gift-for-couples","status":"publish","type":"product","link":"https:\/\/www.jewelrystayone.com\/de\/product\/natural-bovine-heme-glue-flower-crystal-plain-circle-bracelet-for-women-elegant-and-versatile-attracting-wealth-a-perfect-gift-for-couples\/","title":{"rendered":"Nat\u00fcrliche Rinderh\u00e4me Leim Blume Kristall Ebene Kreis Armband f\u00fcr Frauen, elegant und vielseitig, zieht Reichtum, ein perfektes Geschenk f\u00fcr Paare"},"content":{"rendered":"","protected":false},"excerpt":{"rendered":"<p>Er zieht Talente und Segen an: Die rote Farbe des Red Gum Flower Kristalls symbolisiert Gl\u00fcck und Verhei\u00dfung. Er hilft dabei, Reichtum und Segen anzuziehen und die finanziellen und beruflichen Aussichten zu verbessern.<br \/>\nSteigerung der Beliebtheit: Roter Gummibl\u00fctenkristall kann den Enthusiasmus und die Vitalit\u00e4t der Menschen anregen, den pers\u00f6nlichen Charme und die Anziehungskraft erh\u00f6hen, was zur Verbesserung der zwischenmenschlichen Beziehungen und zur Steigerung der Beliebtheit beitr\u00e4gt.<br \/>\nEs wird angenommen, dass Rot die Funktion hat, das B\u00f6se und Ungl\u00fcck abzuwehren. Der rote Gummibl\u00fctenkristall kann vor dem Eindringen negativer Energie sch\u00fctzen und bringt Frieden und Gl\u00fcck.<br \/>\nB\u00f6ses und Ungl\u00fcck abwehren, Talente und Segen anziehen und die Beziehungen zu anderen verbessern<\/p>","protected":false},"featured_media":1167,"template":"","meta":[],"product_cat":[109],"product_tag":[],"class_list":["post-1158","product","type-product","status-publish","has-post-thumbnail","hentry","product_cat-natural-crystal"],"yoast_head":"<!-- This site is optimized with the Yoast SEO plugin v25.3 - https:\/\/yoast.com\/wordpress\/plugins\/seo\/ -->\n<title>Natural bovine heme glue flower crystal plain circle bracelet for women, elegant and versatile, attracting wealth, a perfect gift for couples - Jewelrystayone<\/title>\n<meta name=\"robots\" content=\"index, follow, max-snippet:-1, max-image-preview:large, max-video-preview:-1\" \/>\n<link rel=\"canonical\" href=\"https:\/\/www.jewelrystayone.com\/de\/produkt\/natural-bovine-heme-glue-flower-crystal-plain-circle-bracelet-for-women-elegant-and-versatile-attracting-wealth-a-perfect-gift-for-couples\/\" \/>\n<meta property=\"og:locale\" content=\"de_DE\" \/>\n<meta property=\"og:type\" content=\"article\" \/>\n<meta property=\"og:title\" content=\"Natural bovine heme glue flower crystal plain circle bracelet for women, elegant and versatile, attracting wealth, a perfect gift for couples - Jewelrystayone\" \/>\n<meta property=\"og:description\" content=\"Attracting talents and blessings: The red color of red gum flower crystal symbolizes good fortune and auspiciousness. It helps to attract wealth and blessings, enhancing one&#039;s financial and career prospects. Enhancing popularity: Red gum flower crystal can inspire people&#039;s enthusiasm and vitality, enhance personal charm and appeal, which is conducive to improving interpersonal relationships and enhancing popularity. Red is believed to have the function of warding off evil and misfortune. Red gum flower crystal can protect against the invasion of negative energy, bringing peace and good fortune. Ward off evil and misfortune, attract talents and blessings, and enhance connections with others\" \/>\n<meta property=\"og:url\" content=\"https:\/\/www.jewelrystayone.com\/de\/produkt\/natural-bovine-heme-glue-flower-crystal-plain-circle-bracelet-for-women-elegant-and-versatile-attracting-wealth-a-perfect-gift-for-couples\/\" \/>\n<meta property=\"og:site_name\" content=\"Jewelrystayone\" \/>\n<meta property=\"article:modified_time\" content=\"2025-06-21T05:55:22+00:00\" \/>\n<meta property=\"og:image\" content=\"https:\/\/www.jewelrystayone.com\/wp-content\/uploads\/2025\/06\/1-3.jpg\" \/>\n\t<meta property=\"og:image:width\" content=\"1000\" \/>\n\t<meta property=\"og:image:height\" content=\"1000\" \/>\n\t<meta property=\"og:image:type\" content=\"image\/jpeg\" \/>\n<meta name=\"twitter:card\" content=\"summary_large_image\" \/>\n<meta name=\"twitter:label1\" content=\"Gesch\u00e4tzte Lesezeit\" \/>\n\t<meta name=\"twitter:data1\" content=\"1\u00a0Minute\" \/>\n<script type=\"application\/ld+json\" class=\"yoast-schema-graph\">{\"@context\":\"https:\/\/schema.org\",\"@graph\":[{\"@type\":\"WebPage\",\"@id\":\"https:\/\/www.jewelrystayone.com\/product\/natural-bovine-heme-glue-flower-crystal-plain-circle-bracelet-for-women-elegant-and-versatile-attracting-wealth-a-perfect-gift-for-couples\/\",\"url\":\"https:\/\/www.jewelrystayone.com\/product\/natural-bovine-heme-glue-flower-crystal-plain-circle-bracelet-for-women-elegant-and-versatile-attracting-wealth-a-perfect-gift-for-couples\/\",\"name\":\"Natural bovine heme glue flower crystal plain circle bracelet for women, elegant and versatile, attracting wealth, a perfect gift for couples - Jewelrystayone\",\"isPartOf\":{\"@id\":\"https:\/\/www.jewelrystayone.com\/ru\/#website\"},\"primaryImageOfPage\":{\"@id\":\"https:\/\/www.jewelrystayone.com\/product\/natural-bovine-heme-glue-flower-crystal-plain-circle-bracelet-for-women-elegant-and-versatile-attracting-wealth-a-perfect-gift-for-couples\/#primaryimage\"},\"image\":{\"@id\":\"https:\/\/www.jewelrystayone.com\/product\/natural-bovine-heme-glue-flower-crystal-plain-circle-bracelet-for-women-elegant-and-versatile-attracting-wealth-a-perfect-gift-for-couples\/#primaryimage\"},\"thumbnailUrl\":\"https:\/\/www.jewelrystayone.com\/wp-content\/uploads\/2025\/06\/1-3.jpg\",\"datePublished\":\"2025-06-06T03:30:51+00:00\",\"dateModified\":\"2025-06-21T05:55:22+00:00\",\"breadcrumb\":{\"@id\":\"https:\/\/www.jewelrystayone.com\/product\/natural-bovine-heme-glue-flower-crystal-plain-circle-bracelet-for-women-elegant-and-versatile-attracting-wealth-a-perfect-gift-for-couples\/#breadcrumb\"},\"inLanguage\":\"de\",\"potentialAction\":[{\"@type\":\"ReadAction\",\"target\":[\"https:\/\/www.jewelrystayone.com\/product\/natural-bovine-heme-glue-flower-crystal-plain-circle-bracelet-for-women-elegant-and-versatile-attracting-wealth-a-perfect-gift-for-couples\/\"]}]},{\"@type\":\"ImageObject\",\"inLanguage\":\"de\",\"@id\":\"https:\/\/www.jewelrystayone.com\/product\/natural-bovine-heme-glue-flower-crystal-plain-circle-bracelet-for-women-elegant-and-versatile-attracting-wealth-a-perfect-gift-for-couples\/#primaryimage\",\"url\":\"https:\/\/www.jewelrystayone.com\/wp-content\/uploads\/2025\/06\/1-3.jpg\",\"contentUrl\":\"https:\/\/www.jewelrystayone.com\/wp-content\/uploads\/2025\/06\/1-3.jpg\",\"width\":1000,\"height\":1000},{\"@type\":\"BreadcrumbList\",\"@id\":\"https:\/\/www.jewelrystayone.com\/product\/natural-bovine-heme-glue-flower-crystal-plain-circle-bracelet-for-women-elegant-and-versatile-attracting-wealth-a-perfect-gift-for-couples\/#breadcrumb\",\"itemListElement\":[{\"@type\":\"ListItem\",\"position\":1,\"name\":\"\u9996\u9875\",\"item\":\"https:\/\/www.jewelrystayone.com\/fr\/\"},{\"@type\":\"ListItem\",\"position\":2,\"name\":\"Shop\",\"item\":\"https:\/\/www.jewelrystayone.com\/es\/shop\/\"},{\"@type\":\"ListItem\",\"position\":3,\"name\":\"Natural bovine heme glue flower crystal plain circle bracelet for women, elegant and versatile, attracting wealth, a perfect gift for couples\"}]},{\"@type\":\"WebSite\",\"@id\":\"https:\/\/www.jewelrystayone.com\/ru\/#website\",\"url\":\"https:\/\/www.jewelrystayone.com\/ru\/\",\"name\":\"Jewelrystayone\",\"description\":\"\",\"publisher\":{\"@id\":\"https:\/\/www.jewelrystayone.com\/ru\/#\/schema\/person\/01db54116eb815cce40511147c5b6f8a\"},\"potentialAction\":[{\"@type\":\"SearchAction\",\"target\":{\"@type\":\"EntryPoint\",\"urlTemplate\":\"https:\/\/www.jewelrystayone.com\/ru\/?s={search_term_string}\"},\"query-input\":{\"@type\":\"PropertyValueSpecification\",\"valueRequired\":true,\"valueName\":\"search_term_string\"}}],\"inLanguage\":\"de\"},{\"@type\":[\"Person\",\"Organization\"],\"@id\":\"https:\/\/www.jewelrystayone.com\/ru\/#\/schema\/person\/01db54116eb815cce40511147c5b6f8a\",\"name\":\"stayone\",\"image\":{\"@type\":\"ImageObject\",\"inLanguage\":\"de\",\"@id\":\"https:\/\/www.jewelrystayone.com\/ru\/#\/schema\/person\/image\/\",\"url\":\"https:\/\/www.jewelrystayone.com\/wp-content\/uploads\/2025\/06\/\u5934\u50cflogo.jpg\",\"contentUrl\":\"https:\/\/www.jewelrystayone.com\/wp-content\/uploads\/2025\/06\/\u5934\u50cflogo.jpg\",\"width\":512,\"height\":512,\"caption\":\"stayone\"},\"logo\":{\"@id\":\"https:\/\/www.jewelrystayone.com\/ru\/#\/schema\/person\/image\/\"}}]}<\/script>\n<!-- \/ Yoast SEO plugin. -->","yoast_head_json":{"title":"Natural bovine heme glue flower crystal plain circle bracelet for women, elegant and versatile, attracting wealth, a perfect gift for couples - Jewelrystayone","robots":{"index":"index","follow":"follow","max-snippet":"max-snippet:-1","max-image-preview":"max-image-preview:large","max-video-preview":"max-video-preview:-1"},"canonical":"https:\/\/www.jewelrystayone.com\/de\/produkt\/natural-bovine-heme-glue-flower-crystal-plain-circle-bracelet-for-women-elegant-and-versatile-attracting-wealth-a-perfect-gift-for-couples\/","og_locale":"de_DE","og_type":"article","og_title":"Natural bovine heme glue flower crystal plain circle bracelet for women, elegant and versatile, attracting wealth, a perfect gift for couples - Jewelrystayone","og_description":"Attracting talents and blessings: The red color of red gum flower crystal symbolizes good fortune and auspiciousness. It helps to attract wealth and blessings, enhancing one's financial and career prospects. Enhancing popularity: Red gum flower crystal can inspire people's enthusiasm and vitality, enhance personal charm and appeal, which is conducive to improving interpersonal relationships and enhancing popularity. Red is believed to have the function of warding off evil and misfortune. Red gum flower crystal can protect against the invasion of negative energy, bringing peace and good fortune. Ward off evil and misfortune, attract talents and blessings, and enhance connections with others","og_url":"https:\/\/www.jewelrystayone.com\/de\/produkt\/natural-bovine-heme-glue-flower-crystal-plain-circle-bracelet-for-women-elegant-and-versatile-attracting-wealth-a-perfect-gift-for-couples\/","og_site_name":"Jewelrystayone","article_modified_time":"2025-06-21T05:55:22+00:00","og_image":[{"width":1000,"height":1000,"url":"https:\/\/www.jewelrystayone.com\/wp-content\/uploads\/2025\/06\/1-3.jpg","type":"image\/jpeg"}],"twitter_card":"summary_large_image","twitter_misc":{"Gesch\u00e4tzte Lesezeit":"1\u00a0Minute"},"schema":{"@context":"https:\/\/schema.org","@graph":[{"@type":"WebPage","@id":"https:\/\/www.jewelrystayone.com\/product\/natural-bovine-heme-glue-flower-crystal-plain-circle-bracelet-for-women-elegant-and-versatile-attracting-wealth-a-perfect-gift-for-couples\/","url":"https:\/\/www.jewelrystayone.com\/product\/natural-bovine-heme-glue-flower-crystal-plain-circle-bracelet-for-women-elegant-and-versatile-attracting-wealth-a-perfect-gift-for-couples\/","name":"Natural bovine heme glue flower crystal plain circle bracelet for women, elegant and versatile, attracting wealth, a perfect gift for couples - Jewelrystayone","isPartOf":{"@id":"https:\/\/www.jewelrystayone.com\/ru\/#website"},"primaryImageOfPage":{"@id":"https:\/\/www.jewelrystayone.com\/product\/natural-bovine-heme-glue-flower-crystal-plain-circle-bracelet-for-women-elegant-and-versatile-attracting-wealth-a-perfect-gift-for-couples\/#primaryimage"},"image":{"@id":"https:\/\/www.jewelrystayone.com\/product\/natural-bovine-heme-glue-flower-crystal-plain-circle-bracelet-for-women-elegant-and-versatile-attracting-wealth-a-perfect-gift-for-couples\/#primaryimage"},"thumbnailUrl":"https:\/\/www.jewelrystayone.com\/wp-content\/uploads\/2025\/06\/1-3.jpg","datePublished":"2025-06-06T03:30:51+00:00","dateModified":"2025-06-21T05:55:22+00:00","breadcrumb":{"@id":"https:\/\/www.jewelrystayone.com\/product\/natural-bovine-heme-glue-flower-crystal-plain-circle-bracelet-for-women-elegant-and-versatile-attracting-wealth-a-perfect-gift-for-couples\/#breadcrumb"},"inLanguage":"de","potentialAction":[{"@type":"ReadAction","target":["https:\/\/www.jewelrystayone.com\/product\/natural-bovine-heme-glue-flower-crystal-plain-circle-bracelet-for-women-elegant-and-versatile-attracting-wealth-a-perfect-gift-for-couples\/"]}]},{"@type":"ImageObject","inLanguage":"de","@id":"https:\/\/www.jewelrystayone.com\/product\/natural-bovine-heme-glue-flower-crystal-plain-circle-bracelet-for-women-elegant-and-versatile-attracting-wealth-a-perfect-gift-for-couples\/#primaryimage","url":"https:\/\/www.jewelrystayone.com\/wp-content\/uploads\/2025\/06\/1-3.jpg","contentUrl":"https:\/\/www.jewelrystayone.com\/wp-content\/uploads\/2025\/06\/1-3.jpg","width":1000,"height":1000},{"@type":"BreadcrumbList","@id":"https:\/\/www.jewelrystayone.com\/product\/natural-bovine-heme-glue-flower-crystal-plain-circle-bracelet-for-women-elegant-and-versatile-attracting-wealth-a-perfect-gift-for-couples\/#breadcrumb","itemListElement":[{"@type":"ListItem","position":1,"name":"\u9996\u9875","item":"https:\/\/www.jewelrystayone.com\/fr\/"},{"@type":"ListItem","position":2,"name":"Shop","item":"https:\/\/www.jewelrystayone.com\/es\/shop\/"},{"@type":"ListItem","position":3,"name":"Natural bovine heme glue flower crystal plain circle bracelet for women, elegant and versatile, attracting wealth, a perfect gift for couples"}]},{"@type":"WebSite","@id":"https:\/\/www.jewelrystayone.com\/ru\/#website","url":"https:\/\/www.jewelrystayone.com\/ru\/","name":"Jewelrystayone","description":"","publisher":{"@id":"https:\/\/www.jewelrystayone.com\/ru\/#\/schema\/person\/01db54116eb815cce40511147c5b6f8a"},"potentialAction":[{"@type":"SearchAction","target":{"@type":"EntryPoint","urlTemplate":"https:\/\/www.jewelrystayone.com\/ru\/?s={search_term_string}"},"query-input":{"@type":"PropertyValueSpecification","valueRequired":true,"valueName":"search_term_string"}}],"inLanguage":"de"},{"@type":["Person","Organization"],"@id":"https:\/\/www.jewelrystayone.com\/ru\/#\/schema\/person\/01db54116eb815cce40511147c5b6f8a","name":"stayone","image":{"@type":"ImageObject","inLanguage":"de","@id":"https:\/\/www.jewelrystayone.com\/ru\/#\/schema\/person\/image\/","url":"https:\/\/www.jewelrystayone.com\/wp-content\/uploads\/2025\/06\/\u5934\u50cflogo.jpg","contentUrl":"https:\/\/www.jewelrystayone.com\/wp-content\/uploads\/2025\/06\/\u5934\u50cflogo.jpg","width":512,"height":512,"caption":"stayone"},"logo":{"@id":"https:\/\/www.jewelrystayone.com\/ru\/#\/schema\/person\/image\/"}}]}},"_links":{"self":[{"href":"https:\/\/www.jewelrystayone.com\/de\/wp-json\/wp\/v2\/product\/1158","targetHints":{"allow":["GET"]}}],"collection":[{"href":"https:\/\/www.jewelrystayone.com\/de\/wp-json\/wp\/v2\/product"}],"about":[{"href":"https:\/\/www.jewelrystayone.com\/de\/wp-json\/wp\/v2\/types\/product"}],"wp:featuredmedia":[{"embeddable":true,"href":"https:\/\/www.jewelrystayone.com\/de\/wp-json\/wp\/v2\/media\/1167"}],"wp:attachment":[{"href":"https:\/\/www.jewelrystayone.com\/de\/wp-json\/wp\/v2\/media?parent=1158"}],"wp:term":[{"taxonomy":"product_cat","embeddable":true,"href":"https:\/\/www.jewelrystayone.com\/de\/wp-json\/wp\/v2\/product_cat?post=1158"},{"taxonomy":"product_tag","embeddable":true,"href":"https:\/\/www.jewelrystayone.com\/de\/wp-json\/wp\/v2\/product_tag?post=1158"}],"curies":[{"name":"wp","href":"https:\/\/api.w.org\/{rel}","templated":true}]}}