{"id":1124,"date":"2025-06-06T03:25:29","date_gmt":"2025-06-06T03:25:29","guid":{"rendered":"http:\/\/www.jewelrystayone.com\/?post_type=product&#038;p=1124"},"modified":"2025-06-21T05:56:49","modified_gmt":"2025-06-21T05:56:49","slug":"12-pieces-of-20mm-high-quality-carved-buddhist-prayer-beads-made-of-rosewood","status":"publish","type":"product","link":"https:\/\/www.jewelrystayone.com\/es\/product\/12-pieces-of-20mm-high-quality-carved-buddhist-prayer-beads-made-of-rosewood\/","title":{"rendered":"12 piezas de 20 mm de alta calidad tallada budista cuentas de oraci\u00f3n de palo de rosa"},"content":{"rendered":"","protected":false},"excerpt":{"rendered":"<p>La pulsera de palo de rosa puede eliminar el sentimiento de culpa en el coraz\u00f3n, cultivar buenos h\u00e1bitos, evitar meterse en situaciones peligrosas, satisfacer deseos razonables, incluido el dinero, y prevenir enfermedades como la hipertensi\u00f3n y las cardiopat\u00edas. Es un s\u00edmbolo de atracci\u00f3n de la riqueza y la buena suerte, y puede atraer la buena fortuna y la riqueza.<\/p>","protected":false},"featured_media":1127,"template":"","meta":[],"product_cat":[108],"product_tag":[],"class_list":["post-1124","product","type-product","status-publish","has-post-thumbnail","hentry","product_cat-rosary-beads"],"yoast_head":"<!-- This site is optimized with the Yoast SEO plugin v25.3 - https:\/\/yoast.com\/wordpress\/plugins\/seo\/ -->\n<title>12 pieces of 20mm high-quality carved Buddhist prayer beads made of rosewood - Jewelrystayone<\/title>\n<meta name=\"robots\" content=\"index, follow, max-snippet:-1, max-image-preview:large, max-video-preview:-1\" \/>\n<link rel=\"canonical\" href=\"https:\/\/www.jewelrystayone.com\/es\/producto\/12-pieces-of-20mm-high-quality-carved-buddhist-prayer-beads-made-of-rosewood\/\" \/>\n<meta property=\"og:locale\" content=\"es_ES\" \/>\n<meta property=\"og:type\" content=\"article\" \/>\n<meta property=\"og:title\" content=\"12 pieces of 20mm high-quality carved Buddhist prayer beads made of rosewood - Jewelrystayone\" \/>\n<meta property=\"og:description\" content=\"The rosewood bracelet can eliminate the sense of guilt in the heart, cultivate good habits, avoid getting into dangerous situations, satisfy reasonable desires including money, and prevent diseases such as hypertension and heart disease. It is a symbol of attracting wealth and good luck, and can bring good fortune and wealth.\" \/>\n<meta property=\"og:url\" content=\"https:\/\/www.jewelrystayone.com\/es\/producto\/12-pieces-of-20mm-high-quality-carved-buddhist-prayer-beads-made-of-rosewood\/\" \/>\n<meta property=\"og:site_name\" content=\"Jewelrystayone\" \/>\n<meta property=\"article:modified_time\" content=\"2025-06-21T05:56:49+00:00\" \/>\n<meta property=\"og:image\" content=\"https:\/\/www.jewelrystayone.com\/wp-content\/uploads\/2025\/06\/1.jpeg\" \/>\n\t<meta property=\"og:image:width\" content=\"800\" \/>\n\t<meta property=\"og:image:height\" content=\"800\" \/>\n\t<meta property=\"og:image:type\" content=\"image\/jpeg\" \/>\n<meta name=\"twitter:card\" content=\"summary_large_image\" \/>\n<meta name=\"twitter:label1\" content=\"Tiempo de lectura\" \/>\n\t<meta name=\"twitter:data1\" content=\"1 minuto\" \/>\n<script type=\"application\/ld+json\" class=\"yoast-schema-graph\">{\"@context\":\"https:\/\/schema.org\",\"@graph\":[{\"@type\":\"WebPage\",\"@id\":\"https:\/\/www.jewelrystayone.com\/product\/12-pieces-of-20mm-high-quality-carved-buddhist-prayer-beads-made-of-rosewood\/\",\"url\":\"https:\/\/www.jewelrystayone.com\/product\/12-pieces-of-20mm-high-quality-carved-buddhist-prayer-beads-made-of-rosewood\/\",\"name\":\"12 pieces of 20mm high-quality carved Buddhist prayer beads made of rosewood - Jewelrystayone\",\"isPartOf\":{\"@id\":\"https:\/\/www.jewelrystayone.com\/ru\/#website\"},\"primaryImageOfPage\":{\"@id\":\"https:\/\/www.jewelrystayone.com\/product\/12-pieces-of-20mm-high-quality-carved-buddhist-prayer-beads-made-of-rosewood\/#primaryimage\"},\"image\":{\"@id\":\"https:\/\/www.jewelrystayone.com\/product\/12-pieces-of-20mm-high-quality-carved-buddhist-prayer-beads-made-of-rosewood\/#primaryimage\"},\"thumbnailUrl\":\"https:\/\/www.jewelrystayone.com\/wp-content\/uploads\/2025\/06\/1.jpeg\",\"datePublished\":\"2025-06-06T03:25:29+00:00\",\"dateModified\":\"2025-06-21T05:56:49+00:00\",\"breadcrumb\":{\"@id\":\"https:\/\/www.jewelrystayone.com\/product\/12-pieces-of-20mm-high-quality-carved-buddhist-prayer-beads-made-of-rosewood\/#breadcrumb\"},\"inLanguage\":\"es\",\"potentialAction\":[{\"@type\":\"ReadAction\",\"target\":[\"https:\/\/www.jewelrystayone.com\/product\/12-pieces-of-20mm-high-quality-carved-buddhist-prayer-beads-made-of-rosewood\/\"]}]},{\"@type\":\"ImageObject\",\"inLanguage\":\"es\",\"@id\":\"https:\/\/www.jewelrystayone.com\/product\/12-pieces-of-20mm-high-quality-carved-buddhist-prayer-beads-made-of-rosewood\/#primaryimage\",\"url\":\"https:\/\/www.jewelrystayone.com\/wp-content\/uploads\/2025\/06\/1.jpeg\",\"contentUrl\":\"https:\/\/www.jewelrystayone.com\/wp-content\/uploads\/2025\/06\/1.jpeg\",\"width\":800,\"height\":800},{\"@type\":\"BreadcrumbList\",\"@id\":\"https:\/\/www.jewelrystayone.com\/product\/12-pieces-of-20mm-high-quality-carved-buddhist-prayer-beads-made-of-rosewood\/#breadcrumb\",\"itemListElement\":[{\"@type\":\"ListItem\",\"position\":1,\"name\":\"\u9996\u9875\",\"item\":\"https:\/\/www.jewelrystayone.com\/fr\/\"},{\"@type\":\"ListItem\",\"position\":2,\"name\":\"Shop\",\"item\":\"https:\/\/www.jewelrystayone.com\/es\/shop\/\"},{\"@type\":\"ListItem\",\"position\":3,\"name\":\"12 pieces of 20mm high-quality carved Buddhist prayer beads made of rosewood\"}]},{\"@type\":\"WebSite\",\"@id\":\"https:\/\/www.jewelrystayone.com\/ru\/#website\",\"url\":\"https:\/\/www.jewelrystayone.com\/ru\/\",\"name\":\"Jewelrystayone\",\"description\":\"\",\"publisher\":{\"@id\":\"https:\/\/www.jewelrystayone.com\/ru\/#\/schema\/person\/01db54116eb815cce40511147c5b6f8a\"},\"potentialAction\":[{\"@type\":\"SearchAction\",\"target\":{\"@type\":\"EntryPoint\",\"urlTemplate\":\"https:\/\/www.jewelrystayone.com\/ru\/?s={search_term_string}\"},\"query-input\":{\"@type\":\"PropertyValueSpecification\",\"valueRequired\":true,\"valueName\":\"search_term_string\"}}],\"inLanguage\":\"es\"},{\"@type\":[\"Person\",\"Organization\"],\"@id\":\"https:\/\/www.jewelrystayone.com\/ru\/#\/schema\/person\/01db54116eb815cce40511147c5b6f8a\",\"name\":\"stayone\",\"image\":{\"@type\":\"ImageObject\",\"inLanguage\":\"es\",\"@id\":\"https:\/\/www.jewelrystayone.com\/ru\/#\/schema\/person\/image\/\",\"url\":\"https:\/\/www.jewelrystayone.com\/wp-content\/uploads\/2025\/06\/\u5934\u50cflogo.jpg\",\"contentUrl\":\"https:\/\/www.jewelrystayone.com\/wp-content\/uploads\/2025\/06\/\u5934\u50cflogo.jpg\",\"width\":512,\"height\":512,\"caption\":\"stayone\"},\"logo\":{\"@id\":\"https:\/\/www.jewelrystayone.com\/ru\/#\/schema\/person\/image\/\"}}]}<\/script>\n<!-- \/ Yoast SEO plugin. -->","yoast_head_json":{"title":"12 pieces of 20mm high-quality carved Buddhist prayer beads made of rosewood - Jewelrystayone","robots":{"index":"index","follow":"follow","max-snippet":"max-snippet:-1","max-image-preview":"max-image-preview:large","max-video-preview":"max-video-preview:-1"},"canonical":"https:\/\/www.jewelrystayone.com\/es\/producto\/12-pieces-of-20mm-high-quality-carved-buddhist-prayer-beads-made-of-rosewood\/","og_locale":"es_ES","og_type":"article","og_title":"12 pieces of 20mm high-quality carved Buddhist prayer beads made of rosewood - Jewelrystayone","og_description":"The rosewood bracelet can eliminate the sense of guilt in the heart, cultivate good habits, avoid getting into dangerous situations, satisfy reasonable desires including money, and prevent diseases such as hypertension and heart disease. It is a symbol of attracting wealth and good luck, and can bring good fortune and wealth.","og_url":"https:\/\/www.jewelrystayone.com\/es\/producto\/12-pieces-of-20mm-high-quality-carved-buddhist-prayer-beads-made-of-rosewood\/","og_site_name":"Jewelrystayone","article_modified_time":"2025-06-21T05:56:49+00:00","og_image":[{"width":800,"height":800,"url":"https:\/\/www.jewelrystayone.com\/wp-content\/uploads\/2025\/06\/1.jpeg","type":"image\/jpeg"}],"twitter_card":"summary_large_image","twitter_misc":{"Tiempo de lectura":"1 minuto"},"schema":{"@context":"https:\/\/schema.org","@graph":[{"@type":"WebPage","@id":"https:\/\/www.jewelrystayone.com\/product\/12-pieces-of-20mm-high-quality-carved-buddhist-prayer-beads-made-of-rosewood\/","url":"https:\/\/www.jewelrystayone.com\/product\/12-pieces-of-20mm-high-quality-carved-buddhist-prayer-beads-made-of-rosewood\/","name":"12 pieces of 20mm high-quality carved Buddhist prayer beads made of rosewood - Jewelrystayone","isPartOf":{"@id":"https:\/\/www.jewelrystayone.com\/ru\/#website"},"primaryImageOfPage":{"@id":"https:\/\/www.jewelrystayone.com\/product\/12-pieces-of-20mm-high-quality-carved-buddhist-prayer-beads-made-of-rosewood\/#primaryimage"},"image":{"@id":"https:\/\/www.jewelrystayone.com\/product\/12-pieces-of-20mm-high-quality-carved-buddhist-prayer-beads-made-of-rosewood\/#primaryimage"},"thumbnailUrl":"https:\/\/www.jewelrystayone.com\/wp-content\/uploads\/2025\/06\/1.jpeg","datePublished":"2025-06-06T03:25:29+00:00","dateModified":"2025-06-21T05:56:49+00:00","breadcrumb":{"@id":"https:\/\/www.jewelrystayone.com\/product\/12-pieces-of-20mm-high-quality-carved-buddhist-prayer-beads-made-of-rosewood\/#breadcrumb"},"inLanguage":"es","potentialAction":[{"@type":"ReadAction","target":["https:\/\/www.jewelrystayone.com\/product\/12-pieces-of-20mm-high-quality-carved-buddhist-prayer-beads-made-of-rosewood\/"]}]},{"@type":"ImageObject","inLanguage":"es","@id":"https:\/\/www.jewelrystayone.com\/product\/12-pieces-of-20mm-high-quality-carved-buddhist-prayer-beads-made-of-rosewood\/#primaryimage","url":"https:\/\/www.jewelrystayone.com\/wp-content\/uploads\/2025\/06\/1.jpeg","contentUrl":"https:\/\/www.jewelrystayone.com\/wp-content\/uploads\/2025\/06\/1.jpeg","width":800,"height":800},{"@type":"BreadcrumbList","@id":"https:\/\/www.jewelrystayone.com\/product\/12-pieces-of-20mm-high-quality-carved-buddhist-prayer-beads-made-of-rosewood\/#breadcrumb","itemListElement":[{"@type":"ListItem","position":1,"name":"\u9996\u9875","item":"https:\/\/www.jewelrystayone.com\/fr\/"},{"@type":"ListItem","position":2,"name":"Shop","item":"https:\/\/www.jewelrystayone.com\/es\/shop\/"},{"@type":"ListItem","position":3,"name":"12 pieces of 20mm high-quality carved Buddhist prayer beads made of rosewood"}]},{"@type":"WebSite","@id":"https:\/\/www.jewelrystayone.com\/ru\/#website","url":"https:\/\/www.jewelrystayone.com\/ru\/","name":"Jewelrystayone","description":"","publisher":{"@id":"https:\/\/www.jewelrystayone.com\/ru\/#\/schema\/person\/01db54116eb815cce40511147c5b6f8a"},"potentialAction":[{"@type":"SearchAction","target":{"@type":"EntryPoint","urlTemplate":"https:\/\/www.jewelrystayone.com\/ru\/?s={search_term_string}"},"query-input":{"@type":"PropertyValueSpecification","valueRequired":true,"valueName":"search_term_string"}}],"inLanguage":"es"},{"@type":["Person","Organization"],"@id":"https:\/\/www.jewelrystayone.com\/ru\/#\/schema\/person\/01db54116eb815cce40511147c5b6f8a","name":"stayone","image":{"@type":"ImageObject","inLanguage":"es","@id":"https:\/\/www.jewelrystayone.com\/ru\/#\/schema\/person\/image\/","url":"https:\/\/www.jewelrystayone.com\/wp-content\/uploads\/2025\/06\/\u5934\u50cflogo.jpg","contentUrl":"https:\/\/www.jewelrystayone.com\/wp-content\/uploads\/2025\/06\/\u5934\u50cflogo.jpg","width":512,"height":512,"caption":"stayone"},"logo":{"@id":"https:\/\/www.jewelrystayone.com\/ru\/#\/schema\/person\/image\/"}}]}},"_links":{"self":[{"href":"https:\/\/www.jewelrystayone.com\/es\/wp-json\/wp\/v2\/product\/1124","targetHints":{"allow":["GET"]}}],"collection":[{"href":"https:\/\/www.jewelrystayone.com\/es\/wp-json\/wp\/v2\/product"}],"about":[{"href":"https:\/\/www.jewelrystayone.com\/es\/wp-json\/wp\/v2\/types\/product"}],"wp:featuredmedia":[{"embeddable":true,"href":"https:\/\/www.jewelrystayone.com\/es\/wp-json\/wp\/v2\/media\/1127"}],"wp:attachment":[{"href":"https:\/\/www.jewelrystayone.com\/es\/wp-json\/wp\/v2\/media?parent=1124"}],"wp:term":[{"taxonomy":"product_cat","embeddable":true,"href":"https:\/\/www.jewelrystayone.com\/es\/wp-json\/wp\/v2\/product_cat?post=1124"},{"taxonomy":"product_tag","embeddable":true,"href":"https:\/\/www.jewelrystayone.com\/es\/wp-json\/wp\/v2\/product_tag?post=1124"}],"curies":[{"name":"wp","href":"https:\/\/api.w.org\/{rel}","templated":true}]}}