{"id":1133,"date":"2025-06-06T03:26:43","date_gmt":"2025-06-06T03:26:43","guid":{"rendered":"http:\/\/www.jewelrystayone.com\/?post_type=product&#038;p=1133"},"modified":"2025-06-21T05:56:30","modified_gmt":"2025-06-21T05:56:30","slug":"the-men-play-with-the-twelve-zodiac-engraved-beads-the-small-leaf-purple-sandalwood-pi-xiu-wooden-buddhist-prayer-beads","status":"publish","type":"product","link":"https:\/\/www.jewelrystayone.com\/es\/product\/the-men-play-with-the-twelve-zodiac-engraved-beads-the-small-leaf-purple-sandalwood-pi-xiu-wooden-buddhist-prayer-beads\/","title":{"rendered":"Los hombres juegan con las doce cuentas grabadas del zodiaco, las cuentas de oraci\u00f3n budistas de madera PI Xiu de s\u00e1ndalo p\u00farpura de hoja peque\u00f1a"},"content":{"rendered":"","protected":false},"excerpt":{"rendered":"<p>Cada uno de los doce signos del zodiaco chino encierra una fortuna y unas bendiciones \u00fanicas.<br \/>\nEn el A\u00f1o de la Rata, uno ser\u00e1 inteligente y h\u00e1bil, y la buena fortuna brillar\u00e1 sobre \u00e9l.<br \/>\nEn el A\u00f1o del Buey, uno ser\u00e1 diligente y realista, y avanzar\u00e1 paso a paso.<br \/>\nEl A\u00f1o del Tigre simboliza el valor y la fuerza.<br \/>\nEl A\u00f1o del Conejo trae sabidur\u00eda y tranquilidad.<br \/>\nEn el A\u00f1o del Drag\u00f3n, los descendientes del drag\u00f3n alcanzar\u00e1n grandes alturas y sus carreras despegar\u00e1n.<br \/>\nEl A\u00f1o de la Serpiente se caracteriza por una postura animada y abundante riqueza.<br \/>\nLa fortuna del A\u00f1o del Caballo galopar\u00e1 como un buen caballo.<br \/>\nEl A\u00f1o de la Cabra ser\u00e1 manso como una cabra, con \u00e9xito profesional y familiar.<br \/>\nEl A\u00f1o del Mono fue extremadamente inteligente.<br \/>\nEl A\u00f1o del Gallo trae buena fortuna y felicidad.<br \/>\nLa lealtad es preciosa en el A\u00f1o del Perro.<br \/>\nEl A\u00f1o del Cerdo est\u00e1 lleno de buena fortuna.<br \/>\nCada signo del zodiaco tiene su propia fortuna y buena suerte, al igual que el encanto distintivo de cada vida, que puede traer a la gente un sinf\u00edn de sorpresas y bendiciones.<\/p>","protected":false},"featured_media":1134,"template":"","meta":[],"product_cat":[108],"product_tag":[],"class_list":["post-1133","product","type-product","status-publish","has-post-thumbnail","hentry","product_cat-rosary-beads"],"yoast_head":"<!-- This site is optimized with the Yoast SEO plugin v25.3 - https:\/\/yoast.com\/wordpress\/plugins\/seo\/ -->\n<title>The men play with the twelve zodiac engraved beads, the small-leaf purple sandalwood PI Xiu wooden Buddhist prayer beads - Jewelrystayone<\/title>\n<meta name=\"robots\" content=\"index, follow, max-snippet:-1, max-image-preview:large, max-video-preview:-1\" \/>\n<link rel=\"canonical\" href=\"https:\/\/www.jewelrystayone.com\/es\/producto\/the-men-play-with-the-twelve-zodiac-engraved-beads-the-small-leaf-purple-sandalwood-pi-xiu-wooden-buddhist-prayer-beads\/\" \/>\n<meta property=\"og:locale\" content=\"es_ES\" \/>\n<meta property=\"og:type\" content=\"article\" \/>\n<meta property=\"og:title\" content=\"The men play with the twelve zodiac engraved beads, the small-leaf purple sandalwood PI Xiu wooden Buddhist prayer beads - Jewelrystayone\" \/>\n<meta property=\"og:description\" content=\"The twelve Chinese zodiac signs each contain unique fortune and blessings. In the Year of the Rat, one will be smart and dexterous, with good fortune shining upon them. In the Year of the Ox, one will be diligent and down-to-earth, advancing step by step. The Year of the Tiger symbolizes courage and strength. The Year of the Rabbit brings wisdom and tranquility. In the Year of the Dragon, the descendants of the dragon will soar to great heights and their careers will take off. The Year of the Snake is characterized by a lively posture and abundant wealth. The fortune of the Year of the Horse will gallop like a fine horse. The Year of the Goat will be as gentle as a goat, with both career and family success. The Year of the Monkey was extremely intelligent. The Year of the Rooster brings good fortune and happiness. Loyalty is precious in the Year of the Dog. The Year of the Pig is filled with good fortune. Each zodiac sign has its own unique fortune and good luck, just like the distinctive charm of every life, which can bring people endless surprises and blessings.\" \/>\n<meta property=\"og:url\" content=\"https:\/\/www.jewelrystayone.com\/es\/producto\/the-men-play-with-the-twelve-zodiac-engraved-beads-the-small-leaf-purple-sandalwood-pi-xiu-wooden-buddhist-prayer-beads\/\" \/>\n<meta property=\"og:site_name\" content=\"Jewelrystayone\" \/>\n<meta property=\"article:modified_time\" content=\"2025-06-21T05:56:30+00:00\" \/>\n<meta property=\"og:image\" content=\"https:\/\/www.jewelrystayone.com\/wp-content\/uploads\/2025\/06\/1-1.jpg\" \/>\n\t<meta property=\"og:image:width\" content=\"800\" \/>\n\t<meta property=\"og:image:height\" content=\"800\" \/>\n\t<meta property=\"og:image:type\" content=\"image\/jpeg\" \/>\n<meta name=\"twitter:card\" content=\"summary_large_image\" \/>\n<meta name=\"twitter:label1\" content=\"Tiempo de lectura\" \/>\n\t<meta name=\"twitter:data1\" content=\"1 minuto\" \/>\n<script type=\"application\/ld+json\" class=\"yoast-schema-graph\">{\"@context\":\"https:\/\/schema.org\",\"@graph\":[{\"@type\":\"WebPage\",\"@id\":\"https:\/\/www.jewelrystayone.com\/product\/the-men-play-with-the-twelve-zodiac-engraved-beads-the-small-leaf-purple-sandalwood-pi-xiu-wooden-buddhist-prayer-beads\/\",\"url\":\"https:\/\/www.jewelrystayone.com\/product\/the-men-play-with-the-twelve-zodiac-engraved-beads-the-small-leaf-purple-sandalwood-pi-xiu-wooden-buddhist-prayer-beads\/\",\"name\":\"The men play with the twelve zodiac engraved beads, the small-leaf purple sandalwood PI Xiu wooden Buddhist prayer beads - Jewelrystayone\",\"isPartOf\":{\"@id\":\"https:\/\/www.jewelrystayone.com\/ru\/#website\"},\"primaryImageOfPage\":{\"@id\":\"https:\/\/www.jewelrystayone.com\/product\/the-men-play-with-the-twelve-zodiac-engraved-beads-the-small-leaf-purple-sandalwood-pi-xiu-wooden-buddhist-prayer-beads\/#primaryimage\"},\"image\":{\"@id\":\"https:\/\/www.jewelrystayone.com\/product\/the-men-play-with-the-twelve-zodiac-engraved-beads-the-small-leaf-purple-sandalwood-pi-xiu-wooden-buddhist-prayer-beads\/#primaryimage\"},\"thumbnailUrl\":\"https:\/\/www.jewelrystayone.com\/wp-content\/uploads\/2025\/06\/1-1.jpg\",\"datePublished\":\"2025-06-06T03:26:43+00:00\",\"dateModified\":\"2025-06-21T05:56:30+00:00\",\"breadcrumb\":{\"@id\":\"https:\/\/www.jewelrystayone.com\/product\/the-men-play-with-the-twelve-zodiac-engraved-beads-the-small-leaf-purple-sandalwood-pi-xiu-wooden-buddhist-prayer-beads\/#breadcrumb\"},\"inLanguage\":\"es\",\"potentialAction\":[{\"@type\":\"ReadAction\",\"target\":[\"https:\/\/www.jewelrystayone.com\/product\/the-men-play-with-the-twelve-zodiac-engraved-beads-the-small-leaf-purple-sandalwood-pi-xiu-wooden-buddhist-prayer-beads\/\"]}]},{\"@type\":\"ImageObject\",\"inLanguage\":\"es\",\"@id\":\"https:\/\/www.jewelrystayone.com\/product\/the-men-play-with-the-twelve-zodiac-engraved-beads-the-small-leaf-purple-sandalwood-pi-xiu-wooden-buddhist-prayer-beads\/#primaryimage\",\"url\":\"https:\/\/www.jewelrystayone.com\/wp-content\/uploads\/2025\/06\/1-1.jpg\",\"contentUrl\":\"https:\/\/www.jewelrystayone.com\/wp-content\/uploads\/2025\/06\/1-1.jpg\",\"width\":800,\"height\":800},{\"@type\":\"BreadcrumbList\",\"@id\":\"https:\/\/www.jewelrystayone.com\/product\/the-men-play-with-the-twelve-zodiac-engraved-beads-the-small-leaf-purple-sandalwood-pi-xiu-wooden-buddhist-prayer-beads\/#breadcrumb\",\"itemListElement\":[{\"@type\":\"ListItem\",\"position\":1,\"name\":\"\u9996\u9875\",\"item\":\"https:\/\/www.jewelrystayone.com\/fr\/\"},{\"@type\":\"ListItem\",\"position\":2,\"name\":\"Shop\",\"item\":\"https:\/\/www.jewelrystayone.com\/es\/shop\/\"},{\"@type\":\"ListItem\",\"position\":3,\"name\":\"The men play with the twelve zodiac engraved beads, the small-leaf purple sandalwood PI Xiu wooden Buddhist prayer beads\"}]},{\"@type\":\"WebSite\",\"@id\":\"https:\/\/www.jewelrystayone.com\/ru\/#website\",\"url\":\"https:\/\/www.jewelrystayone.com\/ru\/\",\"name\":\"Jewelrystayone\",\"description\":\"\",\"publisher\":{\"@id\":\"https:\/\/www.jewelrystayone.com\/ru\/#\/schema\/person\/01db54116eb815cce40511147c5b6f8a\"},\"potentialAction\":[{\"@type\":\"SearchAction\",\"target\":{\"@type\":\"EntryPoint\",\"urlTemplate\":\"https:\/\/www.jewelrystayone.com\/ru\/?s={search_term_string}\"},\"query-input\":{\"@type\":\"PropertyValueSpecification\",\"valueRequired\":true,\"valueName\":\"search_term_string\"}}],\"inLanguage\":\"es\"},{\"@type\":[\"Person\",\"Organization\"],\"@id\":\"https:\/\/www.jewelrystayone.com\/ru\/#\/schema\/person\/01db54116eb815cce40511147c5b6f8a\",\"name\":\"stayone\",\"image\":{\"@type\":\"ImageObject\",\"inLanguage\":\"es\",\"@id\":\"https:\/\/www.jewelrystayone.com\/ru\/#\/schema\/person\/image\/\",\"url\":\"https:\/\/www.jewelrystayone.com\/wp-content\/uploads\/2025\/06\/\u5934\u50cflogo.jpg\",\"contentUrl\":\"https:\/\/www.jewelrystayone.com\/wp-content\/uploads\/2025\/06\/\u5934\u50cflogo.jpg\",\"width\":512,\"height\":512,\"caption\":\"stayone\"},\"logo\":{\"@id\":\"https:\/\/www.jewelrystayone.com\/ru\/#\/schema\/person\/image\/\"}}]}<\/script>\n<!-- \/ Yoast SEO plugin. -->","yoast_head_json":{"title":"The men play with the twelve zodiac engraved beads, the small-leaf purple sandalwood PI Xiu wooden Buddhist prayer beads - Jewelrystayone","robots":{"index":"index","follow":"follow","max-snippet":"max-snippet:-1","max-image-preview":"max-image-preview:large","max-video-preview":"max-video-preview:-1"},"canonical":"https:\/\/www.jewelrystayone.com\/es\/producto\/the-men-play-with-the-twelve-zodiac-engraved-beads-the-small-leaf-purple-sandalwood-pi-xiu-wooden-buddhist-prayer-beads\/","og_locale":"es_ES","og_type":"article","og_title":"The men play with the twelve zodiac engraved beads, the small-leaf purple sandalwood PI Xiu wooden Buddhist prayer beads - Jewelrystayone","og_description":"The twelve Chinese zodiac signs each contain unique fortune and blessings. In the Year of the Rat, one will be smart and dexterous, with good fortune shining upon them. In the Year of the Ox, one will be diligent and down-to-earth, advancing step by step. The Year of the Tiger symbolizes courage and strength. The Year of the Rabbit brings wisdom and tranquility. In the Year of the Dragon, the descendants of the dragon will soar to great heights and their careers will take off. The Year of the Snake is characterized by a lively posture and abundant wealth. The fortune of the Year of the Horse will gallop like a fine horse. The Year of the Goat will be as gentle as a goat, with both career and family success. The Year of the Monkey was extremely intelligent. The Year of the Rooster brings good fortune and happiness. Loyalty is precious in the Year of the Dog. The Year of the Pig is filled with good fortune. Each zodiac sign has its own unique fortune and good luck, just like the distinctive charm of every life, which can bring people endless surprises and blessings.","og_url":"https:\/\/www.jewelrystayone.com\/es\/producto\/the-men-play-with-the-twelve-zodiac-engraved-beads-the-small-leaf-purple-sandalwood-pi-xiu-wooden-buddhist-prayer-beads\/","og_site_name":"Jewelrystayone","article_modified_time":"2025-06-21T05:56:30+00:00","og_image":[{"width":800,"height":800,"url":"https:\/\/www.jewelrystayone.com\/wp-content\/uploads\/2025\/06\/1-1.jpg","type":"image\/jpeg"}],"twitter_card":"summary_large_image","twitter_misc":{"Tiempo de lectura":"1 minuto"},"schema":{"@context":"https:\/\/schema.org","@graph":[{"@type":"WebPage","@id":"https:\/\/www.jewelrystayone.com\/product\/the-men-play-with-the-twelve-zodiac-engraved-beads-the-small-leaf-purple-sandalwood-pi-xiu-wooden-buddhist-prayer-beads\/","url":"https:\/\/www.jewelrystayone.com\/product\/the-men-play-with-the-twelve-zodiac-engraved-beads-the-small-leaf-purple-sandalwood-pi-xiu-wooden-buddhist-prayer-beads\/","name":"The men play with the twelve zodiac engraved beads, the small-leaf purple sandalwood PI Xiu wooden Buddhist prayer beads - Jewelrystayone","isPartOf":{"@id":"https:\/\/www.jewelrystayone.com\/ru\/#website"},"primaryImageOfPage":{"@id":"https:\/\/www.jewelrystayone.com\/product\/the-men-play-with-the-twelve-zodiac-engraved-beads-the-small-leaf-purple-sandalwood-pi-xiu-wooden-buddhist-prayer-beads\/#primaryimage"},"image":{"@id":"https:\/\/www.jewelrystayone.com\/product\/the-men-play-with-the-twelve-zodiac-engraved-beads-the-small-leaf-purple-sandalwood-pi-xiu-wooden-buddhist-prayer-beads\/#primaryimage"},"thumbnailUrl":"https:\/\/www.jewelrystayone.com\/wp-content\/uploads\/2025\/06\/1-1.jpg","datePublished":"2025-06-06T03:26:43+00:00","dateModified":"2025-06-21T05:56:30+00:00","breadcrumb":{"@id":"https:\/\/www.jewelrystayone.com\/product\/the-men-play-with-the-twelve-zodiac-engraved-beads-the-small-leaf-purple-sandalwood-pi-xiu-wooden-buddhist-prayer-beads\/#breadcrumb"},"inLanguage":"es","potentialAction":[{"@type":"ReadAction","target":["https:\/\/www.jewelrystayone.com\/product\/the-men-play-with-the-twelve-zodiac-engraved-beads-the-small-leaf-purple-sandalwood-pi-xiu-wooden-buddhist-prayer-beads\/"]}]},{"@type":"ImageObject","inLanguage":"es","@id":"https:\/\/www.jewelrystayone.com\/product\/the-men-play-with-the-twelve-zodiac-engraved-beads-the-small-leaf-purple-sandalwood-pi-xiu-wooden-buddhist-prayer-beads\/#primaryimage","url":"https:\/\/www.jewelrystayone.com\/wp-content\/uploads\/2025\/06\/1-1.jpg","contentUrl":"https:\/\/www.jewelrystayone.com\/wp-content\/uploads\/2025\/06\/1-1.jpg","width":800,"height":800},{"@type":"BreadcrumbList","@id":"https:\/\/www.jewelrystayone.com\/product\/the-men-play-with-the-twelve-zodiac-engraved-beads-the-small-leaf-purple-sandalwood-pi-xiu-wooden-buddhist-prayer-beads\/#breadcrumb","itemListElement":[{"@type":"ListItem","position":1,"name":"\u9996\u9875","item":"https:\/\/www.jewelrystayone.com\/fr\/"},{"@type":"ListItem","position":2,"name":"Shop","item":"https:\/\/www.jewelrystayone.com\/es\/shop\/"},{"@type":"ListItem","position":3,"name":"The men play with the twelve zodiac engraved beads, the small-leaf purple sandalwood PI Xiu wooden Buddhist prayer beads"}]},{"@type":"WebSite","@id":"https:\/\/www.jewelrystayone.com\/ru\/#website","url":"https:\/\/www.jewelrystayone.com\/ru\/","name":"Jewelrystayone","description":"","publisher":{"@id":"https:\/\/www.jewelrystayone.com\/ru\/#\/schema\/person\/01db54116eb815cce40511147c5b6f8a"},"potentialAction":[{"@type":"SearchAction","target":{"@type":"EntryPoint","urlTemplate":"https:\/\/www.jewelrystayone.com\/ru\/?s={search_term_string}"},"query-input":{"@type":"PropertyValueSpecification","valueRequired":true,"valueName":"search_term_string"}}],"inLanguage":"es"},{"@type":["Person","Organization"],"@id":"https:\/\/www.jewelrystayone.com\/ru\/#\/schema\/person\/01db54116eb815cce40511147c5b6f8a","name":"stayone","image":{"@type":"ImageObject","inLanguage":"es","@id":"https:\/\/www.jewelrystayone.com\/ru\/#\/schema\/person\/image\/","url":"https:\/\/www.jewelrystayone.com\/wp-content\/uploads\/2025\/06\/\u5934\u50cflogo.jpg","contentUrl":"https:\/\/www.jewelrystayone.com\/wp-content\/uploads\/2025\/06\/\u5934\u50cflogo.jpg","width":512,"height":512,"caption":"stayone"},"logo":{"@id":"https:\/\/www.jewelrystayone.com\/ru\/#\/schema\/person\/image\/"}}]}},"_links":{"self":[{"href":"https:\/\/www.jewelrystayone.com\/es\/wp-json\/wp\/v2\/product\/1133","targetHints":{"allow":["GET"]}}],"collection":[{"href":"https:\/\/www.jewelrystayone.com\/es\/wp-json\/wp\/v2\/product"}],"about":[{"href":"https:\/\/www.jewelrystayone.com\/es\/wp-json\/wp\/v2\/types\/product"}],"wp:featuredmedia":[{"embeddable":true,"href":"https:\/\/www.jewelrystayone.com\/es\/wp-json\/wp\/v2\/media\/1134"}],"wp:attachment":[{"href":"https:\/\/www.jewelrystayone.com\/es\/wp-json\/wp\/v2\/media?parent=1133"}],"wp:term":[{"taxonomy":"product_cat","embeddable":true,"href":"https:\/\/www.jewelrystayone.com\/es\/wp-json\/wp\/v2\/product_cat?post=1133"},{"taxonomy":"product_tag","embeddable":true,"href":"https:\/\/www.jewelrystayone.com\/es\/wp-json\/wp\/v2\/product_tag?post=1133"}],"curies":[{"name":"wp","href":"https:\/\/api.w.org\/{rel}","templated":true}]}}