{"id":1174,"date":"2025-06-06T03:33:18","date_gmt":"2025-06-06T03:33:18","guid":{"rendered":"http:\/\/www.jewelrystayone.com\/?post_type=product&#038;p=1174"},"modified":"2025-06-21T05:54:46","modified_gmt":"2025-06-21T05:54:46","slug":"purple-crystal-bracelet-used-to-attract-and-gather-wealth-nine-purple-fire-lady-bracelet-retro-style-high-end-and-auspicious","status":"publish","type":"product","link":"https:\/\/www.jewelrystayone.com\/es\/product\/purple-crystal-bracelet-used-to-attract-and-gather-wealth-nine-purple-fire-lady-bracelet-retro-style-high-end-and-auspicious\/","title":{"rendered":"Pulsera de cristal p\u00farpura, utilizada para atraer y reunir riqueza. Nueve Purple Fire Lady pulsera, estilo retro, de alta gama y auspicioso."},"content":{"rendered":"","protected":false},"excerpt":{"rendered":"<p>La amatista ahuyenta los malos esp\u00edritus y los da\u00f1os y refresca la mente. Llevar amatista durante mucho tiempo puede regular el estado de \u00e1nimo, mejorar la capacidad de pensar, fortalecer la memoria, atraer la atenci\u00f3n, tratar el insomnio y la mala calidad del sue\u00f1o, etc. Al mismo tiempo, la amatista tambi\u00e9n puede servir como muestra de amor.<\/p>","protected":false},"featured_media":1176,"template":"","meta":[],"product_cat":[109],"product_tag":[],"class_list":["post-1174","product","type-product","status-publish","has-post-thumbnail","hentry","product_cat-natural-crystal"],"yoast_head":"<!-- This site is optimized with the Yoast SEO plugin v25.3 - https:\/\/yoast.com\/wordpress\/plugins\/seo\/ -->\n<title>Purple crystal bracelet, used to attract and gather wealth. Nine Purple Fire Lady bracelet, retro style, high-end and auspicious - Jewelrystayone<\/title>\n<meta name=\"robots\" content=\"index, follow, max-snippet:-1, max-image-preview:large, max-video-preview:-1\" \/>\n<link rel=\"canonical\" href=\"https:\/\/www.jewelrystayone.com\/es\/producto\/purple-crystal-bracelet-used-to-attract-and-gather-wealth-nine-purple-fire-lady-bracelet-retro-style-high-end-and-auspicious\/\" \/>\n<meta property=\"og:locale\" content=\"es_ES\" \/>\n<meta property=\"og:type\" content=\"article\" \/>\n<meta property=\"og:title\" content=\"Purple crystal bracelet, used to attract and gather wealth. Nine Purple Fire Lady bracelet, retro style, high-end and auspicious - Jewelrystayone\" \/>\n<meta property=\"og:description\" content=\"Amethyst has the effects of warding off evil spirits and harm and refreshing the mind. Wearing amethyst for a long time can regulate one&#039;s mood, enhance thinking ability, strengthen memory, attract attention, treat insomnia and poor sleep quality, etc. At the same time, amethyst can also serve as a token of love\" \/>\n<meta property=\"og:url\" content=\"https:\/\/www.jewelrystayone.com\/es\/producto\/purple-crystal-bracelet-used-to-attract-and-gather-wealth-nine-purple-fire-lady-bracelet-retro-style-high-end-and-auspicious\/\" \/>\n<meta property=\"og:site_name\" content=\"Jewelrystayone\" \/>\n<meta property=\"article:modified_time\" content=\"2025-06-21T05:54:46+00:00\" \/>\n<meta property=\"og:image\" content=\"https:\/\/www.jewelrystayone.com\/wp-content\/uploads\/2025\/06\/1-4.jpg\" \/>\n\t<meta property=\"og:image:width\" content=\"800\" \/>\n\t<meta property=\"og:image:height\" content=\"800\" \/>\n\t<meta property=\"og:image:type\" content=\"image\/jpeg\" \/>\n<meta name=\"twitter:card\" content=\"summary_large_image\" \/>\n<meta name=\"twitter:label1\" content=\"Tiempo de lectura\" \/>\n\t<meta name=\"twitter:data1\" content=\"1 minuto\" \/>\n<script type=\"application\/ld+json\" class=\"yoast-schema-graph\">{\"@context\":\"https:\/\/schema.org\",\"@graph\":[{\"@type\":\"WebPage\",\"@id\":\"https:\/\/www.jewelrystayone.com\/product\/purple-crystal-bracelet-used-to-attract-and-gather-wealth-nine-purple-fire-lady-bracelet-retro-style-high-end-and-auspicious\/\",\"url\":\"https:\/\/www.jewelrystayone.com\/product\/purple-crystal-bracelet-used-to-attract-and-gather-wealth-nine-purple-fire-lady-bracelet-retro-style-high-end-and-auspicious\/\",\"name\":\"Purple crystal bracelet, used to attract and gather wealth. Nine Purple Fire Lady bracelet, retro style, high-end and auspicious - Jewelrystayone\",\"isPartOf\":{\"@id\":\"https:\/\/www.jewelrystayone.com\/ru\/#website\"},\"primaryImageOfPage\":{\"@id\":\"https:\/\/www.jewelrystayone.com\/product\/purple-crystal-bracelet-used-to-attract-and-gather-wealth-nine-purple-fire-lady-bracelet-retro-style-high-end-and-auspicious\/#primaryimage\"},\"image\":{\"@id\":\"https:\/\/www.jewelrystayone.com\/product\/purple-crystal-bracelet-used-to-attract-and-gather-wealth-nine-purple-fire-lady-bracelet-retro-style-high-end-and-auspicious\/#primaryimage\"},\"thumbnailUrl\":\"https:\/\/www.jewelrystayone.com\/wp-content\/uploads\/2025\/06\/1-4.jpg\",\"datePublished\":\"2025-06-06T03:33:18+00:00\",\"dateModified\":\"2025-06-21T05:54:46+00:00\",\"breadcrumb\":{\"@id\":\"https:\/\/www.jewelrystayone.com\/product\/purple-crystal-bracelet-used-to-attract-and-gather-wealth-nine-purple-fire-lady-bracelet-retro-style-high-end-and-auspicious\/#breadcrumb\"},\"inLanguage\":\"es\",\"potentialAction\":[{\"@type\":\"ReadAction\",\"target\":[\"https:\/\/www.jewelrystayone.com\/product\/purple-crystal-bracelet-used-to-attract-and-gather-wealth-nine-purple-fire-lady-bracelet-retro-style-high-end-and-auspicious\/\"]}]},{\"@type\":\"ImageObject\",\"inLanguage\":\"es\",\"@id\":\"https:\/\/www.jewelrystayone.com\/product\/purple-crystal-bracelet-used-to-attract-and-gather-wealth-nine-purple-fire-lady-bracelet-retro-style-high-end-and-auspicious\/#primaryimage\",\"url\":\"https:\/\/www.jewelrystayone.com\/wp-content\/uploads\/2025\/06\/1-4.jpg\",\"contentUrl\":\"https:\/\/www.jewelrystayone.com\/wp-content\/uploads\/2025\/06\/1-4.jpg\",\"width\":800,\"height\":800},{\"@type\":\"BreadcrumbList\",\"@id\":\"https:\/\/www.jewelrystayone.com\/product\/purple-crystal-bracelet-used-to-attract-and-gather-wealth-nine-purple-fire-lady-bracelet-retro-style-high-end-and-auspicious\/#breadcrumb\",\"itemListElement\":[{\"@type\":\"ListItem\",\"position\":1,\"name\":\"\u9996\u9875\",\"item\":\"https:\/\/www.jewelrystayone.com\/fr\/\"},{\"@type\":\"ListItem\",\"position\":2,\"name\":\"Shop\",\"item\":\"https:\/\/www.jewelrystayone.com\/es\/shop\/\"},{\"@type\":\"ListItem\",\"position\":3,\"name\":\"Purple crystal bracelet, used to attract and gather wealth. Nine Purple Fire Lady bracelet, retro style, high-end and auspicious\"}]},{\"@type\":\"WebSite\",\"@id\":\"https:\/\/www.jewelrystayone.com\/ru\/#website\",\"url\":\"https:\/\/www.jewelrystayone.com\/ru\/\",\"name\":\"Jewelrystayone\",\"description\":\"\",\"publisher\":{\"@id\":\"https:\/\/www.jewelrystayone.com\/ru\/#\/schema\/person\/01db54116eb815cce40511147c5b6f8a\"},\"potentialAction\":[{\"@type\":\"SearchAction\",\"target\":{\"@type\":\"EntryPoint\",\"urlTemplate\":\"https:\/\/www.jewelrystayone.com\/ru\/?s={search_term_string}\"},\"query-input\":{\"@type\":\"PropertyValueSpecification\",\"valueRequired\":true,\"valueName\":\"search_term_string\"}}],\"inLanguage\":\"es\"},{\"@type\":[\"Person\",\"Organization\"],\"@id\":\"https:\/\/www.jewelrystayone.com\/ru\/#\/schema\/person\/01db54116eb815cce40511147c5b6f8a\",\"name\":\"stayone\",\"image\":{\"@type\":\"ImageObject\",\"inLanguage\":\"es\",\"@id\":\"https:\/\/www.jewelrystayone.com\/ru\/#\/schema\/person\/image\/\",\"url\":\"https:\/\/www.jewelrystayone.com\/wp-content\/uploads\/2025\/06\/\u5934\u50cflogo.jpg\",\"contentUrl\":\"https:\/\/www.jewelrystayone.com\/wp-content\/uploads\/2025\/06\/\u5934\u50cflogo.jpg\",\"width\":512,\"height\":512,\"caption\":\"stayone\"},\"logo\":{\"@id\":\"https:\/\/www.jewelrystayone.com\/ru\/#\/schema\/person\/image\/\"}}]}<\/script>\n<!-- \/ Yoast SEO plugin. -->","yoast_head_json":{"title":"Purple crystal bracelet, used to attract and gather wealth. Nine Purple Fire Lady bracelet, retro style, high-end and auspicious - Jewelrystayone","robots":{"index":"index","follow":"follow","max-snippet":"max-snippet:-1","max-image-preview":"max-image-preview:large","max-video-preview":"max-video-preview:-1"},"canonical":"https:\/\/www.jewelrystayone.com\/es\/producto\/purple-crystal-bracelet-used-to-attract-and-gather-wealth-nine-purple-fire-lady-bracelet-retro-style-high-end-and-auspicious\/","og_locale":"es_ES","og_type":"article","og_title":"Purple crystal bracelet, used to attract and gather wealth. Nine Purple Fire Lady bracelet, retro style, high-end and auspicious - Jewelrystayone","og_description":"Amethyst has the effects of warding off evil spirits and harm and refreshing the mind. Wearing amethyst for a long time can regulate one's mood, enhance thinking ability, strengthen memory, attract attention, treat insomnia and poor sleep quality, etc. At the same time, amethyst can also serve as a token of love","og_url":"https:\/\/www.jewelrystayone.com\/es\/producto\/purple-crystal-bracelet-used-to-attract-and-gather-wealth-nine-purple-fire-lady-bracelet-retro-style-high-end-and-auspicious\/","og_site_name":"Jewelrystayone","article_modified_time":"2025-06-21T05:54:46+00:00","og_image":[{"width":800,"height":800,"url":"https:\/\/www.jewelrystayone.com\/wp-content\/uploads\/2025\/06\/1-4.jpg","type":"image\/jpeg"}],"twitter_card":"summary_large_image","twitter_misc":{"Tiempo de lectura":"1 minuto"},"schema":{"@context":"https:\/\/schema.org","@graph":[{"@type":"WebPage","@id":"https:\/\/www.jewelrystayone.com\/product\/purple-crystal-bracelet-used-to-attract-and-gather-wealth-nine-purple-fire-lady-bracelet-retro-style-high-end-and-auspicious\/","url":"https:\/\/www.jewelrystayone.com\/product\/purple-crystal-bracelet-used-to-attract-and-gather-wealth-nine-purple-fire-lady-bracelet-retro-style-high-end-and-auspicious\/","name":"Purple crystal bracelet, used to attract and gather wealth. Nine Purple Fire Lady bracelet, retro style, high-end and auspicious - Jewelrystayone","isPartOf":{"@id":"https:\/\/www.jewelrystayone.com\/ru\/#website"},"primaryImageOfPage":{"@id":"https:\/\/www.jewelrystayone.com\/product\/purple-crystal-bracelet-used-to-attract-and-gather-wealth-nine-purple-fire-lady-bracelet-retro-style-high-end-and-auspicious\/#primaryimage"},"image":{"@id":"https:\/\/www.jewelrystayone.com\/product\/purple-crystal-bracelet-used-to-attract-and-gather-wealth-nine-purple-fire-lady-bracelet-retro-style-high-end-and-auspicious\/#primaryimage"},"thumbnailUrl":"https:\/\/www.jewelrystayone.com\/wp-content\/uploads\/2025\/06\/1-4.jpg","datePublished":"2025-06-06T03:33:18+00:00","dateModified":"2025-06-21T05:54:46+00:00","breadcrumb":{"@id":"https:\/\/www.jewelrystayone.com\/product\/purple-crystal-bracelet-used-to-attract-and-gather-wealth-nine-purple-fire-lady-bracelet-retro-style-high-end-and-auspicious\/#breadcrumb"},"inLanguage":"es","potentialAction":[{"@type":"ReadAction","target":["https:\/\/www.jewelrystayone.com\/product\/purple-crystal-bracelet-used-to-attract-and-gather-wealth-nine-purple-fire-lady-bracelet-retro-style-high-end-and-auspicious\/"]}]},{"@type":"ImageObject","inLanguage":"es","@id":"https:\/\/www.jewelrystayone.com\/product\/purple-crystal-bracelet-used-to-attract-and-gather-wealth-nine-purple-fire-lady-bracelet-retro-style-high-end-and-auspicious\/#primaryimage","url":"https:\/\/www.jewelrystayone.com\/wp-content\/uploads\/2025\/06\/1-4.jpg","contentUrl":"https:\/\/www.jewelrystayone.com\/wp-content\/uploads\/2025\/06\/1-4.jpg","width":800,"height":800},{"@type":"BreadcrumbList","@id":"https:\/\/www.jewelrystayone.com\/product\/purple-crystal-bracelet-used-to-attract-and-gather-wealth-nine-purple-fire-lady-bracelet-retro-style-high-end-and-auspicious\/#breadcrumb","itemListElement":[{"@type":"ListItem","position":1,"name":"\u9996\u9875","item":"https:\/\/www.jewelrystayone.com\/fr\/"},{"@type":"ListItem","position":2,"name":"Shop","item":"https:\/\/www.jewelrystayone.com\/es\/shop\/"},{"@type":"ListItem","position":3,"name":"Purple crystal bracelet, used to attract and gather wealth. Nine Purple Fire Lady bracelet, retro style, high-end and auspicious"}]},{"@type":"WebSite","@id":"https:\/\/www.jewelrystayone.com\/ru\/#website","url":"https:\/\/www.jewelrystayone.com\/ru\/","name":"Jewelrystayone","description":"","publisher":{"@id":"https:\/\/www.jewelrystayone.com\/ru\/#\/schema\/person\/01db54116eb815cce40511147c5b6f8a"},"potentialAction":[{"@type":"SearchAction","target":{"@type":"EntryPoint","urlTemplate":"https:\/\/www.jewelrystayone.com\/ru\/?s={search_term_string}"},"query-input":{"@type":"PropertyValueSpecification","valueRequired":true,"valueName":"search_term_string"}}],"inLanguage":"es"},{"@type":["Person","Organization"],"@id":"https:\/\/www.jewelrystayone.com\/ru\/#\/schema\/person\/01db54116eb815cce40511147c5b6f8a","name":"stayone","image":{"@type":"ImageObject","inLanguage":"es","@id":"https:\/\/www.jewelrystayone.com\/ru\/#\/schema\/person\/image\/","url":"https:\/\/www.jewelrystayone.com\/wp-content\/uploads\/2025\/06\/\u5934\u50cflogo.jpg","contentUrl":"https:\/\/www.jewelrystayone.com\/wp-content\/uploads\/2025\/06\/\u5934\u50cflogo.jpg","width":512,"height":512,"caption":"stayone"},"logo":{"@id":"https:\/\/www.jewelrystayone.com\/ru\/#\/schema\/person\/image\/"}}]}},"_links":{"self":[{"href":"https:\/\/www.jewelrystayone.com\/es\/wp-json\/wp\/v2\/product\/1174","targetHints":{"allow":["GET"]}}],"collection":[{"href":"https:\/\/www.jewelrystayone.com\/es\/wp-json\/wp\/v2\/product"}],"about":[{"href":"https:\/\/www.jewelrystayone.com\/es\/wp-json\/wp\/v2\/types\/product"}],"wp:featuredmedia":[{"embeddable":true,"href":"https:\/\/www.jewelrystayone.com\/es\/wp-json\/wp\/v2\/media\/1176"}],"wp:attachment":[{"href":"https:\/\/www.jewelrystayone.com\/es\/wp-json\/wp\/v2\/media?parent=1174"}],"wp:term":[{"taxonomy":"product_cat","embeddable":true,"href":"https:\/\/www.jewelrystayone.com\/es\/wp-json\/wp\/v2\/product_cat?post=1174"},{"taxonomy":"product_tag","embeddable":true,"href":"https:\/\/www.jewelrystayone.com\/es\/wp-json\/wp\/v2\/product_tag?post=1174"}],"curies":[{"name":"wp","href":"https:\/\/api.w.org\/{rel}","templated":true}]}}