{"id":1077,"date":"2025-06-06T02:45:28","date_gmt":"2025-06-06T02:45:28","guid":{"rendered":"http:\/\/www.jewelrystayone.com\/?post_type=product&#038;p=1077"},"modified":"2025-06-21T05:58:40","modified_gmt":"2025-06-21T05:58:40","slug":"fine-hetian-jade-green-jade-pi-xiu-nine-dragons-guanyin-pendant-jade-nameplate-mens-jade-pendant-jade-pendant","status":"publish","type":"product","link":"https:\/\/www.jewelrystayone.com\/fr\/product\/fine-hetian-jade-green-jade-pi-xiu-nine-dragons-guanyin-pendant-jade-nameplate-mens-jade-pendant-jade-pendant\/","title":{"rendered":"Jade fin de Hetian, jade vert, PI Xiu, pendentif Guanyin \u00e0 neuf dragons, plaque en jade, pendentif en jade pour homme, pendentif en jade"},"content":{"rendered":"","protected":false},"excerpt":{"rendered":"<p>Le porteur a un temp\u00e9rament doux, symbolisant la red\u00e9couverte de la gentillesse originelle. Il se comporte avec gr\u00e2ce, a une compr\u00e9hension claire du monde, assure toujours la s\u00e9curit\u00e9, \u00e9limine les catastrophes et les difficult\u00e9s et se tient \u00e0 l'\u00e9cart du malheur. Avec beaucoup de compassion et de bont\u00e9, elles sauvent tous les \u00eatres vivants et sont l'incarnation de la pr\u00e9servation de la souffrance.<\/p>","protected":false},"featured_media":1125,"template":"","meta":[],"product_cat":[15],"product_tag":[],"class_list":["post-1077","product","type-product","status-publish","has-post-thumbnail","hentry","product_cat-high-end-jadeite-2"],"yoast_head":"<!-- This site is optimized with the Yoast SEO plugin v25.3 - https:\/\/yoast.com\/wordpress\/plugins\/seo\/ -->\n<title>Fine Hetian jade, green jade, PI Xiu, Nine Dragons Guanyin pendant, jade nameplate, men&#039;s jade pendant, jade pendant - Jewelrystayone<\/title>\n<meta name=\"robots\" content=\"index, follow, max-snippet:-1, max-image-preview:large, max-video-preview:-1\" \/>\n<link rel=\"canonical\" href=\"https:\/\/www.jewelrystayone.com\/fr\/produit\/fine-hetian-jade-green-jade-pi-xiu-nine-dragons-guanyin-pendant-jade-nameplate-mens-jade-pendant-jade-pendant\/\" \/>\n<meta property=\"og:locale\" content=\"fr_FR\" \/>\n<meta property=\"og:type\" content=\"article\" \/>\n<meta property=\"og:title\" content=\"Fine Hetian jade, green jade, PI Xiu, Nine Dragons Guanyin pendant, jade nameplate, men&#039;s jade pendant, jade pendant - Jewelrystayone\" \/>\n<meta property=\"og:description\" content=\"The wearer has a gentle temperament, symbolizing the rediscovery of the original kindness. They behave gracefully, have a clear understanding of the world, always ensure safety, eliminate disasters and difficulties, and stay away from misfortune. With great compassion and kindness, they save all living beings and are the embodiment of saving from suffering.\" \/>\n<meta property=\"og:url\" content=\"https:\/\/www.jewelrystayone.com\/fr\/produit\/fine-hetian-jade-green-jade-pi-xiu-nine-dragons-guanyin-pendant-jade-nameplate-mens-jade-pendant-jade-pendant\/\" \/>\n<meta property=\"og:site_name\" content=\"Jewelrystayone\" \/>\n<meta property=\"article:modified_time\" content=\"2025-06-21T05:58:40+00:00\" \/>\n<meta property=\"og:image\" content=\"https:\/\/www.jewelrystayone.com\/wp-content\/uploads\/2025\/06\/10001-4.jpg\" \/>\n\t<meta property=\"og:image:width\" content=\"800\" \/>\n\t<meta property=\"og:image:height\" content=\"800\" \/>\n\t<meta property=\"og:image:type\" content=\"image\/jpeg\" \/>\n<meta name=\"twitter:card\" content=\"summary_large_image\" \/>\n<meta name=\"twitter:label1\" content=\"Dur\u00e9e de lecture estim\u00e9e\" \/>\n\t<meta name=\"twitter:data1\" content=\"1 minute\" \/>\n<script type=\"application\/ld+json\" class=\"yoast-schema-graph\">{\"@context\":\"https:\/\/schema.org\",\"@graph\":[{\"@type\":\"WebPage\",\"@id\":\"https:\/\/www.jewelrystayone.com\/product\/fine-hetian-jade-green-jade-pi-xiu-nine-dragons-guanyin-pendant-jade-nameplate-mens-jade-pendant-jade-pendant\/\",\"url\":\"https:\/\/www.jewelrystayone.com\/product\/fine-hetian-jade-green-jade-pi-xiu-nine-dragons-guanyin-pendant-jade-nameplate-mens-jade-pendant-jade-pendant\/\",\"name\":\"Fine Hetian jade, green jade, PI Xiu, Nine Dragons Guanyin pendant, jade nameplate, men's jade pendant, jade pendant - Jewelrystayone\",\"isPartOf\":{\"@id\":\"https:\/\/www.jewelrystayone.com\/ru\/#website\"},\"primaryImageOfPage\":{\"@id\":\"https:\/\/www.jewelrystayone.com\/product\/fine-hetian-jade-green-jade-pi-xiu-nine-dragons-guanyin-pendant-jade-nameplate-mens-jade-pendant-jade-pendant\/#primaryimage\"},\"image\":{\"@id\":\"https:\/\/www.jewelrystayone.com\/product\/fine-hetian-jade-green-jade-pi-xiu-nine-dragons-guanyin-pendant-jade-nameplate-mens-jade-pendant-jade-pendant\/#primaryimage\"},\"thumbnailUrl\":\"https:\/\/www.jewelrystayone.com\/wp-content\/uploads\/2025\/06\/10001-4.jpg\",\"datePublished\":\"2025-06-06T02:45:28+00:00\",\"dateModified\":\"2025-06-21T05:58:40+00:00\",\"breadcrumb\":{\"@id\":\"https:\/\/www.jewelrystayone.com\/product\/fine-hetian-jade-green-jade-pi-xiu-nine-dragons-guanyin-pendant-jade-nameplate-mens-jade-pendant-jade-pendant\/#breadcrumb\"},\"inLanguage\":\"fr-FR\",\"potentialAction\":[{\"@type\":\"ReadAction\",\"target\":[\"https:\/\/www.jewelrystayone.com\/product\/fine-hetian-jade-green-jade-pi-xiu-nine-dragons-guanyin-pendant-jade-nameplate-mens-jade-pendant-jade-pendant\/\"]}]},{\"@type\":\"ImageObject\",\"inLanguage\":\"fr-FR\",\"@id\":\"https:\/\/www.jewelrystayone.com\/product\/fine-hetian-jade-green-jade-pi-xiu-nine-dragons-guanyin-pendant-jade-nameplate-mens-jade-pendant-jade-pendant\/#primaryimage\",\"url\":\"https:\/\/www.jewelrystayone.com\/wp-content\/uploads\/2025\/06\/10001-4.jpg\",\"contentUrl\":\"https:\/\/www.jewelrystayone.com\/wp-content\/uploads\/2025\/06\/10001-4.jpg\",\"width\":800,\"height\":800},{\"@type\":\"BreadcrumbList\",\"@id\":\"https:\/\/www.jewelrystayone.com\/product\/fine-hetian-jade-green-jade-pi-xiu-nine-dragons-guanyin-pendant-jade-nameplate-mens-jade-pendant-jade-pendant\/#breadcrumb\",\"itemListElement\":[{\"@type\":\"ListItem\",\"position\":1,\"name\":\"\u9996\u9875\",\"item\":\"https:\/\/www.jewelrystayone.com\/fr\/\"},{\"@type\":\"ListItem\",\"position\":2,\"name\":\"Shop\",\"item\":\"https:\/\/www.jewelrystayone.com\/es\/shop\/\"},{\"@type\":\"ListItem\",\"position\":3,\"name\":\"Fine Hetian jade, green jade, PI Xiu, Nine Dragons Guanyin pendant, jade nameplate, men&#8217;s jade pendant, jade pendant\"}]},{\"@type\":\"WebSite\",\"@id\":\"https:\/\/www.jewelrystayone.com\/ru\/#website\",\"url\":\"https:\/\/www.jewelrystayone.com\/ru\/\",\"name\":\"Jewelrystayone\",\"description\":\"\",\"publisher\":{\"@id\":\"https:\/\/www.jewelrystayone.com\/ru\/#\/schema\/person\/01db54116eb815cce40511147c5b6f8a\"},\"potentialAction\":[{\"@type\":\"SearchAction\",\"target\":{\"@type\":\"EntryPoint\",\"urlTemplate\":\"https:\/\/www.jewelrystayone.com\/ru\/?s={search_term_string}\"},\"query-input\":{\"@type\":\"PropertyValueSpecification\",\"valueRequired\":true,\"valueName\":\"search_term_string\"}}],\"inLanguage\":\"fr-FR\"},{\"@type\":[\"Person\",\"Organization\"],\"@id\":\"https:\/\/www.jewelrystayone.com\/ru\/#\/schema\/person\/01db54116eb815cce40511147c5b6f8a\",\"name\":\"stayone\",\"image\":{\"@type\":\"ImageObject\",\"inLanguage\":\"fr-FR\",\"@id\":\"https:\/\/www.jewelrystayone.com\/ru\/#\/schema\/person\/image\/\",\"url\":\"https:\/\/www.jewelrystayone.com\/wp-content\/uploads\/2025\/06\/\u5934\u50cflogo.jpg\",\"contentUrl\":\"https:\/\/www.jewelrystayone.com\/wp-content\/uploads\/2025\/06\/\u5934\u50cflogo.jpg\",\"width\":512,\"height\":512,\"caption\":\"stayone\"},\"logo\":{\"@id\":\"https:\/\/www.jewelrystayone.com\/ru\/#\/schema\/person\/image\/\"}}]}<\/script>\n<!-- \/ Yoast SEO plugin. -->","yoast_head_json":{"title":"Fine Hetian jade, green jade, PI Xiu, Nine Dragons Guanyin pendant, jade nameplate, men's jade pendant, jade pendant - Jewelrystayone","robots":{"index":"index","follow":"follow","max-snippet":"max-snippet:-1","max-image-preview":"max-image-preview:large","max-video-preview":"max-video-preview:-1"},"canonical":"https:\/\/www.jewelrystayone.com\/fr\/produit\/fine-hetian-jade-green-jade-pi-xiu-nine-dragons-guanyin-pendant-jade-nameplate-mens-jade-pendant-jade-pendant\/","og_locale":"fr_FR","og_type":"article","og_title":"Fine Hetian jade, green jade, PI Xiu, Nine Dragons Guanyin pendant, jade nameplate, men's jade pendant, jade pendant - Jewelrystayone","og_description":"The wearer has a gentle temperament, symbolizing the rediscovery of the original kindness. They behave gracefully, have a clear understanding of the world, always ensure safety, eliminate disasters and difficulties, and stay away from misfortune. With great compassion and kindness, they save all living beings and are the embodiment of saving from suffering.","og_url":"https:\/\/www.jewelrystayone.com\/fr\/produit\/fine-hetian-jade-green-jade-pi-xiu-nine-dragons-guanyin-pendant-jade-nameplate-mens-jade-pendant-jade-pendant\/","og_site_name":"Jewelrystayone","article_modified_time":"2025-06-21T05:58:40+00:00","og_image":[{"width":800,"height":800,"url":"https:\/\/www.jewelrystayone.com\/wp-content\/uploads\/2025\/06\/10001-4.jpg","type":"image\/jpeg"}],"twitter_card":"summary_large_image","twitter_misc":{"Dur\u00e9e de lecture estim\u00e9e":"1 minute"},"schema":{"@context":"https:\/\/schema.org","@graph":[{"@type":"WebPage","@id":"https:\/\/www.jewelrystayone.com\/product\/fine-hetian-jade-green-jade-pi-xiu-nine-dragons-guanyin-pendant-jade-nameplate-mens-jade-pendant-jade-pendant\/","url":"https:\/\/www.jewelrystayone.com\/product\/fine-hetian-jade-green-jade-pi-xiu-nine-dragons-guanyin-pendant-jade-nameplate-mens-jade-pendant-jade-pendant\/","name":"Fine Hetian jade, green jade, PI Xiu, Nine Dragons Guanyin pendant, jade nameplate, men's jade pendant, jade pendant - Jewelrystayone","isPartOf":{"@id":"https:\/\/www.jewelrystayone.com\/ru\/#website"},"primaryImageOfPage":{"@id":"https:\/\/www.jewelrystayone.com\/product\/fine-hetian-jade-green-jade-pi-xiu-nine-dragons-guanyin-pendant-jade-nameplate-mens-jade-pendant-jade-pendant\/#primaryimage"},"image":{"@id":"https:\/\/www.jewelrystayone.com\/product\/fine-hetian-jade-green-jade-pi-xiu-nine-dragons-guanyin-pendant-jade-nameplate-mens-jade-pendant-jade-pendant\/#primaryimage"},"thumbnailUrl":"https:\/\/www.jewelrystayone.com\/wp-content\/uploads\/2025\/06\/10001-4.jpg","datePublished":"2025-06-06T02:45:28+00:00","dateModified":"2025-06-21T05:58:40+00:00","breadcrumb":{"@id":"https:\/\/www.jewelrystayone.com\/product\/fine-hetian-jade-green-jade-pi-xiu-nine-dragons-guanyin-pendant-jade-nameplate-mens-jade-pendant-jade-pendant\/#breadcrumb"},"inLanguage":"fr-FR","potentialAction":[{"@type":"ReadAction","target":["https:\/\/www.jewelrystayone.com\/product\/fine-hetian-jade-green-jade-pi-xiu-nine-dragons-guanyin-pendant-jade-nameplate-mens-jade-pendant-jade-pendant\/"]}]},{"@type":"ImageObject","inLanguage":"fr-FR","@id":"https:\/\/www.jewelrystayone.com\/product\/fine-hetian-jade-green-jade-pi-xiu-nine-dragons-guanyin-pendant-jade-nameplate-mens-jade-pendant-jade-pendant\/#primaryimage","url":"https:\/\/www.jewelrystayone.com\/wp-content\/uploads\/2025\/06\/10001-4.jpg","contentUrl":"https:\/\/www.jewelrystayone.com\/wp-content\/uploads\/2025\/06\/10001-4.jpg","width":800,"height":800},{"@type":"BreadcrumbList","@id":"https:\/\/www.jewelrystayone.com\/product\/fine-hetian-jade-green-jade-pi-xiu-nine-dragons-guanyin-pendant-jade-nameplate-mens-jade-pendant-jade-pendant\/#breadcrumb","itemListElement":[{"@type":"ListItem","position":1,"name":"\u9996\u9875","item":"https:\/\/www.jewelrystayone.com\/fr\/"},{"@type":"ListItem","position":2,"name":"Shop","item":"https:\/\/www.jewelrystayone.com\/es\/shop\/"},{"@type":"ListItem","position":3,"name":"Fine Hetian jade, green jade, PI Xiu, Nine Dragons Guanyin pendant, jade nameplate, men&#8217;s jade pendant, jade pendant"}]},{"@type":"WebSite","@id":"https:\/\/www.jewelrystayone.com\/ru\/#website","url":"https:\/\/www.jewelrystayone.com\/ru\/","name":"Jewelrystayone","description":"","publisher":{"@id":"https:\/\/www.jewelrystayone.com\/ru\/#\/schema\/person\/01db54116eb815cce40511147c5b6f8a"},"potentialAction":[{"@type":"SearchAction","target":{"@type":"EntryPoint","urlTemplate":"https:\/\/www.jewelrystayone.com\/ru\/?s={search_term_string}"},"query-input":{"@type":"PropertyValueSpecification","valueRequired":true,"valueName":"search_term_string"}}],"inLanguage":"fr-FR"},{"@type":["Person","Organization"],"@id":"https:\/\/www.jewelrystayone.com\/ru\/#\/schema\/person\/01db54116eb815cce40511147c5b6f8a","name":"stayone","image":{"@type":"ImageObject","inLanguage":"fr-FR","@id":"https:\/\/www.jewelrystayone.com\/ru\/#\/schema\/person\/image\/","url":"https:\/\/www.jewelrystayone.com\/wp-content\/uploads\/2025\/06\/\u5934\u50cflogo.jpg","contentUrl":"https:\/\/www.jewelrystayone.com\/wp-content\/uploads\/2025\/06\/\u5934\u50cflogo.jpg","width":512,"height":512,"caption":"stayone"},"logo":{"@id":"https:\/\/www.jewelrystayone.com\/ru\/#\/schema\/person\/image\/"}}]}},"_links":{"self":[{"href":"https:\/\/www.jewelrystayone.com\/fr\/wp-json\/wp\/v2\/product\/1077","targetHints":{"allow":["GET"]}}],"collection":[{"href":"https:\/\/www.jewelrystayone.com\/fr\/wp-json\/wp\/v2\/product"}],"about":[{"href":"https:\/\/www.jewelrystayone.com\/fr\/wp-json\/wp\/v2\/types\/product"}],"wp:featuredmedia":[{"embeddable":true,"href":"https:\/\/www.jewelrystayone.com\/fr\/wp-json\/wp\/v2\/media\/1125"}],"wp:attachment":[{"href":"https:\/\/www.jewelrystayone.com\/fr\/wp-json\/wp\/v2\/media?parent=1077"}],"wp:term":[{"taxonomy":"product_cat","embeddable":true,"href":"https:\/\/www.jewelrystayone.com\/fr\/wp-json\/wp\/v2\/product_cat?post=1077"},{"taxonomy":"product_tag","embeddable":true,"href":"https:\/\/www.jewelrystayone.com\/fr\/wp-json\/wp\/v2\/product_tag?post=1077"}],"curies":[{"name":"wp","href":"https:\/\/api.w.org\/{rel}","templated":true}]}}