{"id":1133,"date":"2025-06-06T03:26:43","date_gmt":"2025-06-06T03:26:43","guid":{"rendered":"http:\/\/www.jewelrystayone.com\/?post_type=product&#038;p=1133"},"modified":"2025-06-21T05:56:30","modified_gmt":"2025-06-21T05:56:30","slug":"the-men-play-with-the-twelve-zodiac-engraved-beads-the-small-leaf-purple-sandalwood-pi-xiu-wooden-buddhist-prayer-beads","status":"publish","type":"product","link":"https:\/\/www.jewelrystayone.com\/fr\/product\/the-men-play-with-the-twelve-zodiac-engraved-beads-the-small-leaf-purple-sandalwood-pi-xiu-wooden-buddhist-prayer-beads\/","title":{"rendered":"Les hommes jouent avec les douze perles grav\u00e9es du zodiaque, les perles de pri\u00e8re bouddhistes en bois PI Xiu \u00e0 petites feuilles de santal violet."},"content":{"rendered":"","protected":false},"excerpt":{"rendered":"<p>Les douze signes du zodiaque chinois contiennent chacun une fortune et des b\u00e9n\u00e9dictions uniques.<br \/>\nAu cours de l'ann\u00e9e du Rat, les personnes seront intelligentes et adroites, et la chance leur sourira.<br \/>\nAu cours de l'ann\u00e9e du b\u0153uf, vous serez diligent et terre-\u00e0-terre, et vous avancerez pas \u00e0 pas.<br \/>\nL'ann\u00e9e du tigre symbolise le courage et la force.<br \/>\nL'ann\u00e9e du lapin apporte sagesse et tranquillit\u00e9.<br \/>\nAu cours de l'ann\u00e9e du dragon, les descendants du dragon atteindront des sommets et verront leur carri\u00e8re d\u00e9coller.<br \/>\nL'ann\u00e9e du serpent se caract\u00e9rise par un comportement vif et une richesse abondante.<br \/>\nLa fortune de l'ann\u00e9e du cheval galopera comme un beau cheval.<br \/>\nL'ann\u00e9e de la ch\u00e8vre sera aussi douce qu'une ch\u00e8vre, avec des succ\u00e8s professionnels et familiaux.<br \/>\nL'ann\u00e9e du singe a \u00e9t\u00e9 extr\u00eamement intelligente.<br \/>\nL'ann\u00e9e du coq est synonyme de chance et de bonheur.<br \/>\nLa loyaut\u00e9 est pr\u00e9cieuse dans l'ann\u00e9e du chien.<br \/>\nL'ann\u00e9e du cochon est plac\u00e9e sous le signe de la chance.<br \/>\nChaque signe du zodiaque poss\u00e8de sa propre fortune et sa propre chance, tout comme le charme distinctif de chaque vie, qui peut apporter aux gens des surprises et des b\u00e9n\u00e9dictions sans fin.<\/p>","protected":false},"featured_media":1134,"template":"","meta":[],"product_cat":[108],"product_tag":[],"class_list":["post-1133","product","type-product","status-publish","has-post-thumbnail","hentry","product_cat-rosary-beads"],"yoast_head":"<!-- This site is optimized with the Yoast SEO plugin v25.3 - https:\/\/yoast.com\/wordpress\/plugins\/seo\/ -->\n<title>The men play with the twelve zodiac engraved beads, the small-leaf purple sandalwood PI Xiu wooden Buddhist prayer beads - Jewelrystayone<\/title>\n<meta name=\"robots\" content=\"index, follow, max-snippet:-1, max-image-preview:large, max-video-preview:-1\" \/>\n<link rel=\"canonical\" href=\"https:\/\/www.jewelrystayone.com\/fr\/produit\/the-men-play-with-the-twelve-zodiac-engraved-beads-the-small-leaf-purple-sandalwood-pi-xiu-wooden-buddhist-prayer-beads\/\" \/>\n<meta property=\"og:locale\" content=\"fr_FR\" \/>\n<meta property=\"og:type\" content=\"article\" \/>\n<meta property=\"og:title\" content=\"The men play with the twelve zodiac engraved beads, the small-leaf purple sandalwood PI Xiu wooden Buddhist prayer beads - Jewelrystayone\" \/>\n<meta property=\"og:description\" content=\"The twelve Chinese zodiac signs each contain unique fortune and blessings. In the Year of the Rat, one will be smart and dexterous, with good fortune shining upon them. In the Year of the Ox, one will be diligent and down-to-earth, advancing step by step. The Year of the Tiger symbolizes courage and strength. The Year of the Rabbit brings wisdom and tranquility. In the Year of the Dragon, the descendants of the dragon will soar to great heights and their careers will take off. The Year of the Snake is characterized by a lively posture and abundant wealth. The fortune of the Year of the Horse will gallop like a fine horse. The Year of the Goat will be as gentle as a goat, with both career and family success. The Year of the Monkey was extremely intelligent. The Year of the Rooster brings good fortune and happiness. Loyalty is precious in the Year of the Dog. The Year of the Pig is filled with good fortune. Each zodiac sign has its own unique fortune and good luck, just like the distinctive charm of every life, which can bring people endless surprises and blessings.\" \/>\n<meta property=\"og:url\" content=\"https:\/\/www.jewelrystayone.com\/fr\/produit\/the-men-play-with-the-twelve-zodiac-engraved-beads-the-small-leaf-purple-sandalwood-pi-xiu-wooden-buddhist-prayer-beads\/\" \/>\n<meta property=\"og:site_name\" content=\"Jewelrystayone\" \/>\n<meta property=\"article:modified_time\" content=\"2025-06-21T05:56:30+00:00\" \/>\n<meta property=\"og:image\" content=\"https:\/\/www.jewelrystayone.com\/wp-content\/uploads\/2025\/06\/1-1.jpg\" \/>\n\t<meta property=\"og:image:width\" content=\"800\" \/>\n\t<meta property=\"og:image:height\" content=\"800\" \/>\n\t<meta property=\"og:image:type\" content=\"image\/jpeg\" \/>\n<meta name=\"twitter:card\" content=\"summary_large_image\" \/>\n<meta name=\"twitter:label1\" content=\"Dur\u00e9e de lecture estim\u00e9e\" \/>\n\t<meta name=\"twitter:data1\" content=\"1 minute\" \/>\n<script type=\"application\/ld+json\" class=\"yoast-schema-graph\">{\"@context\":\"https:\/\/schema.org\",\"@graph\":[{\"@type\":\"WebPage\",\"@id\":\"https:\/\/www.jewelrystayone.com\/product\/the-men-play-with-the-twelve-zodiac-engraved-beads-the-small-leaf-purple-sandalwood-pi-xiu-wooden-buddhist-prayer-beads\/\",\"url\":\"https:\/\/www.jewelrystayone.com\/product\/the-men-play-with-the-twelve-zodiac-engraved-beads-the-small-leaf-purple-sandalwood-pi-xiu-wooden-buddhist-prayer-beads\/\",\"name\":\"The men play with the twelve zodiac engraved beads, the small-leaf purple sandalwood PI Xiu wooden Buddhist prayer beads - Jewelrystayone\",\"isPartOf\":{\"@id\":\"https:\/\/www.jewelrystayone.com\/ru\/#website\"},\"primaryImageOfPage\":{\"@id\":\"https:\/\/www.jewelrystayone.com\/product\/the-men-play-with-the-twelve-zodiac-engraved-beads-the-small-leaf-purple-sandalwood-pi-xiu-wooden-buddhist-prayer-beads\/#primaryimage\"},\"image\":{\"@id\":\"https:\/\/www.jewelrystayone.com\/product\/the-men-play-with-the-twelve-zodiac-engraved-beads-the-small-leaf-purple-sandalwood-pi-xiu-wooden-buddhist-prayer-beads\/#primaryimage\"},\"thumbnailUrl\":\"https:\/\/www.jewelrystayone.com\/wp-content\/uploads\/2025\/06\/1-1.jpg\",\"datePublished\":\"2025-06-06T03:26:43+00:00\",\"dateModified\":\"2025-06-21T05:56:30+00:00\",\"breadcrumb\":{\"@id\":\"https:\/\/www.jewelrystayone.com\/product\/the-men-play-with-the-twelve-zodiac-engraved-beads-the-small-leaf-purple-sandalwood-pi-xiu-wooden-buddhist-prayer-beads\/#breadcrumb\"},\"inLanguage\":\"fr-FR\",\"potentialAction\":[{\"@type\":\"ReadAction\",\"target\":[\"https:\/\/www.jewelrystayone.com\/product\/the-men-play-with-the-twelve-zodiac-engraved-beads-the-small-leaf-purple-sandalwood-pi-xiu-wooden-buddhist-prayer-beads\/\"]}]},{\"@type\":\"ImageObject\",\"inLanguage\":\"fr-FR\",\"@id\":\"https:\/\/www.jewelrystayone.com\/product\/the-men-play-with-the-twelve-zodiac-engraved-beads-the-small-leaf-purple-sandalwood-pi-xiu-wooden-buddhist-prayer-beads\/#primaryimage\",\"url\":\"https:\/\/www.jewelrystayone.com\/wp-content\/uploads\/2025\/06\/1-1.jpg\",\"contentUrl\":\"https:\/\/www.jewelrystayone.com\/wp-content\/uploads\/2025\/06\/1-1.jpg\",\"width\":800,\"height\":800},{\"@type\":\"BreadcrumbList\",\"@id\":\"https:\/\/www.jewelrystayone.com\/product\/the-men-play-with-the-twelve-zodiac-engraved-beads-the-small-leaf-purple-sandalwood-pi-xiu-wooden-buddhist-prayer-beads\/#breadcrumb\",\"itemListElement\":[{\"@type\":\"ListItem\",\"position\":1,\"name\":\"\u9996\u9875\",\"item\":\"https:\/\/www.jewelrystayone.com\/fr\/\"},{\"@type\":\"ListItem\",\"position\":2,\"name\":\"Shop\",\"item\":\"https:\/\/www.jewelrystayone.com\/es\/shop\/\"},{\"@type\":\"ListItem\",\"position\":3,\"name\":\"The men play with the twelve zodiac engraved beads, the small-leaf purple sandalwood PI Xiu wooden Buddhist prayer beads\"}]},{\"@type\":\"WebSite\",\"@id\":\"https:\/\/www.jewelrystayone.com\/ru\/#website\",\"url\":\"https:\/\/www.jewelrystayone.com\/ru\/\",\"name\":\"Jewelrystayone\",\"description\":\"\",\"publisher\":{\"@id\":\"https:\/\/www.jewelrystayone.com\/ru\/#\/schema\/person\/01db54116eb815cce40511147c5b6f8a\"},\"potentialAction\":[{\"@type\":\"SearchAction\",\"target\":{\"@type\":\"EntryPoint\",\"urlTemplate\":\"https:\/\/www.jewelrystayone.com\/ru\/?s={search_term_string}\"},\"query-input\":{\"@type\":\"PropertyValueSpecification\",\"valueRequired\":true,\"valueName\":\"search_term_string\"}}],\"inLanguage\":\"fr-FR\"},{\"@type\":[\"Person\",\"Organization\"],\"@id\":\"https:\/\/www.jewelrystayone.com\/ru\/#\/schema\/person\/01db54116eb815cce40511147c5b6f8a\",\"name\":\"stayone\",\"image\":{\"@type\":\"ImageObject\",\"inLanguage\":\"fr-FR\",\"@id\":\"https:\/\/www.jewelrystayone.com\/ru\/#\/schema\/person\/image\/\",\"url\":\"https:\/\/www.jewelrystayone.com\/wp-content\/uploads\/2025\/06\/\u5934\u50cflogo.jpg\",\"contentUrl\":\"https:\/\/www.jewelrystayone.com\/wp-content\/uploads\/2025\/06\/\u5934\u50cflogo.jpg\",\"width\":512,\"height\":512,\"caption\":\"stayone\"},\"logo\":{\"@id\":\"https:\/\/www.jewelrystayone.com\/ru\/#\/schema\/person\/image\/\"}}]}<\/script>\n<!-- \/ Yoast SEO plugin. -->","yoast_head_json":{"title":"The men play with the twelve zodiac engraved beads, the small-leaf purple sandalwood PI Xiu wooden Buddhist prayer beads - Jewelrystayone","robots":{"index":"index","follow":"follow","max-snippet":"max-snippet:-1","max-image-preview":"max-image-preview:large","max-video-preview":"max-video-preview:-1"},"canonical":"https:\/\/www.jewelrystayone.com\/fr\/produit\/the-men-play-with-the-twelve-zodiac-engraved-beads-the-small-leaf-purple-sandalwood-pi-xiu-wooden-buddhist-prayer-beads\/","og_locale":"fr_FR","og_type":"article","og_title":"The men play with the twelve zodiac engraved beads, the small-leaf purple sandalwood PI Xiu wooden Buddhist prayer beads - Jewelrystayone","og_description":"The twelve Chinese zodiac signs each contain unique fortune and blessings. In the Year of the Rat, one will be smart and dexterous, with good fortune shining upon them. In the Year of the Ox, one will be diligent and down-to-earth, advancing step by step. The Year of the Tiger symbolizes courage and strength. The Year of the Rabbit brings wisdom and tranquility. In the Year of the Dragon, the descendants of the dragon will soar to great heights and their careers will take off. The Year of the Snake is characterized by a lively posture and abundant wealth. The fortune of the Year of the Horse will gallop like a fine horse. The Year of the Goat will be as gentle as a goat, with both career and family success. The Year of the Monkey was extremely intelligent. The Year of the Rooster brings good fortune and happiness. Loyalty is precious in the Year of the Dog. The Year of the Pig is filled with good fortune. Each zodiac sign has its own unique fortune and good luck, just like the distinctive charm of every life, which can bring people endless surprises and blessings.","og_url":"https:\/\/www.jewelrystayone.com\/fr\/produit\/the-men-play-with-the-twelve-zodiac-engraved-beads-the-small-leaf-purple-sandalwood-pi-xiu-wooden-buddhist-prayer-beads\/","og_site_name":"Jewelrystayone","article_modified_time":"2025-06-21T05:56:30+00:00","og_image":[{"width":800,"height":800,"url":"https:\/\/www.jewelrystayone.com\/wp-content\/uploads\/2025\/06\/1-1.jpg","type":"image\/jpeg"}],"twitter_card":"summary_large_image","twitter_misc":{"Dur\u00e9e de lecture estim\u00e9e":"1 minute"},"schema":{"@context":"https:\/\/schema.org","@graph":[{"@type":"WebPage","@id":"https:\/\/www.jewelrystayone.com\/product\/the-men-play-with-the-twelve-zodiac-engraved-beads-the-small-leaf-purple-sandalwood-pi-xiu-wooden-buddhist-prayer-beads\/","url":"https:\/\/www.jewelrystayone.com\/product\/the-men-play-with-the-twelve-zodiac-engraved-beads-the-small-leaf-purple-sandalwood-pi-xiu-wooden-buddhist-prayer-beads\/","name":"The men play with the twelve zodiac engraved beads, the small-leaf purple sandalwood PI Xiu wooden Buddhist prayer beads - Jewelrystayone","isPartOf":{"@id":"https:\/\/www.jewelrystayone.com\/ru\/#website"},"primaryImageOfPage":{"@id":"https:\/\/www.jewelrystayone.com\/product\/the-men-play-with-the-twelve-zodiac-engraved-beads-the-small-leaf-purple-sandalwood-pi-xiu-wooden-buddhist-prayer-beads\/#primaryimage"},"image":{"@id":"https:\/\/www.jewelrystayone.com\/product\/the-men-play-with-the-twelve-zodiac-engraved-beads-the-small-leaf-purple-sandalwood-pi-xiu-wooden-buddhist-prayer-beads\/#primaryimage"},"thumbnailUrl":"https:\/\/www.jewelrystayone.com\/wp-content\/uploads\/2025\/06\/1-1.jpg","datePublished":"2025-06-06T03:26:43+00:00","dateModified":"2025-06-21T05:56:30+00:00","breadcrumb":{"@id":"https:\/\/www.jewelrystayone.com\/product\/the-men-play-with-the-twelve-zodiac-engraved-beads-the-small-leaf-purple-sandalwood-pi-xiu-wooden-buddhist-prayer-beads\/#breadcrumb"},"inLanguage":"fr-FR","potentialAction":[{"@type":"ReadAction","target":["https:\/\/www.jewelrystayone.com\/product\/the-men-play-with-the-twelve-zodiac-engraved-beads-the-small-leaf-purple-sandalwood-pi-xiu-wooden-buddhist-prayer-beads\/"]}]},{"@type":"ImageObject","inLanguage":"fr-FR","@id":"https:\/\/www.jewelrystayone.com\/product\/the-men-play-with-the-twelve-zodiac-engraved-beads-the-small-leaf-purple-sandalwood-pi-xiu-wooden-buddhist-prayer-beads\/#primaryimage","url":"https:\/\/www.jewelrystayone.com\/wp-content\/uploads\/2025\/06\/1-1.jpg","contentUrl":"https:\/\/www.jewelrystayone.com\/wp-content\/uploads\/2025\/06\/1-1.jpg","width":800,"height":800},{"@type":"BreadcrumbList","@id":"https:\/\/www.jewelrystayone.com\/product\/the-men-play-with-the-twelve-zodiac-engraved-beads-the-small-leaf-purple-sandalwood-pi-xiu-wooden-buddhist-prayer-beads\/#breadcrumb","itemListElement":[{"@type":"ListItem","position":1,"name":"\u9996\u9875","item":"https:\/\/www.jewelrystayone.com\/fr\/"},{"@type":"ListItem","position":2,"name":"Shop","item":"https:\/\/www.jewelrystayone.com\/es\/shop\/"},{"@type":"ListItem","position":3,"name":"The men play with the twelve zodiac engraved beads, the small-leaf purple sandalwood PI Xiu wooden Buddhist prayer beads"}]},{"@type":"WebSite","@id":"https:\/\/www.jewelrystayone.com\/ru\/#website","url":"https:\/\/www.jewelrystayone.com\/ru\/","name":"Jewelrystayone","description":"","publisher":{"@id":"https:\/\/www.jewelrystayone.com\/ru\/#\/schema\/person\/01db54116eb815cce40511147c5b6f8a"},"potentialAction":[{"@type":"SearchAction","target":{"@type":"EntryPoint","urlTemplate":"https:\/\/www.jewelrystayone.com\/ru\/?s={search_term_string}"},"query-input":{"@type":"PropertyValueSpecification","valueRequired":true,"valueName":"search_term_string"}}],"inLanguage":"fr-FR"},{"@type":["Person","Organization"],"@id":"https:\/\/www.jewelrystayone.com\/ru\/#\/schema\/person\/01db54116eb815cce40511147c5b6f8a","name":"stayone","image":{"@type":"ImageObject","inLanguage":"fr-FR","@id":"https:\/\/www.jewelrystayone.com\/ru\/#\/schema\/person\/image\/","url":"https:\/\/www.jewelrystayone.com\/wp-content\/uploads\/2025\/06\/\u5934\u50cflogo.jpg","contentUrl":"https:\/\/www.jewelrystayone.com\/wp-content\/uploads\/2025\/06\/\u5934\u50cflogo.jpg","width":512,"height":512,"caption":"stayone"},"logo":{"@id":"https:\/\/www.jewelrystayone.com\/ru\/#\/schema\/person\/image\/"}}]}},"_links":{"self":[{"href":"https:\/\/www.jewelrystayone.com\/fr\/wp-json\/wp\/v2\/product\/1133","targetHints":{"allow":["GET"]}}],"collection":[{"href":"https:\/\/www.jewelrystayone.com\/fr\/wp-json\/wp\/v2\/product"}],"about":[{"href":"https:\/\/www.jewelrystayone.com\/fr\/wp-json\/wp\/v2\/types\/product"}],"wp:featuredmedia":[{"embeddable":true,"href":"https:\/\/www.jewelrystayone.com\/fr\/wp-json\/wp\/v2\/media\/1134"}],"wp:attachment":[{"href":"https:\/\/www.jewelrystayone.com\/fr\/wp-json\/wp\/v2\/media?parent=1133"}],"wp:term":[{"taxonomy":"product_cat","embeddable":true,"href":"https:\/\/www.jewelrystayone.com\/fr\/wp-json\/wp\/v2\/product_cat?post=1133"},{"taxonomy":"product_tag","embeddable":true,"href":"https:\/\/www.jewelrystayone.com\/fr\/wp-json\/wp\/v2\/product_tag?post=1133"}],"curies":[{"name":"wp","href":"https:\/\/api.w.org\/{rel}","templated":true}]}}