{"id":1148,"date":"2025-06-06T03:29:04","date_gmt":"2025-06-06T03:29:04","guid":{"rendered":"http:\/\/www.jewelrystayone.com\/?post_type=product&#038;p=1148"},"modified":"2025-06-21T05:56:05","modified_gmt":"2025-06-21T05:56:05","slug":"bolivian-amethyst-bracelet-for-women-natural-deep-amethyst-bracelet-collectible-level","status":"publish","type":"product","link":"https:\/\/www.jewelrystayone.com\/fr\/product\/bolivian-amethyst-bracelet-for-women-natural-deep-amethyst-bracelet-collectible-level\/","title":{"rendered":"Bracelet d'am\u00e9thyste bolivienne pour femme, bracelet d'am\u00e9thyste naturelle profonde, niveau collection"},"content":{"rendered":"","protected":false},"excerpt":{"rendered":"<p>L'am\u00e9thyste est r\u00e9put\u00e9e pour sa beaut\u00e9 et sa noblesse, symbolisant la sagesse et l'intelligence. Elle repr\u00e9sente l'amour profond. Les couples ou les \u00e9poux la portent souvent pour exprimer leur loyaut\u00e9 et leur profonde affection. Elle aide \u00e0 \u00e9tudier et \u00e0 passer des examens, renforce la concentration, am\u00e9liore la qualit\u00e9 du sommeil, attire l'attention, garde l'esprit clair, favorise une vie amoureuse harmonieuse et soulage le stress.<\/p>","protected":false},"featured_media":1149,"template":"","meta":[],"product_cat":[109],"product_tag":[],"class_list":["post-1148","product","type-product","status-publish","has-post-thumbnail","hentry","product_cat-natural-crystal"],"yoast_head":"<!-- This site is optimized with the Yoast SEO plugin v25.3 - https:\/\/yoast.com\/wordpress\/plugins\/seo\/ -->\n<title>Bolivian amethyst bracelet for women, natural deep amethyst bracelet, collectible level - Jewelrystayone<\/title>\n<meta name=\"robots\" content=\"index, follow, max-snippet:-1, max-image-preview:large, max-video-preview:-1\" \/>\n<link rel=\"canonical\" href=\"https:\/\/www.jewelrystayone.com\/fr\/produit\/bolivian-amethyst-bracelet-for-women-natural-deep-amethyst-bracelet-collectible-level\/\" \/>\n<meta property=\"og:locale\" content=\"fr_FR\" \/>\n<meta property=\"og:type\" content=\"article\" \/>\n<meta property=\"og:title\" content=\"Bolivian amethyst bracelet for women, natural deep amethyst bracelet, collectible level - Jewelrystayone\" \/>\n<meta property=\"og:description\" content=\"Amethyst is renowned for its beauty and nobility, symbolizing wisdom and intelligence. It represents deep love. Couples or spouses often wear it to express their loyalty and deep affection. It helps with study and exams, enhances concentration, improves sleep quality, attracts attention, keeps the mind clear, promotes a smooth love life, and relieves stress\" \/>\n<meta property=\"og:url\" content=\"https:\/\/www.jewelrystayone.com\/fr\/produit\/bolivian-amethyst-bracelet-for-women-natural-deep-amethyst-bracelet-collectible-level\/\" \/>\n<meta property=\"og:site_name\" content=\"Jewelrystayone\" \/>\n<meta property=\"article:modified_time\" content=\"2025-06-21T05:56:05+00:00\" \/>\n<meta property=\"og:image\" content=\"https:\/\/www.jewelrystayone.com\/wp-content\/uploads\/2025\/06\/10001-6.jpg\" \/>\n\t<meta property=\"og:image:width\" content=\"800\" \/>\n\t<meta property=\"og:image:height\" content=\"800\" \/>\n\t<meta property=\"og:image:type\" content=\"image\/jpeg\" \/>\n<meta name=\"twitter:card\" content=\"summary_large_image\" \/>\n<script type=\"application\/ld+json\" class=\"yoast-schema-graph\">{\"@context\":\"https:\/\/schema.org\",\"@graph\":[{\"@type\":\"WebPage\",\"@id\":\"https:\/\/www.jewelrystayone.com\/product\/bolivian-amethyst-bracelet-for-women-natural-deep-amethyst-bracelet-collectible-level\/\",\"url\":\"https:\/\/www.jewelrystayone.com\/product\/bolivian-amethyst-bracelet-for-women-natural-deep-amethyst-bracelet-collectible-level\/\",\"name\":\"Bolivian amethyst bracelet for women, natural deep amethyst bracelet, collectible level - Jewelrystayone\",\"isPartOf\":{\"@id\":\"https:\/\/www.jewelrystayone.com\/ru\/#website\"},\"primaryImageOfPage\":{\"@id\":\"https:\/\/www.jewelrystayone.com\/product\/bolivian-amethyst-bracelet-for-women-natural-deep-amethyst-bracelet-collectible-level\/#primaryimage\"},\"image\":{\"@id\":\"https:\/\/www.jewelrystayone.com\/product\/bolivian-amethyst-bracelet-for-women-natural-deep-amethyst-bracelet-collectible-level\/#primaryimage\"},\"thumbnailUrl\":\"https:\/\/www.jewelrystayone.com\/wp-content\/uploads\/2025\/06\/10001-6.jpg\",\"datePublished\":\"2025-06-06T03:29:04+00:00\",\"dateModified\":\"2025-06-21T05:56:05+00:00\",\"breadcrumb\":{\"@id\":\"https:\/\/www.jewelrystayone.com\/product\/bolivian-amethyst-bracelet-for-women-natural-deep-amethyst-bracelet-collectible-level\/#breadcrumb\"},\"inLanguage\":\"fr-FR\",\"potentialAction\":[{\"@type\":\"ReadAction\",\"target\":[\"https:\/\/www.jewelrystayone.com\/product\/bolivian-amethyst-bracelet-for-women-natural-deep-amethyst-bracelet-collectible-level\/\"]}]},{\"@type\":\"ImageObject\",\"inLanguage\":\"fr-FR\",\"@id\":\"https:\/\/www.jewelrystayone.com\/product\/bolivian-amethyst-bracelet-for-women-natural-deep-amethyst-bracelet-collectible-level\/#primaryimage\",\"url\":\"https:\/\/www.jewelrystayone.com\/wp-content\/uploads\/2025\/06\/10001-6.jpg\",\"contentUrl\":\"https:\/\/www.jewelrystayone.com\/wp-content\/uploads\/2025\/06\/10001-6.jpg\",\"width\":800,\"height\":800},{\"@type\":\"BreadcrumbList\",\"@id\":\"https:\/\/www.jewelrystayone.com\/product\/bolivian-amethyst-bracelet-for-women-natural-deep-amethyst-bracelet-collectible-level\/#breadcrumb\",\"itemListElement\":[{\"@type\":\"ListItem\",\"position\":1,\"name\":\"\u9996\u9875\",\"item\":\"https:\/\/www.jewelrystayone.com\/fr\/\"},{\"@type\":\"ListItem\",\"position\":2,\"name\":\"Shop\",\"item\":\"https:\/\/www.jewelrystayone.com\/es\/shop\/\"},{\"@type\":\"ListItem\",\"position\":3,\"name\":\"Bolivian amethyst bracelet for women, natural deep amethyst bracelet, collectible level\"}]},{\"@type\":\"WebSite\",\"@id\":\"https:\/\/www.jewelrystayone.com\/ru\/#website\",\"url\":\"https:\/\/www.jewelrystayone.com\/ru\/\",\"name\":\"Jewelrystayone\",\"description\":\"\",\"publisher\":{\"@id\":\"https:\/\/www.jewelrystayone.com\/ru\/#\/schema\/person\/01db54116eb815cce40511147c5b6f8a\"},\"potentialAction\":[{\"@type\":\"SearchAction\",\"target\":{\"@type\":\"EntryPoint\",\"urlTemplate\":\"https:\/\/www.jewelrystayone.com\/ru\/?s={search_term_string}\"},\"query-input\":{\"@type\":\"PropertyValueSpecification\",\"valueRequired\":true,\"valueName\":\"search_term_string\"}}],\"inLanguage\":\"fr-FR\"},{\"@type\":[\"Person\",\"Organization\"],\"@id\":\"https:\/\/www.jewelrystayone.com\/ru\/#\/schema\/person\/01db54116eb815cce40511147c5b6f8a\",\"name\":\"stayone\",\"image\":{\"@type\":\"ImageObject\",\"inLanguage\":\"fr-FR\",\"@id\":\"https:\/\/www.jewelrystayone.com\/ru\/#\/schema\/person\/image\/\",\"url\":\"https:\/\/www.jewelrystayone.com\/wp-content\/uploads\/2025\/06\/\u5934\u50cflogo.jpg\",\"contentUrl\":\"https:\/\/www.jewelrystayone.com\/wp-content\/uploads\/2025\/06\/\u5934\u50cflogo.jpg\",\"width\":512,\"height\":512,\"caption\":\"stayone\"},\"logo\":{\"@id\":\"https:\/\/www.jewelrystayone.com\/ru\/#\/schema\/person\/image\/\"}}]}<\/script>\n<!-- \/ Yoast SEO plugin. -->","yoast_head_json":{"title":"Bolivian amethyst bracelet for women, natural deep amethyst bracelet, collectible level - Jewelrystayone","robots":{"index":"index","follow":"follow","max-snippet":"max-snippet:-1","max-image-preview":"max-image-preview:large","max-video-preview":"max-video-preview:-1"},"canonical":"https:\/\/www.jewelrystayone.com\/fr\/produit\/bolivian-amethyst-bracelet-for-women-natural-deep-amethyst-bracelet-collectible-level\/","og_locale":"fr_FR","og_type":"article","og_title":"Bolivian amethyst bracelet for women, natural deep amethyst bracelet, collectible level - Jewelrystayone","og_description":"Amethyst is renowned for its beauty and nobility, symbolizing wisdom and intelligence. It represents deep love. Couples or spouses often wear it to express their loyalty and deep affection. It helps with study and exams, enhances concentration, improves sleep quality, attracts attention, keeps the mind clear, promotes a smooth love life, and relieves stress","og_url":"https:\/\/www.jewelrystayone.com\/fr\/produit\/bolivian-amethyst-bracelet-for-women-natural-deep-amethyst-bracelet-collectible-level\/","og_site_name":"Jewelrystayone","article_modified_time":"2025-06-21T05:56:05+00:00","og_image":[{"width":800,"height":800,"url":"https:\/\/www.jewelrystayone.com\/wp-content\/uploads\/2025\/06\/10001-6.jpg","type":"image\/jpeg"}],"twitter_card":"summary_large_image","schema":{"@context":"https:\/\/schema.org","@graph":[{"@type":"WebPage","@id":"https:\/\/www.jewelrystayone.com\/product\/bolivian-amethyst-bracelet-for-women-natural-deep-amethyst-bracelet-collectible-level\/","url":"https:\/\/www.jewelrystayone.com\/product\/bolivian-amethyst-bracelet-for-women-natural-deep-amethyst-bracelet-collectible-level\/","name":"Bolivian amethyst bracelet for women, natural deep amethyst bracelet, collectible level - Jewelrystayone","isPartOf":{"@id":"https:\/\/www.jewelrystayone.com\/ru\/#website"},"primaryImageOfPage":{"@id":"https:\/\/www.jewelrystayone.com\/product\/bolivian-amethyst-bracelet-for-women-natural-deep-amethyst-bracelet-collectible-level\/#primaryimage"},"image":{"@id":"https:\/\/www.jewelrystayone.com\/product\/bolivian-amethyst-bracelet-for-women-natural-deep-amethyst-bracelet-collectible-level\/#primaryimage"},"thumbnailUrl":"https:\/\/www.jewelrystayone.com\/wp-content\/uploads\/2025\/06\/10001-6.jpg","datePublished":"2025-06-06T03:29:04+00:00","dateModified":"2025-06-21T05:56:05+00:00","breadcrumb":{"@id":"https:\/\/www.jewelrystayone.com\/product\/bolivian-amethyst-bracelet-for-women-natural-deep-amethyst-bracelet-collectible-level\/#breadcrumb"},"inLanguage":"fr-FR","potentialAction":[{"@type":"ReadAction","target":["https:\/\/www.jewelrystayone.com\/product\/bolivian-amethyst-bracelet-for-women-natural-deep-amethyst-bracelet-collectible-level\/"]}]},{"@type":"ImageObject","inLanguage":"fr-FR","@id":"https:\/\/www.jewelrystayone.com\/product\/bolivian-amethyst-bracelet-for-women-natural-deep-amethyst-bracelet-collectible-level\/#primaryimage","url":"https:\/\/www.jewelrystayone.com\/wp-content\/uploads\/2025\/06\/10001-6.jpg","contentUrl":"https:\/\/www.jewelrystayone.com\/wp-content\/uploads\/2025\/06\/10001-6.jpg","width":800,"height":800},{"@type":"BreadcrumbList","@id":"https:\/\/www.jewelrystayone.com\/product\/bolivian-amethyst-bracelet-for-women-natural-deep-amethyst-bracelet-collectible-level\/#breadcrumb","itemListElement":[{"@type":"ListItem","position":1,"name":"\u9996\u9875","item":"https:\/\/www.jewelrystayone.com\/fr\/"},{"@type":"ListItem","position":2,"name":"Shop","item":"https:\/\/www.jewelrystayone.com\/es\/shop\/"},{"@type":"ListItem","position":3,"name":"Bolivian amethyst bracelet for women, natural deep amethyst bracelet, collectible level"}]},{"@type":"WebSite","@id":"https:\/\/www.jewelrystayone.com\/ru\/#website","url":"https:\/\/www.jewelrystayone.com\/ru\/","name":"Jewelrystayone","description":"","publisher":{"@id":"https:\/\/www.jewelrystayone.com\/ru\/#\/schema\/person\/01db54116eb815cce40511147c5b6f8a"},"potentialAction":[{"@type":"SearchAction","target":{"@type":"EntryPoint","urlTemplate":"https:\/\/www.jewelrystayone.com\/ru\/?s={search_term_string}"},"query-input":{"@type":"PropertyValueSpecification","valueRequired":true,"valueName":"search_term_string"}}],"inLanguage":"fr-FR"},{"@type":["Person","Organization"],"@id":"https:\/\/www.jewelrystayone.com\/ru\/#\/schema\/person\/01db54116eb815cce40511147c5b6f8a","name":"stayone","image":{"@type":"ImageObject","inLanguage":"fr-FR","@id":"https:\/\/www.jewelrystayone.com\/ru\/#\/schema\/person\/image\/","url":"https:\/\/www.jewelrystayone.com\/wp-content\/uploads\/2025\/06\/\u5934\u50cflogo.jpg","contentUrl":"https:\/\/www.jewelrystayone.com\/wp-content\/uploads\/2025\/06\/\u5934\u50cflogo.jpg","width":512,"height":512,"caption":"stayone"},"logo":{"@id":"https:\/\/www.jewelrystayone.com\/ru\/#\/schema\/person\/image\/"}}]}},"_links":{"self":[{"href":"https:\/\/www.jewelrystayone.com\/fr\/wp-json\/wp\/v2\/product\/1148","targetHints":{"allow":["GET"]}}],"collection":[{"href":"https:\/\/www.jewelrystayone.com\/fr\/wp-json\/wp\/v2\/product"}],"about":[{"href":"https:\/\/www.jewelrystayone.com\/fr\/wp-json\/wp\/v2\/types\/product"}],"wp:featuredmedia":[{"embeddable":true,"href":"https:\/\/www.jewelrystayone.com\/fr\/wp-json\/wp\/v2\/media\/1149"}],"wp:attachment":[{"href":"https:\/\/www.jewelrystayone.com\/fr\/wp-json\/wp\/v2\/media?parent=1148"}],"wp:term":[{"taxonomy":"product_cat","embeddable":true,"href":"https:\/\/www.jewelrystayone.com\/fr\/wp-json\/wp\/v2\/product_cat?post=1148"},{"taxonomy":"product_tag","embeddable":true,"href":"https:\/\/www.jewelrystayone.com\/fr\/wp-json\/wp\/v2\/product_tag?post=1148"}],"curies":[{"name":"wp","href":"https:\/\/api.w.org\/{rel}","templated":true}]}}