{"id":1189,"date":"2025-06-06T03:34:51","date_gmt":"2025-06-06T03:34:51","guid":{"rendered":"http:\/\/www.jewelrystayone.com\/?post_type=product&#038;p=1189"},"modified":"2025-06-21T05:53:32","modified_gmt":"2025-06-21T05:53:32","slug":"natural-jade-leaf-pendant-925-jade-golden-branch-and-jade-leaf-inlaid-leaf-ice-seed-necklace","status":"publish","type":"product","link":"https:\/\/www.jewelrystayone.com\/fr\/product\/natural-jade-leaf-pendant-925-jade-golden-branch-and-jade-leaf-inlaid-leaf-ice-seed-necklace\/","title":{"rendered":"Pendentif feuille de jade naturel 925 Jade Branche d'or et feuille de jade incrust\u00e9e feuille de glace Collier graine de glace"},"content":{"rendered":"","protected":false},"excerpt":{"rendered":"<p>Les branches d'or et les feuilles de jade, nobles et \u00e9l\u00e9gantes, les branches et les feuilles qui s'\u00e9tendent, sont synonymes d'\u00e9panouissement et de multiplication, de grand succ\u00e8s et de carri\u00e8re r\u00e9ussie. L'image des feuilles de jade repr\u00e9sente \u00e9galement la grandeur et la stabilit\u00e9.<\/p>","protected":false},"featured_media":1192,"template":"","meta":[],"product_cat":[110],"product_tag":[],"class_list":["post-1189","product","type-product","status-publish","has-post-thumbnail","hentry","product_cat-high-end-jadeite"],"yoast_head":"<!-- This site is optimized with the Yoast SEO plugin v25.3 - https:\/\/yoast.com\/wordpress\/plugins\/seo\/ -->\n<title>Natural jade leaf pendant 925 jade Golden Branch and jade leaf inlaid leaf ice seed necklace - Jewelrystayone<\/title>\n<meta name=\"robots\" content=\"index, follow, max-snippet:-1, max-image-preview:large, max-video-preview:-1\" \/>\n<link rel=\"canonical\" href=\"https:\/\/www.jewelrystayone.com\/fr\/produit\/natural-jade-leaf-pendant-925-jade-golden-branch-and-jade-leaf-inlaid-leaf-ice-seed-necklace\/\" \/>\n<meta property=\"og:locale\" content=\"fr_FR\" \/>\n<meta property=\"og:type\" content=\"article\" \/>\n<meta property=\"og:title\" content=\"Natural jade leaf pendant 925 jade Golden Branch and jade leaf inlaid leaf ice seed necklace - Jewelrystayone\" \/>\n<meta property=\"og:description\" content=\"Golden branches and jade leaves, noble and elegant, spreading branches and leaves, carry the meaning of flourishing and multiplying, achieving great success, and having a successful career. The image of jade leaves also represents grandeur and stability.\" \/>\n<meta property=\"og:url\" content=\"https:\/\/www.jewelrystayone.com\/fr\/produit\/natural-jade-leaf-pendant-925-jade-golden-branch-and-jade-leaf-inlaid-leaf-ice-seed-necklace\/\" \/>\n<meta property=\"og:site_name\" content=\"Jewelrystayone\" \/>\n<meta property=\"article:modified_time\" content=\"2025-06-21T05:53:32+00:00\" \/>\n<meta property=\"og:image\" content=\"https:\/\/www.jewelrystayone.com\/wp-content\/uploads\/2025\/06\/1-7.jpg\" \/>\n\t<meta property=\"og:image:width\" content=\"800\" \/>\n\t<meta property=\"og:image:height\" content=\"800\" \/>\n\t<meta property=\"og:image:type\" content=\"image\/jpeg\" \/>\n<meta name=\"twitter:card\" content=\"summary_large_image\" \/>\n<meta name=\"twitter:label1\" content=\"Dur\u00e9e de lecture estim\u00e9e\" \/>\n\t<meta name=\"twitter:data1\" content=\"1 minute\" \/>\n<script type=\"application\/ld+json\" class=\"yoast-schema-graph\">{\"@context\":\"https:\/\/schema.org\",\"@graph\":[{\"@type\":\"WebPage\",\"@id\":\"https:\/\/www.jewelrystayone.com\/product\/natural-jade-leaf-pendant-925-jade-golden-branch-and-jade-leaf-inlaid-leaf-ice-seed-necklace\/\",\"url\":\"https:\/\/www.jewelrystayone.com\/product\/natural-jade-leaf-pendant-925-jade-golden-branch-and-jade-leaf-inlaid-leaf-ice-seed-necklace\/\",\"name\":\"Natural jade leaf pendant 925 jade Golden Branch and jade leaf inlaid leaf ice seed necklace - Jewelrystayone\",\"isPartOf\":{\"@id\":\"https:\/\/www.jewelrystayone.com\/ru\/#website\"},\"primaryImageOfPage\":{\"@id\":\"https:\/\/www.jewelrystayone.com\/product\/natural-jade-leaf-pendant-925-jade-golden-branch-and-jade-leaf-inlaid-leaf-ice-seed-necklace\/#primaryimage\"},\"image\":{\"@id\":\"https:\/\/www.jewelrystayone.com\/product\/natural-jade-leaf-pendant-925-jade-golden-branch-and-jade-leaf-inlaid-leaf-ice-seed-necklace\/#primaryimage\"},\"thumbnailUrl\":\"https:\/\/www.jewelrystayone.com\/wp-content\/uploads\/2025\/06\/1-7.jpg\",\"datePublished\":\"2025-06-06T03:34:51+00:00\",\"dateModified\":\"2025-06-21T05:53:32+00:00\",\"breadcrumb\":{\"@id\":\"https:\/\/www.jewelrystayone.com\/product\/natural-jade-leaf-pendant-925-jade-golden-branch-and-jade-leaf-inlaid-leaf-ice-seed-necklace\/#breadcrumb\"},\"inLanguage\":\"fr-FR\",\"potentialAction\":[{\"@type\":\"ReadAction\",\"target\":[\"https:\/\/www.jewelrystayone.com\/product\/natural-jade-leaf-pendant-925-jade-golden-branch-and-jade-leaf-inlaid-leaf-ice-seed-necklace\/\"]}]},{\"@type\":\"ImageObject\",\"inLanguage\":\"fr-FR\",\"@id\":\"https:\/\/www.jewelrystayone.com\/product\/natural-jade-leaf-pendant-925-jade-golden-branch-and-jade-leaf-inlaid-leaf-ice-seed-necklace\/#primaryimage\",\"url\":\"https:\/\/www.jewelrystayone.com\/wp-content\/uploads\/2025\/06\/1-7.jpg\",\"contentUrl\":\"https:\/\/www.jewelrystayone.com\/wp-content\/uploads\/2025\/06\/1-7.jpg\",\"width\":800,\"height\":800},{\"@type\":\"BreadcrumbList\",\"@id\":\"https:\/\/www.jewelrystayone.com\/product\/natural-jade-leaf-pendant-925-jade-golden-branch-and-jade-leaf-inlaid-leaf-ice-seed-necklace\/#breadcrumb\",\"itemListElement\":[{\"@type\":\"ListItem\",\"position\":1,\"name\":\"\u9996\u9875\",\"item\":\"https:\/\/www.jewelrystayone.com\/fr\/\"},{\"@type\":\"ListItem\",\"position\":2,\"name\":\"Shop\",\"item\":\"https:\/\/www.jewelrystayone.com\/es\/shop\/\"},{\"@type\":\"ListItem\",\"position\":3,\"name\":\"Natural jade leaf pendant 925 jade Golden Branch and jade leaf inlaid leaf ice seed necklace\"}]},{\"@type\":\"WebSite\",\"@id\":\"https:\/\/www.jewelrystayone.com\/ru\/#website\",\"url\":\"https:\/\/www.jewelrystayone.com\/ru\/\",\"name\":\"Jewelrystayone\",\"description\":\"\",\"publisher\":{\"@id\":\"https:\/\/www.jewelrystayone.com\/ru\/#\/schema\/person\/01db54116eb815cce40511147c5b6f8a\"},\"potentialAction\":[{\"@type\":\"SearchAction\",\"target\":{\"@type\":\"EntryPoint\",\"urlTemplate\":\"https:\/\/www.jewelrystayone.com\/ru\/?s={search_term_string}\"},\"query-input\":{\"@type\":\"PropertyValueSpecification\",\"valueRequired\":true,\"valueName\":\"search_term_string\"}}],\"inLanguage\":\"fr-FR\"},{\"@type\":[\"Person\",\"Organization\"],\"@id\":\"https:\/\/www.jewelrystayone.com\/ru\/#\/schema\/person\/01db54116eb815cce40511147c5b6f8a\",\"name\":\"stayone\",\"image\":{\"@type\":\"ImageObject\",\"inLanguage\":\"fr-FR\",\"@id\":\"https:\/\/www.jewelrystayone.com\/ru\/#\/schema\/person\/image\/\",\"url\":\"https:\/\/www.jewelrystayone.com\/wp-content\/uploads\/2025\/06\/\u5934\u50cflogo.jpg\",\"contentUrl\":\"https:\/\/www.jewelrystayone.com\/wp-content\/uploads\/2025\/06\/\u5934\u50cflogo.jpg\",\"width\":512,\"height\":512,\"caption\":\"stayone\"},\"logo\":{\"@id\":\"https:\/\/www.jewelrystayone.com\/ru\/#\/schema\/person\/image\/\"}}]}<\/script>\n<!-- \/ Yoast SEO plugin. -->","yoast_head_json":{"title":"Natural jade leaf pendant 925 jade Golden Branch and jade leaf inlaid leaf ice seed necklace - Jewelrystayone","robots":{"index":"index","follow":"follow","max-snippet":"max-snippet:-1","max-image-preview":"max-image-preview:large","max-video-preview":"max-video-preview:-1"},"canonical":"https:\/\/www.jewelrystayone.com\/fr\/produit\/natural-jade-leaf-pendant-925-jade-golden-branch-and-jade-leaf-inlaid-leaf-ice-seed-necklace\/","og_locale":"fr_FR","og_type":"article","og_title":"Natural jade leaf pendant 925 jade Golden Branch and jade leaf inlaid leaf ice seed necklace - Jewelrystayone","og_description":"Golden branches and jade leaves, noble and elegant, spreading branches and leaves, carry the meaning of flourishing and multiplying, achieving great success, and having a successful career. The image of jade leaves also represents grandeur and stability.","og_url":"https:\/\/www.jewelrystayone.com\/fr\/produit\/natural-jade-leaf-pendant-925-jade-golden-branch-and-jade-leaf-inlaid-leaf-ice-seed-necklace\/","og_site_name":"Jewelrystayone","article_modified_time":"2025-06-21T05:53:32+00:00","og_image":[{"width":800,"height":800,"url":"https:\/\/www.jewelrystayone.com\/wp-content\/uploads\/2025\/06\/1-7.jpg","type":"image\/jpeg"}],"twitter_card":"summary_large_image","twitter_misc":{"Dur\u00e9e de lecture estim\u00e9e":"1 minute"},"schema":{"@context":"https:\/\/schema.org","@graph":[{"@type":"WebPage","@id":"https:\/\/www.jewelrystayone.com\/product\/natural-jade-leaf-pendant-925-jade-golden-branch-and-jade-leaf-inlaid-leaf-ice-seed-necklace\/","url":"https:\/\/www.jewelrystayone.com\/product\/natural-jade-leaf-pendant-925-jade-golden-branch-and-jade-leaf-inlaid-leaf-ice-seed-necklace\/","name":"Natural jade leaf pendant 925 jade Golden Branch and jade leaf inlaid leaf ice seed necklace - Jewelrystayone","isPartOf":{"@id":"https:\/\/www.jewelrystayone.com\/ru\/#website"},"primaryImageOfPage":{"@id":"https:\/\/www.jewelrystayone.com\/product\/natural-jade-leaf-pendant-925-jade-golden-branch-and-jade-leaf-inlaid-leaf-ice-seed-necklace\/#primaryimage"},"image":{"@id":"https:\/\/www.jewelrystayone.com\/product\/natural-jade-leaf-pendant-925-jade-golden-branch-and-jade-leaf-inlaid-leaf-ice-seed-necklace\/#primaryimage"},"thumbnailUrl":"https:\/\/www.jewelrystayone.com\/wp-content\/uploads\/2025\/06\/1-7.jpg","datePublished":"2025-06-06T03:34:51+00:00","dateModified":"2025-06-21T05:53:32+00:00","breadcrumb":{"@id":"https:\/\/www.jewelrystayone.com\/product\/natural-jade-leaf-pendant-925-jade-golden-branch-and-jade-leaf-inlaid-leaf-ice-seed-necklace\/#breadcrumb"},"inLanguage":"fr-FR","potentialAction":[{"@type":"ReadAction","target":["https:\/\/www.jewelrystayone.com\/product\/natural-jade-leaf-pendant-925-jade-golden-branch-and-jade-leaf-inlaid-leaf-ice-seed-necklace\/"]}]},{"@type":"ImageObject","inLanguage":"fr-FR","@id":"https:\/\/www.jewelrystayone.com\/product\/natural-jade-leaf-pendant-925-jade-golden-branch-and-jade-leaf-inlaid-leaf-ice-seed-necklace\/#primaryimage","url":"https:\/\/www.jewelrystayone.com\/wp-content\/uploads\/2025\/06\/1-7.jpg","contentUrl":"https:\/\/www.jewelrystayone.com\/wp-content\/uploads\/2025\/06\/1-7.jpg","width":800,"height":800},{"@type":"BreadcrumbList","@id":"https:\/\/www.jewelrystayone.com\/product\/natural-jade-leaf-pendant-925-jade-golden-branch-and-jade-leaf-inlaid-leaf-ice-seed-necklace\/#breadcrumb","itemListElement":[{"@type":"ListItem","position":1,"name":"\u9996\u9875","item":"https:\/\/www.jewelrystayone.com\/fr\/"},{"@type":"ListItem","position":2,"name":"Shop","item":"https:\/\/www.jewelrystayone.com\/es\/shop\/"},{"@type":"ListItem","position":3,"name":"Natural jade leaf pendant 925 jade Golden Branch and jade leaf inlaid leaf ice seed necklace"}]},{"@type":"WebSite","@id":"https:\/\/www.jewelrystayone.com\/ru\/#website","url":"https:\/\/www.jewelrystayone.com\/ru\/","name":"Jewelrystayone","description":"","publisher":{"@id":"https:\/\/www.jewelrystayone.com\/ru\/#\/schema\/person\/01db54116eb815cce40511147c5b6f8a"},"potentialAction":[{"@type":"SearchAction","target":{"@type":"EntryPoint","urlTemplate":"https:\/\/www.jewelrystayone.com\/ru\/?s={search_term_string}"},"query-input":{"@type":"PropertyValueSpecification","valueRequired":true,"valueName":"search_term_string"}}],"inLanguage":"fr-FR"},{"@type":["Person","Organization"],"@id":"https:\/\/www.jewelrystayone.com\/ru\/#\/schema\/person\/01db54116eb815cce40511147c5b6f8a","name":"stayone","image":{"@type":"ImageObject","inLanguage":"fr-FR","@id":"https:\/\/www.jewelrystayone.com\/ru\/#\/schema\/person\/image\/","url":"https:\/\/www.jewelrystayone.com\/wp-content\/uploads\/2025\/06\/\u5934\u50cflogo.jpg","contentUrl":"https:\/\/www.jewelrystayone.com\/wp-content\/uploads\/2025\/06\/\u5934\u50cflogo.jpg","width":512,"height":512,"caption":"stayone"},"logo":{"@id":"https:\/\/www.jewelrystayone.com\/ru\/#\/schema\/person\/image\/"}}]}},"_links":{"self":[{"href":"https:\/\/www.jewelrystayone.com\/fr\/wp-json\/wp\/v2\/product\/1189","targetHints":{"allow":["GET"]}}],"collection":[{"href":"https:\/\/www.jewelrystayone.com\/fr\/wp-json\/wp\/v2\/product"}],"about":[{"href":"https:\/\/www.jewelrystayone.com\/fr\/wp-json\/wp\/v2\/types\/product"}],"wp:featuredmedia":[{"embeddable":true,"href":"https:\/\/www.jewelrystayone.com\/fr\/wp-json\/wp\/v2\/media\/1192"}],"wp:attachment":[{"href":"https:\/\/www.jewelrystayone.com\/fr\/wp-json\/wp\/v2\/media?parent=1189"}],"wp:term":[{"taxonomy":"product_cat","embeddable":true,"href":"https:\/\/www.jewelrystayone.com\/fr\/wp-json\/wp\/v2\/product_cat?post=1189"},{"taxonomy":"product_tag","embeddable":true,"href":"https:\/\/www.jewelrystayone.com\/fr\/wp-json\/wp\/v2\/product_tag?post=1189"}],"curies":[{"name":"wp","href":"https:\/\/api.w.org\/{rel}","templated":true}]}}